{"id":9014,"date":"2026-03-01T08:08:51","date_gmt":"2026-03-01T07:08:51","guid":{"rendered":"https:\/\/clusterdapizarra.com\/laboratorio\/"},"modified":"2026-04-11T21:58:00","modified_gmt":"2026-04-11T19:58:00","slug":"laboratorio","status":"publish","type":"page","link":"https:\/\/clusterdapizarra.com\/gl\/laboratorio\/","title":{"rendered":"Laboratorio"},"content":{"rendered":"<div class=\"wpb-content-wrapper\"><div style=\"\" class=\"vc_row wpb_row vc_row-fluid\"><div class=\"row-inner\"><div class=\"wpb_column vc_column_container vc_col-sm-12\"><div class=\"vc_column-inner\"><div class=\"wpb_wrapper\"><div class=\"vc_empty_space\"   style=\"height: 60px\"><span class=\"vc_empty_space_inner\"><\/span><\/div><\/div><\/div><\/div><\/div><\/div><div style=\"\" class=\"vc_row wpb_row vc_row-fluid\"><div class=\"row-inner\"><div class=\"wpb_column vc_column_container vc_col-sm-8\"><div class=\"vc_column-inner\"><div class=\"wpb_wrapper\"><h2 style=\"text-align: left\" class=\"vc_custom_heading vc_do_custom_heading\" >LABORATORIO<\/h2><div class=\"vc_empty_space\"   style=\"height: 10px\"><span class=\"vc_empty_space_inner\"><\/span><\/div>\n\t<div class=\"wpb_text_column wpb_content_element\" >\n\t\t<div class=\"wpb_wrapper\">\n\t\t\t<p>A necesidade de co\u00f1ecer as caracter\u00edsticas e prestaci\u00f3ns de cada produto v\u00e9n tam\u00e9n marcada pola saturaci\u00f3n dos mercados e a emerxencia de novos pa\u00edses competidores como China ou Brasil, ademais das esixentes normas medioambientais, algo que tam\u00e9n impulsou a aposta pola innovaci\u00f3n tecnol\u00f3xica.<\/p>\n<p>Coa vista posta nos retos e necesidades que se lle presentan ao sector da pizarra e da pedra natural, o Laboratorio presta os seguintes servizos especializados:<\/p>\n\n\t\t<\/div>\n\t<\/div>\n<div class=\"vc_empty_space\"   style=\"height: 20px\"><span class=\"vc_empty_space_inner\"><\/span><\/div><h2 style=\"text-align: left\" class=\"vc_custom_heading vc_do_custom_heading\" >ENSAIOS DE LABORATORIO<\/h2><div class=\"vc_empty_space\"   style=\"height: 20px\"><span class=\"vc_empty_space_inner\"><\/span><\/div><h4 style=\"text-align: left\" class=\"vc_custom_heading vc_do_custom_heading\" >ENSAIOS DE PIZARRA PARA TEITOS<\/h4><div class=\"vc_empty_space\"   style=\"height: 10px\"><span class=\"vc_empty_space_inner\"><\/span><\/div>\n\t<div class=\"wpb_text_column wpb_content_element\" >\n\t\t<div class=\"wpb_wrapper\">\n\t\t\t<p>Determinaci\u00f3n de lonxitude e anchura. UNE EN 12326-2:2012 Apdo. 5<\/p>\n<p>Determinaci\u00f3n da desviaci\u00f3n dos bordes respecto \u00e1 li\u00f1a recta. UNE EN 12326-2:2012 Apdo. 6<\/p>\n<p>Determinaci\u00f3n da rectangularidade das pizarras. UNE EN 12326-2:2012 Apdo. 7<\/p>\n<p>Determinaci\u00f3n do espesor de pizarras individuais. UNE EN 12326-2:2012 Apdo. 8<\/p>\n<p>Determinaci\u00f3n da desviaci\u00f3n da planeidade. UNE EN 12326-2:2012 Apdo. 9<\/p>\n<p>Determinaci\u00f3n do m\u00f3dulo de rotura e do m\u00f3dulo de rotura caracter\u00edstico. UNE EN 12326-2:2012 Apdo. 10. (<em>*<\/em>)<\/p>\n<p>Absorci\u00f3n de auga. UNE EN 12326-2:2012 Apdo. 11. (*)<\/p>\n<p>Xeo \/ Desxeo. UNE EN 12326-2:2012 Apdo. 12.<\/p>\n<p>Determinaci\u00f3n do contido de carbonato c\u00e1lcico e de carbono non carbonatado por descomposici\u00f3n t\u00e9rmica catal\u00edtica. UNE EN 12326-2:2012 Apdo. 13. (*)<\/p>\n<p>Exposici\u00f3n ao di\u00f3xido de xofre en pizarras cun contido de carbonato de calcio \u2264 20 % (en masa). UNE EN 12326-2:2012 Apdo. 14.1. (*)<\/p>\n<p>Ciclo t\u00e9rmico. UNE EN 12326-2:2012 Apdo. 15. (*)<\/p>\n<p>Exame petrogr\u00e1fico: macrosc\u00f3pico e mediante o estudo de l\u00e1mina delgada. UNE EN 12326-2:2012 Apdos. 16.6.1 e 16.6.2.1. Descrici\u00f3n macrosc\u00f3pica de 1 placa de pizarra e microsc\u00f3pica de tres l\u00e1minas delgadas.<\/p>\n<p>(*): Os ensaios marcados est\u00e1n inclu\u00eddos no alcance de acreditaci\u00f3n ENAC da Fundaci\u00f3n Centro Tecnol\u00f3xico da Pizarra.<\/p>\n\n\t\t<\/div>\n\t<\/div>\n<div class=\"vc_empty_space\"   style=\"height: 20px\"><span class=\"vc_empty_space_inner\"><\/span><\/div><h4 style=\"text-align: left\" class=\"vc_custom_heading vc_do_custom_heading\" >ENSAIOS DE PEDRA NATURAL<\/h4><div class=\"vc_empty_space\"   style=\"height: 10px\"><span class=\"vc_empty_space_inner\"><\/span><\/div>\n\t<div class=\"wpb_text_column wpb_content_element\" >\n\t\t<div class=\"wpb_wrapper\">\n\t\t\t<p>Densidade aparente e porosidade aberta. UNE EN 1936:2007.<\/p>\n<p>Absorci\u00f3n de auga a presi\u00f3n atmosf\u00e9rica. UNE EN 13755:2008.<\/p>\n<p>Absorci\u00f3n de auga por capilaridade. UNE EN 1925:1999.<\/p>\n<p>Resistencia ao deslizamento con p\u00e9ndulo de fricci\u00f3n. UNE EN 14231:2004.<\/p>\n<p>Enerx\u00eda de rotura por impacto. UNE EN 14158:2004.<\/p>\n<p>Resistencia ao envellecemento por choque t\u00e9rmico. UNE EN 14066:2014.<\/p>\n<p>Os ditos servizos contan con t\u00e9cnicos expertos para o asesoramento en materia de marcado CE e control de produci\u00f3n en f\u00e1brica, diagn\u00f3stico e avaliaci\u00f3n de patolox\u00edas, interpretaci\u00f3n de resultados de ensaios e adecuaci\u00f3n ao uso.<\/p>\n<p>Os informes de ensaio em\u00edtense en formato electr\u00f3nico e en diferentes idiomas para o cliente, seguindo a solicitude espec\u00edfica de cada un.<\/p>\n\n\t\t<\/div>\n\t<\/div>\n<\/div><\/div><\/div><div class=\"wpb_column vc_column_container vc_col-sm-4\"><div class=\"vc_column-inner\"><div class=\"wpb_wrapper\"><div class=\"vc_empty_space\"   style=\"height: 60px\"><span class=\"vc_empty_space_inner\"><\/span><\/div>\n\t<div  class=\"wpb_single_image wpb_content_element vc_align_left wpb_content_element\">\n\t\t\n\t\t<figure class=\"wpb_wrapper vc_figure\">\n\t\t\t<div class=\"vc_single_image-wrapper vc_box_shadow_3d  vc_box_border_grey\"><img loading=\"lazy\" decoding=\"async\" width=\"1200\" height=\"904\" src=\"https:\/\/clusterdapizarra.com\/wp-content\/uploads\/2025\/01\/Laboratorio-Cluster-1.jpg\" class=\"vc_single_image-img attachment-full\" alt=\"\" title=\"Laboratorio Cl\u00faster da Pizarra\" srcset=\"https:\/\/clusterdapizarra.com\/wp-content\/uploads\/2025\/01\/Laboratorio-Cluster-1.jpg 1200w, https:\/\/clusterdapizarra.com\/wp-content\/uploads\/2025\/01\/Laboratorio-Cluster-1-300x226.jpg 300w, https:\/\/clusterdapizarra.com\/wp-content\/uploads\/2025\/01\/Laboratorio-Cluster-1-1024x771.jpg 1024w, https:\/\/clusterdapizarra.com\/wp-content\/uploads\/2025\/01\/Laboratorio-Cluster-1-768x579.jpg 768w\" sizes=\"auto, (max-width: 1200px) 100vw, 1200px\" \/><\/div>\n\t\t<\/figure>\n\t<\/div>\n<div class=\"vc_empty_space\"   style=\"height: 30px\"><span class=\"vc_empty_space_inner\"><\/span><\/div>\n\t<div  class=\"wpb_single_image wpb_content_element vc_align_left wpb_content_element\">\n\t\t\n\t\t<figure class=\"wpb_wrapper vc_figure\">\n\t\t\t<div class=\"vc_single_image-wrapper vc_box_shadow_3d  vc_box_border_grey\"><img loading=\"lazy\" decoding=\"async\" width=\"1200\" height=\"904\" src=\"https:\/\/clusterdapizarra.com\/wp-content\/uploads\/2025\/01\/Laboratorio-Cluster-2.jpg\" class=\"vc_single_image-img attachment-full\" alt=\"\" title=\"Laboratorio Cl\u00faster da Pizarra\" srcset=\"https:\/\/clusterdapizarra.com\/wp-content\/uploads\/2025\/01\/Laboratorio-Cluster-2.jpg 1200w, https:\/\/clusterdapizarra.com\/wp-content\/uploads\/2025\/01\/Laboratorio-Cluster-2-300x226.jpg 300w, https:\/\/clusterdapizarra.com\/wp-content\/uploads\/2025\/01\/Laboratorio-Cluster-2-1024x771.jpg 1024w, https:\/\/clusterdapizarra.com\/wp-content\/uploads\/2025\/01\/Laboratorio-Cluster-2-768x579.jpg 768w\" sizes=\"auto, (max-width: 1200px) 100vw, 1200px\" \/><\/div>\n\t\t<\/figure>\n\t<\/div>\n<div class=\"vc_empty_space\"   style=\"height: 30px\"><span class=\"vc_empty_space_inner\"><\/span><\/div>\n\t<div  class=\"wpb_single_image wpb_content_element vc_align_left wpb_content_element\">\n\t\t\n\t\t<figure class=\"wpb_wrapper vc_figure\">\n\t\t\t<div class=\"vc_single_image-wrapper vc_box_shadow_3d  vc_box_border_grey\"><img loading=\"lazy\" decoding=\"async\" width=\"1200\" height=\"904\" src=\"https:\/\/clusterdapizarra.com\/wp-content\/uploads\/2025\/01\/Laboratorio-Cluster-3.jpg\" class=\"vc_single_image-img attachment-full\" alt=\"\" title=\"Laboratorio Cl\u00faster da Pizarra\" srcset=\"https:\/\/clusterdapizarra.com\/wp-content\/uploads\/2025\/01\/Laboratorio-Cluster-3.jpg 1200w, https:\/\/clusterdapizarra.com\/wp-content\/uploads\/2025\/01\/Laboratorio-Cluster-3-300x226.jpg 300w, https:\/\/clusterdapizarra.com\/wp-content\/uploads\/2025\/01\/Laboratorio-Cluster-3-1024x771.jpg 1024w, https:\/\/clusterdapizarra.com\/wp-content\/uploads\/2025\/01\/Laboratorio-Cluster-3-768x579.jpg 768w\" sizes=\"auto, (max-width: 1200px) 100vw, 1200px\" \/><\/div>\n\t\t<\/figure>\n\t<\/div>\n<\/div><\/div><\/div><\/div><\/div><div style=\"\" class=\"vc_row wpb_row vc_row-fluid\"><div class=\"row-inner\"><div class=\"wpb_column vc_column_container vc_col-sm-12\"><div class=\"vc_column-inner\"><div class=\"wpb_wrapper\"><div class=\"vc_row wpb_row vc_inner vc_row-fluid vc_column-gap-35\"><div class=\"wpb_column vc_column_container vc_col-sm-12\"><div class=\"vc_column-inner\"><div class=\"wpb_wrapper\"><\/div><\/div><\/div><\/div><div class=\"vc_row wpb_row vc_inner vc_row-fluid vc_column-gap-35\"><div class=\"wpb_column vc_column_container vc_col-sm-12\"><div class=\"vc_column-inner\"><div class=\"wpb_wrapper\"><div class=\"vc_empty_space\"   style=\"height: 20px\"><span class=\"vc_empty_space_inner\"><\/span><\/div><\/div><\/div><\/div><\/div><\/div><\/div><\/div><\/div><\/div>\n<\/div>","protected":false},"excerpt":{"rendered":"LABORATORIO A necesidade de co\u00f1ecer as caracter\u00edsticas e prestaci\u00f3ns de cada produto v\u00e9n tam\u00e9n marcada pola saturaci\u00f3n dos mercados e a emerxencia de novos pa\u00edses competidores como China ou Brasil, ademais das esixentes normas medioambientais, algo que tam\u00e9n impulsou a aposta pola innovaci\u00f3n tecnol\u00f3xica. Coa vista posta nos retos e necesidades que se lle presentan [...]","protected":false},"author":1,"featured_media":0,"parent":0,"menu_order":0,"comment_status":"closed","ping_status":"closed","template":"","meta":{"footnotes":""},"class_list":["post-9014","page","type-page","status-publish","hentry"],"yoast_head":"<!-- This site is optimized with the Yoast SEO plugin v27.5 - https:\/\/yoast.com\/product\/yoast-seo-wordpress\/ -->\n<title>Laboratorio de CalidadE da Pizarra | Ensayos y Certificaci\u00f3n CE<\/title>\n<meta name=\"description\" content=\"O noso laboratorio garante a calidade da lousa mediante rigorosas probas para a certificaci\u00f3n CE, o que garante un produto de m\u00e1xima fiabilidade.\" \/>\n<meta name=\"robots\" content=\"index, follow, max-snippet:-1, max-image-preview:large, max-video-preview:-1\" \/>\n<link rel=\"canonical\" href=\"https:\/\/clusterdapizarra.com\/gl\/laboratorio\/\" \/>\n<meta property=\"og:locale\" content=\"gl_ES\" \/>\n<meta property=\"og:type\" content=\"article\" \/>\n<meta property=\"og:title\" content=\"Laboratorio de CalidadE da Pizarra | Ensayos y Certificaci\u00f3n CE\" \/>\n<meta property=\"og:description\" content=\"O noso laboratorio garante a calidade da lousa mediante rigorosas probas para a certificaci\u00f3n CE, o que garante un produto de m\u00e1xima fiabilidade.\" \/>\n<meta property=\"og:url\" content=\"https:\/\/clusterdapizarra.com\/gl\/laboratorio\/\" \/>\n<meta property=\"og:site_name\" content=\"Cluster da Pizarra de Galicia\" \/>\n<meta property=\"article:publisher\" content=\"https:\/\/www.facebook.com\/clusterdapizarra\" \/>\n<meta property=\"article:modified_time\" content=\"2026-04-11T19:58:00+00:00\" \/>\n<meta name=\"twitter:card\" content=\"summary_large_image\" \/>\n<meta name=\"twitter:site\" content=\"@clusterpizarra\" \/>\n<script type=\"application\/ld+json\" class=\"yoast-schema-graph\">{\"@context\":\"https:\\\/\\\/schema.org\",\"@graph\":[{\"@type\":\"WebPage\",\"@id\":\"https:\\\/\\\/clusterdapizarra.com\\\/gl\\\/laboratorio\\\/\",\"url\":\"https:\\\/\\\/clusterdapizarra.com\\\/gl\\\/laboratorio\\\/\",\"name\":\"Laboratorio de CalidadE da Pizarra | Ensayos y Certificaci\u00f3n CE\",\"isPartOf\":{\"@id\":\"https:\\\/\\\/clusterdapizarra.com\\\/#website\"},\"datePublished\":\"2026-03-01T07:08:51+00:00\",\"dateModified\":\"2026-04-11T19:58:00+00:00\",\"description\":\"O noso laboratorio garante a calidade da lousa mediante rigorosas probas para a certificaci\u00f3n CE, o que garante un produto de m\u00e1xima fiabilidade.\",\"breadcrumb\":{\"@id\":\"https:\\\/\\\/clusterdapizarra.com\\\/gl\\\/laboratorio\\\/#breadcrumb\"},\"inLanguage\":\"gl-ES\",\"potentialAction\":[{\"@type\":\"ReadAction\",\"target\":[\"https:\\\/\\\/clusterdapizarra.com\\\/gl\\\/laboratorio\\\/\"]}]},{\"@type\":\"BreadcrumbList\",\"@id\":\"https:\\\/\\\/clusterdapizarra.com\\\/gl\\\/laboratorio\\\/#breadcrumb\",\"itemListElement\":[{\"@type\":\"ListItem\",\"position\":1,\"name\":\"Portada\",\"item\":\"https:\\\/\\\/clusterdapizarra.com\\\/gl\\\/\"},{\"@type\":\"ListItem\",\"position\":2,\"name\":\"Laboratorio\"}]},{\"@type\":\"WebSite\",\"@id\":\"https:\\\/\\\/clusterdapizarra.com\\\/#website\",\"url\":\"https:\\\/\\\/clusterdapizarra.com\\\/\",\"name\":\"Cl\u00faster da Pizarra de Galicia\",\"description\":\"Los objetivos del Cl\u00faster da Pizarra buscan la promoci\u00f3n de la pizarra gallega en el mercado actual, respondiendo a las nuevas necesidades del sector.\",\"publisher\":{\"@id\":\"https:\\\/\\\/clusterdapizarra.com\\\/#organization\"},\"potentialAction\":[{\"@type\":\"SearchAction\",\"target\":{\"@type\":\"EntryPoint\",\"urlTemplate\":\"https:\\\/\\\/clusterdapizarra.com\\\/?s={search_term_string}\"},\"query-input\":{\"@type\":\"PropertyValueSpecification\",\"valueRequired\":true,\"valueName\":\"search_term_string\"}}],\"inLanguage\":\"gl-ES\"},{\"@type\":\"Organization\",\"@id\":\"https:\\\/\\\/clusterdapizarra.com\\\/#organization\",\"name\":\"Cl\u00faster da Pizarra de Galicia\",\"url\":\"https:\\\/\\\/clusterdapizarra.com\\\/\",\"logo\":{\"@type\":\"ImageObject\",\"inLanguage\":\"gl-ES\",\"@id\":\"https:\\\/\\\/clusterdapizarra.com\\\/#\\\/schema\\\/logo\\\/image\\\/\",\"url\":\"https:\\\/\\\/clusterdapizarra.com\\\/wp-content\\\/uploads\\\/2024\\\/10\\\/logo@2x.png\",\"contentUrl\":\"https:\\\/\\\/clusterdapizarra.com\\\/wp-content\\\/uploads\\\/2024\\\/10\\\/logo@2x.png\",\"width\":430,\"height\":134,\"caption\":\"Cl\u00faster da Pizarra de Galicia\"},\"image\":{\"@id\":\"https:\\\/\\\/clusterdapizarra.com\\\/#\\\/schema\\\/logo\\\/image\\\/\"},\"sameAs\":[\"https:\\\/\\\/www.facebook.com\\\/clusterdapizarra\",\"https:\\\/\\\/x.com\\\/clusterpizarra\",\"https:\\\/\\\/www.linkedin.com\\\/company\\\/clster-de-la-pizarra-de-galicia\\\/\"]}]}<\/script>\n<!-- \/ Yoast SEO plugin. -->","yoast_head_json":{"title":"Laboratorio de CalidadE da Pizarra | Ensayos y Certificaci\u00f3n CE","description":"O noso laboratorio garante a calidade da lousa mediante rigorosas probas para a certificaci\u00f3n CE, o que garante un produto de m\u00e1xima fiabilidade.","robots":{"index":"index","follow":"follow","max-snippet":"max-snippet:-1","max-image-preview":"max-image-preview:large","max-video-preview":"max-video-preview:-1"},"canonical":"https:\/\/clusterdapizarra.com\/gl\/laboratorio\/","og_locale":"gl_ES","og_type":"article","og_title":"Laboratorio de CalidadE da Pizarra | Ensayos y Certificaci\u00f3n CE","og_description":"O noso laboratorio garante a calidade da lousa mediante rigorosas probas para a certificaci\u00f3n CE, o que garante un produto de m\u00e1xima fiabilidade.","og_url":"https:\/\/clusterdapizarra.com\/gl\/laboratorio\/","og_site_name":"Cluster da Pizarra de Galicia","article_publisher":"https:\/\/www.facebook.com\/clusterdapizarra","article_modified_time":"2026-04-11T19:58:00+00:00","twitter_card":"summary_large_image","twitter_site":"@clusterpizarra","schema":{"@context":"https:\/\/schema.org","@graph":[{"@type":"WebPage","@id":"https:\/\/clusterdapizarra.com\/gl\/laboratorio\/","url":"https:\/\/clusterdapizarra.com\/gl\/laboratorio\/","name":"Laboratorio de CalidadE da Pizarra | Ensayos y Certificaci\u00f3n CE","isPartOf":{"@id":"https:\/\/clusterdapizarra.com\/#website"},"datePublished":"2026-03-01T07:08:51+00:00","dateModified":"2026-04-11T19:58:00+00:00","description":"O noso laboratorio garante a calidade da lousa mediante rigorosas probas para a certificaci\u00f3n CE, o que garante un produto de m\u00e1xima fiabilidade.","breadcrumb":{"@id":"https:\/\/clusterdapizarra.com\/gl\/laboratorio\/#breadcrumb"},"inLanguage":"gl-ES","potentialAction":[{"@type":"ReadAction","target":["https:\/\/clusterdapizarra.com\/gl\/laboratorio\/"]}]},{"@type":"BreadcrumbList","@id":"https:\/\/clusterdapizarra.com\/gl\/laboratorio\/#breadcrumb","itemListElement":[{"@type":"ListItem","position":1,"name":"Portada","item":"https:\/\/clusterdapizarra.com\/gl\/"},{"@type":"ListItem","position":2,"name":"Laboratorio"}]},{"@type":"WebSite","@id":"https:\/\/clusterdapizarra.com\/#website","url":"https:\/\/clusterdapizarra.com\/","name":"Cl\u00faster da Pizarra de Galicia","description":"Los objetivos del Cl\u00faster da Pizarra buscan la promoci\u00f3n de la pizarra gallega en el mercado actual, respondiendo a las nuevas necesidades del sector.","publisher":{"@id":"https:\/\/clusterdapizarra.com\/#organization"},"potentialAction":[{"@type":"SearchAction","target":{"@type":"EntryPoint","urlTemplate":"https:\/\/clusterdapizarra.com\/?s={search_term_string}"},"query-input":{"@type":"PropertyValueSpecification","valueRequired":true,"valueName":"search_term_string"}}],"inLanguage":"gl-ES"},{"@type":"Organization","@id":"https:\/\/clusterdapizarra.com\/#organization","name":"Cl\u00faster da Pizarra de Galicia","url":"https:\/\/clusterdapizarra.com\/","logo":{"@type":"ImageObject","inLanguage":"gl-ES","@id":"https:\/\/clusterdapizarra.com\/#\/schema\/logo\/image\/","url":"https:\/\/clusterdapizarra.com\/wp-content\/uploads\/2024\/10\/logo@2x.png","contentUrl":"https:\/\/clusterdapizarra.com\/wp-content\/uploads\/2024\/10\/logo@2x.png","width":430,"height":134,"caption":"Cl\u00faster da Pizarra de Galicia"},"image":{"@id":"https:\/\/clusterdapizarra.com\/#\/schema\/logo\/image\/"},"sameAs":["https:\/\/www.facebook.com\/clusterdapizarra","https:\/\/x.com\/clusterpizarra","https:\/\/www.linkedin.com\/company\/clster-de-la-pizarra-de-galicia\/"]}]}},"_links":{"self":[{"href":"https:\/\/clusterdapizarra.com\/gl\/wp-json\/wp\/v2\/pages\/9014","targetHints":{"allow":["GET"]}}],"collection":[{"href":"https:\/\/clusterdapizarra.com\/gl\/wp-json\/wp\/v2\/pages"}],"about":[{"href":"https:\/\/clusterdapizarra.com\/gl\/wp-json\/wp\/v2\/types\/page"}],"author":[{"embeddable":true,"href":"https:\/\/clusterdapizarra.com\/gl\/wp-json\/wp\/v2\/users\/1"}],"replies":[{"embeddable":true,"href":"https:\/\/clusterdapizarra.com\/gl\/wp-json\/wp\/v2\/comments?post=9014"}],"version-history":[{"count":0,"href":"https:\/\/clusterdapizarra.com\/gl\/wp-json\/wp\/v2\/pages\/9014\/revisions"}],"wp:attachment":[{"href":"https:\/\/clusterdapizarra.com\/gl\/wp-json\/wp\/v2\/media?parent=9014"}],"curies":[{"name":"wp","href":"https:\/\/api.w.org\/{rel}","templated":true}]}}