{"id":8982,"date":"2025-07-30T11:26:49","date_gmt":"2025-07-30T09:26:49","guid":{"rendered":"https:\/\/clusterdapizarra.com\/pizarras-universal\/"},"modified":"2026-04-11T21:26:50","modified_gmt":"2026-04-11T19:26:50","slug":"pizarras-universal","status":"publish","type":"page","link":"https:\/\/clusterdapizarra.com\/gl\/empresas-asociadas-cluster-da-pizarra\/pizarras-universal\/","title":{"rendered":"PIZARRAS UNIVERSAL"},"content":{"rendered":"<div class=\"wpb-content-wrapper\"><div style=\"\" class=\"vc_row wpb_row vc_row-fluid\"><div class=\"row-inner\"><div class=\"wpb_column vc_column_container vc_col-sm-12\"><div class=\"vc_column-inner\"><div class=\"wpb_wrapper\">\n\t<div  class=\"wpb_single_image wpb_content_element vc_align_center wpb_content_element\">\n\t\t\n\t\t<figure class=\"wpb_wrapper vc_figure\">\n\t\t\t<div class=\"vc_single_image-wrapper   vc_box_border_grey\"><img loading=\"lazy\" decoding=\"async\" width=\"240\" height=\"160\" src=\"https:\/\/clusterdapizarra.com\/wp-content\/uploads\/2025\/07\/Pizarrass-Universal.jpg\" class=\"vc_single_image-img attachment-full\" alt=\"\" title=\"Pizarrass-Universal\" srcset=\"https:\/\/clusterdapizarra.com\/wp-content\/uploads\/2025\/07\/Pizarrass-Universal.jpg 240w, https:\/\/clusterdapizarra.com\/wp-content\/uploads\/2025\/07\/Pizarrass-Universal-18x12.jpg 18w\" sizes=\"auto, (max-width: 240px) 100vw, 240px\" \/><\/div>\n\t\t<\/figure>\n\t<\/div>\n\n\t<div class=\"wpb_text_column wpb_content_element\" >\n\t\t<div class=\"wpb_wrapper\">\n\t\t\t<p style=\"text-align: center;\"><strong>PIZARRAS UNIVERSAL<\/strong><\/p>\n<p style=\"text-align: center;\">Lugar Breto\u00f1a, s\/n, 27286 Pastoriza, Lugo<br \/>\nTel. 987463639<\/p>\n<p style=\"text-align: center;\">b.fidalgo@pizarrasuniversal.com<\/p>\n\n\t\t<\/div>\n\t<\/div>\n<div class=\"vc_row wpb_row vc_inner vc_row-fluid\"><div class=\"wpb_column vc_column_container vc_col-sm-12\"><div class=\"vc_column-inner\"><div class=\"wpb_wrapper\"><div class=\"vc_empty_space\"   style=\"height: 70px\"><span class=\"vc_empty_space_inner\"><\/span><\/div><div class=\"vc_btn3-container vc_btn3-center vc_do_btn\" ><a class=\"vc_general vc_btn3 vc_btn3-size-lg vc_btn3-shape-rounded vc_btn3-style-modern vc_btn3-icon-left vc_btn3-color-inverse\" href=\"https:\/\/clusterdapizarra.com\/gl\/empresas-asociadas-cluster-da-pizarra\/\" title=\"\"><i class=\"vc_btn3-icon fa fa-solid fa-arrow-rotate-left\"><\/i> VOLVER \u00c1 LISTA DE EMPRESAS ASOCIADAS<\/a><\/div><\/div><\/div><\/div><\/div><\/div><\/div><\/div><\/div><\/div>\n<\/div>","protected":false},"excerpt":{"rendered":"PIZARRAS UNIVERSAL Lugar Breto\u00f1a, s\/n, 27286 Pastoriza, Lugo Tel. 987463639 b.fidalgo@pizarrasuniversal.com VOLVER \u00c1 LISTA DE EMPRESAS ASOCIADAS","protected":false},"author":1,"featured_media":0,"parent":8973,"menu_order":0,"comment_status":"closed","ping_status":"closed","template":"","meta":{"footnotes":""},"class_list":["post-8982","page","type-page","status-publish","hentry"],"yoast_head":"<!-- This site is optimized with the Yoast SEO plugin v27.3 - https:\/\/yoast.com\/product\/yoast-seo-wordpress\/ -->\n<title>PIZARRAS UNIVERSAL<\/title>\n<meta name=\"robots\" content=\"noindex, nofollow\" \/>\n<meta property=\"og:locale\" content=\"gl_ES\" \/>\n<meta property=\"og:type\" content=\"article\" \/>\n<meta property=\"og:title\" content=\"PIZARRAS UNIVERSAL\" \/>\n<meta property=\"og:url\" content=\"https:\/\/clusterdapizarra.com\/gl\/empresas-asociadas-cluster-da-pizarra\/pizarras-universal\/\" \/>\n<meta property=\"og:site_name\" content=\"Cluster da Pizarra de Galicia\" \/>\n<meta property=\"article:publisher\" content=\"https:\/\/www.facebook.com\/clusterdapizarra\" \/>\n<meta property=\"article:modified_time\" content=\"2026-04-11T19:26:50+00:00\" \/>\n<meta name=\"twitter:card\" content=\"summary_large_image\" \/>\n<meta name=\"twitter:site\" content=\"@clusterpizarra\" \/>\n<script type=\"application\/ld+json\" class=\"yoast-schema-graph\">{\"@context\":\"https:\\\/\\\/schema.org\",\"@graph\":[{\"@type\":\"WebPage\",\"@id\":\"https:\\\/\\\/clusterdapizarra.com\\\/gl\\\/empresas-asociadas-cluster-da-pizarra\\\/pizarras-universal\\\/\",\"url\":\"https:\\\/\\\/clusterdapizarra.com\\\/gl\\\/empresas-asociadas-cluster-da-pizarra\\\/pizarras-universal\\\/\",\"name\":\"PIZARRAS UNIVERSAL\",\"isPartOf\":{\"@id\":\"https:\\\/\\\/clusterdapizarra.com\\\/#website\"},\"datePublished\":\"2025-07-30T09:26:49+00:00\",\"dateModified\":\"2026-04-11T19:26:50+00:00\",\"breadcrumb\":{\"@id\":\"https:\\\/\\\/clusterdapizarra.com\\\/gl\\\/empresas-asociadas-cluster-da-pizarra\\\/pizarras-universal\\\/#breadcrumb\"},\"inLanguage\":\"gl-ES\",\"potentialAction\":[{\"@type\":\"ReadAction\",\"target\":[\"https:\\\/\\\/clusterdapizarra.com\\\/gl\\\/empresas-asociadas-cluster-da-pizarra\\\/pizarras-universal\\\/\"]}]},{\"@type\":\"BreadcrumbList\",\"@id\":\"https:\\\/\\\/clusterdapizarra.com\\\/gl\\\/empresas-asociadas-cluster-da-pizarra\\\/pizarras-universal\\\/#breadcrumb\",\"itemListElement\":[{\"@type\":\"ListItem\",\"position\":1,\"name\":\"Portada\",\"item\":\"https:\\\/\\\/clusterdapizarra.com\\\/gl\\\/\"},{\"@type\":\"ListItem\",\"position\":2,\"name\":\"Empresas Asociadas Cl\u00faster da Pizarra\",\"item\":\"https:\\\/\\\/clusterdapizarra.com\\\/gl\\\/empresas-asociadas-cluster-da-pizarra\\\/\"},{\"@type\":\"ListItem\",\"position\":3,\"name\":\"PIZARRAS UNIVERSAL\"}]},{\"@type\":\"WebSite\",\"@id\":\"https:\\\/\\\/clusterdapizarra.com\\\/#website\",\"url\":\"https:\\\/\\\/clusterdapizarra.com\\\/\",\"name\":\"Cl\u00faster da Pizarra de Galicia\",\"description\":\"Los objetivos del Cl\u00faster da Pizarra buscan la promoci\u00f3n de la pizarra gallega en el mercado actual, respondiendo a las nuevas necesidades del sector.\",\"publisher\":{\"@id\":\"https:\\\/\\\/clusterdapizarra.com\\\/#organization\"},\"potentialAction\":[{\"@type\":\"SearchAction\",\"target\":{\"@type\":\"EntryPoint\",\"urlTemplate\":\"https:\\\/\\\/clusterdapizarra.com\\\/?s={search_term_string}\"},\"query-input\":{\"@type\":\"PropertyValueSpecification\",\"valueRequired\":true,\"valueName\":\"search_term_string\"}}],\"inLanguage\":\"gl-ES\"},{\"@type\":\"Organization\",\"@id\":\"https:\\\/\\\/clusterdapizarra.com\\\/#organization\",\"name\":\"Cl\u00faster da Pizarra de Galicia\",\"url\":\"https:\\\/\\\/clusterdapizarra.com\\\/\",\"logo\":{\"@type\":\"ImageObject\",\"inLanguage\":\"gl-ES\",\"@id\":\"https:\\\/\\\/clusterdapizarra.com\\\/#\\\/schema\\\/logo\\\/image\\\/\",\"url\":\"https:\\\/\\\/clusterdapizarra.com\\\/wp-content\\\/uploads\\\/2024\\\/10\\\/logo@2x.png\",\"contentUrl\":\"https:\\\/\\\/clusterdapizarra.com\\\/wp-content\\\/uploads\\\/2024\\\/10\\\/logo@2x.png\",\"width\":430,\"height\":134,\"caption\":\"Cl\u00faster da Pizarra de Galicia\"},\"image\":{\"@id\":\"https:\\\/\\\/clusterdapizarra.com\\\/#\\\/schema\\\/logo\\\/image\\\/\"},\"sameAs\":[\"https:\\\/\\\/www.facebook.com\\\/clusterdapizarra\",\"https:\\\/\\\/x.com\\\/clusterpizarra\",\"https:\\\/\\\/www.linkedin.com\\\/company\\\/clster-de-la-pizarra-de-galicia\\\/\"]}]}<\/script>\n<!-- \/ Yoast SEO plugin. -->","yoast_head_json":{"title":"PIZARRAS UNIVERSAL","robots":{"index":"noindex","follow":"nofollow"},"og_locale":"gl_ES","og_type":"article","og_title":"PIZARRAS UNIVERSAL","og_url":"https:\/\/clusterdapizarra.com\/gl\/empresas-asociadas-cluster-da-pizarra\/pizarras-universal\/","og_site_name":"Cluster da Pizarra de Galicia","article_publisher":"https:\/\/www.facebook.com\/clusterdapizarra","article_modified_time":"2026-04-11T19:26:50+00:00","twitter_card":"summary_large_image","twitter_site":"@clusterpizarra","schema":{"@context":"https:\/\/schema.org","@graph":[{"@type":"WebPage","@id":"https:\/\/clusterdapizarra.com\/gl\/empresas-asociadas-cluster-da-pizarra\/pizarras-universal\/","url":"https:\/\/clusterdapizarra.com\/gl\/empresas-asociadas-cluster-da-pizarra\/pizarras-universal\/","name":"PIZARRAS UNIVERSAL","isPartOf":{"@id":"https:\/\/clusterdapizarra.com\/#website"},"datePublished":"2025-07-30T09:26:49+00:00","dateModified":"2026-04-11T19:26:50+00:00","breadcrumb":{"@id":"https:\/\/clusterdapizarra.com\/gl\/empresas-asociadas-cluster-da-pizarra\/pizarras-universal\/#breadcrumb"},"inLanguage":"gl-ES","potentialAction":[{"@type":"ReadAction","target":["https:\/\/clusterdapizarra.com\/gl\/empresas-asociadas-cluster-da-pizarra\/pizarras-universal\/"]}]},{"@type":"BreadcrumbList","@id":"https:\/\/clusterdapizarra.com\/gl\/empresas-asociadas-cluster-da-pizarra\/pizarras-universal\/#breadcrumb","itemListElement":[{"@type":"ListItem","position":1,"name":"Portada","item":"https:\/\/clusterdapizarra.com\/gl\/"},{"@type":"ListItem","position":2,"name":"Empresas Asociadas Cl\u00faster da Pizarra","item":"https:\/\/clusterdapizarra.com\/gl\/empresas-asociadas-cluster-da-pizarra\/"},{"@type":"ListItem","position":3,"name":"PIZARRAS UNIVERSAL"}]},{"@type":"WebSite","@id":"https:\/\/clusterdapizarra.com\/#website","url":"https:\/\/clusterdapizarra.com\/","name":"Cl\u00faster da Pizarra de Galicia","description":"Los objetivos del Cl\u00faster da Pizarra buscan la promoci\u00f3n de la pizarra gallega en el mercado actual, respondiendo a las nuevas necesidades del sector.","publisher":{"@id":"https:\/\/clusterdapizarra.com\/#organization"},"potentialAction":[{"@type":"SearchAction","target":{"@type":"EntryPoint","urlTemplate":"https:\/\/clusterdapizarra.com\/?s={search_term_string}"},"query-input":{"@type":"PropertyValueSpecification","valueRequired":true,"valueName":"search_term_string"}}],"inLanguage":"gl-ES"},{"@type":"Organization","@id":"https:\/\/clusterdapizarra.com\/#organization","name":"Cl\u00faster da Pizarra de Galicia","url":"https:\/\/clusterdapizarra.com\/","logo":{"@type":"ImageObject","inLanguage":"gl-ES","@id":"https:\/\/clusterdapizarra.com\/#\/schema\/logo\/image\/","url":"https:\/\/clusterdapizarra.com\/wp-content\/uploads\/2024\/10\/logo@2x.png","contentUrl":"https:\/\/clusterdapizarra.com\/wp-content\/uploads\/2024\/10\/logo@2x.png","width":430,"height":134,"caption":"Cl\u00faster da Pizarra de Galicia"},"image":{"@id":"https:\/\/clusterdapizarra.com\/#\/schema\/logo\/image\/"},"sameAs":["https:\/\/www.facebook.com\/clusterdapizarra","https:\/\/x.com\/clusterpizarra","https:\/\/www.linkedin.com\/company\/clster-de-la-pizarra-de-galicia\/"]}]}},"_links":{"self":[{"href":"https:\/\/clusterdapizarra.com\/gl\/wp-json\/wp\/v2\/pages\/8982","targetHints":{"allow":["GET"]}}],"collection":[{"href":"https:\/\/clusterdapizarra.com\/gl\/wp-json\/wp\/v2\/pages"}],"about":[{"href":"https:\/\/clusterdapizarra.com\/gl\/wp-json\/wp\/v2\/types\/page"}],"author":[{"embeddable":true,"href":"https:\/\/clusterdapizarra.com\/gl\/wp-json\/wp\/v2\/users\/1"}],"replies":[{"embeddable":true,"href":"https:\/\/clusterdapizarra.com\/gl\/wp-json\/wp\/v2\/comments?post=8982"}],"version-history":[{"count":0,"href":"https:\/\/clusterdapizarra.com\/gl\/wp-json\/wp\/v2\/pages\/8982\/revisions"}],"up":[{"embeddable":true,"href":"https:\/\/clusterdapizarra.com\/gl\/wp-json\/wp\/v2\/pages\/8973"}],"wp:attachment":[{"href":"https:\/\/clusterdapizarra.com\/gl\/wp-json\/wp\/v2\/media?parent=8982"}],"curies":[{"name":"wp","href":"https:\/\/api.w.org\/{rel}","templated":true}]}}