{"id":8973,"date":"2025-07-18T14:56:37","date_gmt":"2025-07-18T12:56:37","guid":{"rendered":"https:\/\/clusterdapizarra.com\/empresas-asociadas-cluster-da-pizarra\/"},"modified":"2026-04-11T21:27:20","modified_gmt":"2026-04-11T19:27:20","slug":"empresas-asociadas-cluster-da-pizarra","status":"publish","type":"page","link":"https:\/\/clusterdapizarra.com\/gl\/empresas-asociadas-cluster-da-pizarra\/","title":{"rendered":"Empresas Asociadas Cl\u00faster da Pizarra"},"content":{"rendered":"<div class=\"wpb-content-wrapper\"><div style=\"\" class=\"vc_row wpb_row vc_row-fluid\"><div class=\"row-inner\"><div class=\"wpb_column vc_column_container vc_col-sm-12\"><div class=\"vc_column-inner\"><div class=\"wpb_wrapper\"><\/div><\/div><\/div><\/div><\/div><div style=\"\" class=\"vc_row wpb_row vc_row-fluid vc_column-gap-35 vc_row-o-content-middle vc_row-flex lvca-dark-bg\"><div class=\"row-inner\"><div class=\"wpb_column vc_column_container vc_col-sm-3\"><div class=\"vc_column-inner\"><div class=\"wpb_wrapper\">\n\t<div  class=\"wpb_single_image wpb_content_element vc_align_center wpb_content_element\">\n\t\t\n\t\t<figure class=\"wpb_wrapper vc_figure\">\n\t\t\t<a href=\"https:\/\/clusterdapizarra.com\/gl\/empresas-asociadas-cluster-da-pizarra\/cupa-pizarras\/\" target=\"_self\" class=\"vc_single_image-wrapper   vc_box_border_grey\"><img loading=\"lazy\" decoding=\"async\" width=\"480\" height=\"320\" src=\"https:\/\/clusterdapizarra.com\/wp-content\/uploads\/2025\/06\/Cupa-pizarras.png\" class=\"vc_single_image-img attachment-full\" alt=\"\" title=\"Cupa-pizarras\" srcset=\"https:\/\/clusterdapizarra.com\/wp-content\/uploads\/2025\/06\/Cupa-pizarras.png 480w, https:\/\/clusterdapizarra.com\/wp-content\/uploads\/2025\/06\/Cupa-pizarras-300x200.png 300w, https:\/\/clusterdapizarra.com\/wp-content\/uploads\/2025\/06\/Cupa-pizarras-18x12.png 18w\" sizes=\"auto, (max-width: 480px) 100vw, 480px\" \/><\/a>\n\t\t<\/figure>\n\t<\/div>\n<div class=\"vc_empty_space\"   style=\"height: 150px\"><span class=\"vc_empty_space_inner\"><\/span><\/div><\/div><\/div><\/div><div class=\"wpb_column vc_column_container vc_col-sm-3\"><div class=\"vc_column-inner\"><div class=\"wpb_wrapper\">\n\t<div  class=\"wpb_single_image wpb_content_element vc_align_left wpb_content_element\">\n\t\t\n\t\t<figure class=\"wpb_wrapper vc_figure\">\n\t\t\t<a href=\"https:\/\/clusterdapizarra.com\/gl\/empresas-asociadas-cluster-da-pizarra\/cufica\/\" target=\"_self\" class=\"vc_single_image-wrapper   vc_box_border_grey\"><img loading=\"lazy\" decoding=\"async\" width=\"480\" height=\"320\" src=\"https:\/\/clusterdapizarra.com\/wp-content\/uploads\/2025\/06\/Cufica.png\" class=\"vc_single_image-img attachment-full\" alt=\"\" title=\"Cufica\" srcset=\"https:\/\/clusterdapizarra.com\/wp-content\/uploads\/2025\/06\/Cufica.png 480w, https:\/\/clusterdapizarra.com\/wp-content\/uploads\/2025\/06\/Cufica-300x200.png 300w, https:\/\/clusterdapizarra.com\/wp-content\/uploads\/2025\/06\/Cufica-18x12.png 18w\" sizes=\"auto, (max-width: 480px) 100vw, 480px\" \/><\/a>\n\t\t<\/figure>\n\t<\/div>\n<div class=\"vc_empty_space\"   style=\"height: 150px\"><span class=\"vc_empty_space_inner\"><\/span><\/div><\/div><\/div><\/div><div class=\"wpb_column vc_column_container vc_col-sm-3\"><div class=\"vc_column-inner\"><div class=\"wpb_wrapper\">\n\t<div  class=\"wpb_single_image wpb_content_element vc_align_left wpb_content_element\">\n\t\t\n\t\t<figure class=\"wpb_wrapper vc_figure\">\n\t\t\t<a href=\"https:\/\/clusterdapizarra.com\/gl\/empresas-asociadas-cluster-da-pizarra\/saint-gobain-placo-iberica-cada\/\" target=\"_self\" class=\"vc_single_image-wrapper   vc_box_border_grey\"><img loading=\"lazy\" decoding=\"async\" width=\"480\" height=\"320\" src=\"https:\/\/clusterdapizarra.com\/wp-content\/uploads\/2025\/06\/CADA.png\" class=\"vc_single_image-img attachment-full\" alt=\"\" title=\"CADA\" srcset=\"https:\/\/clusterdapizarra.com\/wp-content\/uploads\/2025\/06\/CADA.png 480w, https:\/\/clusterdapizarra.com\/wp-content\/uploads\/2025\/06\/CADA-300x200.png 300w, https:\/\/clusterdapizarra.com\/wp-content\/uploads\/2025\/06\/CADA-18x12.png 18w\" sizes=\"auto, (max-width: 480px) 100vw, 480px\" \/><\/a>\n\t\t<\/figure>\n\t<\/div>\n<div class=\"vc_empty_space\"   style=\"height: 150px\"><span class=\"vc_empty_space_inner\"><\/span><\/div><\/div><\/div><\/div><div class=\"wpb_column vc_column_container vc_col-sm-3\"><div class=\"vc_column-inner\"><div class=\"wpb_wrapper\">\n\t<div  class=\"wpb_single_image wpb_content_element vc_align_left wpb_content_element\">\n\t\t\n\t\t<figure class=\"wpb_wrapper vc_figure\">\n\t\t\t<a href=\"https:\/\/clusterdapizarra.com\/gl\/empresas-asociadas-cluster-da-pizarra\/pizarras-los-tres-cunados-k08\/\" target=\"_self\" class=\"vc_single_image-wrapper   vc_box_border_grey\"><img loading=\"lazy\" decoding=\"async\" width=\"480\" height=\"320\" src=\"https:\/\/clusterdapizarra.com\/wp-content\/uploads\/2025\/06\/k08-pizarras.png\" class=\"vc_single_image-img attachment-full\" alt=\"\" title=\"k08-pizarras\" srcset=\"https:\/\/clusterdapizarra.com\/wp-content\/uploads\/2025\/06\/k08-pizarras.png 480w, https:\/\/clusterdapizarra.com\/wp-content\/uploads\/2025\/06\/k08-pizarras-300x200.png 300w, https:\/\/clusterdapizarra.com\/wp-content\/uploads\/2025\/06\/k08-pizarras-18x12.png 18w\" sizes=\"auto, (max-width: 480px) 100vw, 480px\" \/><\/a>\n\t\t<\/figure>\n\t<\/div>\n<div class=\"vc_empty_space\"   style=\"height: 150px\"><span class=\"vc_empty_space_inner\"><\/span><\/div><\/div><\/div><\/div><\/div><\/div><div style=\"\" class=\"vc_row wpb_row vc_row-fluid vc_column-gap-35\"><div class=\"row-inner\"><div class=\"wpb_column vc_column_container vc_col-sm-3\"><div class=\"vc_column-inner\"><div class=\"wpb_wrapper\">\n\t<div  class=\"wpb_single_image wpb_content_element vc_align_left wpb_content_element\">\n\t\t\n\t\t<figure class=\"wpb_wrapper vc_figure\">\n\t\t\t<a href=\"https:\/\/clusterdapizarra.com\/gl\/empresas-asociadas-cluster-da-pizarra\/pizarras-ortegal-slu\/\" target=\"_self\" class=\"vc_single_image-wrapper   vc_box_border_grey\"><img loading=\"lazy\" decoding=\"async\" width=\"480\" height=\"320\" src=\"https:\/\/clusterdapizarra.com\/wp-content\/uploads\/2025\/06\/Pizarras-Ortegal.png\" class=\"vc_single_image-img attachment-full\" alt=\"\" title=\"Pizarras-Ortegal\" srcset=\"https:\/\/clusterdapizarra.com\/wp-content\/uploads\/2025\/06\/Pizarras-Ortegal.png 480w, https:\/\/clusterdapizarra.com\/wp-content\/uploads\/2025\/06\/Pizarras-Ortegal-300x200.png 300w, https:\/\/clusterdapizarra.com\/wp-content\/uploads\/2025\/06\/Pizarras-Ortegal-18x12.png 18w\" sizes=\"auto, (max-width: 480px) 100vw, 480px\" \/><\/a>\n\t\t<\/figure>\n\t<\/div>\n<div class=\"vc_empty_space\"   style=\"height: 130px\"><span class=\"vc_empty_space_inner\"><\/span><\/div><\/div><\/div><\/div><div class=\"wpb_column vc_column_container vc_col-sm-3\"><div class=\"vc_column-inner\"><div class=\"wpb_wrapper\">\n\t<div  class=\"wpb_single_image wpb_content_element vc_align_left wpb_content_element\">\n\t\t\n\t\t<figure class=\"wpb_wrapper vc_figure\">\n\t\t\t<a href=\"https:\/\/clusterdapizarra.com\/gl\/empresas-asociadas-cluster-da-pizarra\/pizarras-vazfer-s-a\/\" target=\"_self\" class=\"vc_single_image-wrapper   vc_box_border_grey\"><img loading=\"lazy\" decoding=\"async\" width=\"480\" height=\"320\" src=\"https:\/\/clusterdapizarra.com\/wp-content\/uploads\/2025\/06\/Pizarras-Vazfer.png\" class=\"vc_single_image-img attachment-full\" alt=\"\" title=\"Pizarras-Vazfer\" srcset=\"https:\/\/clusterdapizarra.com\/wp-content\/uploads\/2025\/06\/Pizarras-Vazfer.png 480w, https:\/\/clusterdapizarra.com\/wp-content\/uploads\/2025\/06\/Pizarras-Vazfer-300x200.png 300w, https:\/\/clusterdapizarra.com\/wp-content\/uploads\/2025\/06\/Pizarras-Vazfer-18x12.png 18w\" sizes=\"auto, (max-width: 480px) 100vw, 480px\" \/><\/a>\n\t\t<\/figure>\n\t<\/div>\n<div class=\"vc_empty_space\"   style=\"height: 130px\"><span class=\"vc_empty_space_inner\"><\/span><\/div><\/div><\/div><\/div><div class=\"wpb_column vc_column_container vc_col-sm-3\"><div class=\"vc_column-inner\"><div class=\"wpb_wrapper\">\n\t<div  class=\"wpb_single_image wpb_content_element vc_align_left wpb_content_element\">\n\t\t\n\t\t<figure class=\"wpb_wrapper vc_figure\">\n\t\t\t<a href=\"https:\/\/clusterdapizarra.com\/gl\/empresas-asociadas-cluster-da-pizarra\/cafersa\/\" target=\"_self\" class=\"vc_single_image-wrapper   vc_box_border_grey\"><img loading=\"lazy\" decoding=\"async\" width=\"480\" height=\"320\" src=\"https:\/\/clusterdapizarra.com\/wp-content\/uploads\/2025\/06\/Cafersa.png\" class=\"vc_single_image-img attachment-full\" alt=\"\" title=\"Cafersa\" srcset=\"https:\/\/clusterdapizarra.com\/wp-content\/uploads\/2025\/06\/Cafersa.png 480w, https:\/\/clusterdapizarra.com\/wp-content\/uploads\/2025\/06\/Cafersa-300x200.png 300w, https:\/\/clusterdapizarra.com\/wp-content\/uploads\/2025\/06\/Cafersa-18x12.png 18w\" sizes=\"auto, (max-width: 480px) 100vw, 480px\" \/><\/a>\n\t\t<\/figure>\n\t<\/div>\n<div class=\"vc_empty_space\"   style=\"height: 130px\"><span class=\"vc_empty_space_inner\"><\/span><\/div><\/div><\/div><\/div><div class=\"wpb_column vc_column_container vc_col-sm-3\"><div class=\"vc_column-inner\"><div class=\"wpb_wrapper\">\n\t<div  class=\"wpb_single_image wpb_content_element vc_align_center wpb_content_element\">\n\t\t\n\t\t<figure class=\"wpb_wrapper vc_figure\">\n\t\t\t<a href=\"https:\/\/clusterdapizarra.com\/gl\/empresas-asociadas-cluster-da-pizarra\/pizarras-de-quiroga-piquisa\/\" target=\"_self\" class=\"vc_single_image-wrapper   vc_box_border_grey\"><img loading=\"lazy\" decoding=\"async\" width=\"480\" height=\"320\" src=\"https:\/\/clusterdapizarra.com\/wp-content\/uploads\/2025\/06\/Piquisa.png\" class=\"vc_single_image-img attachment-full\" alt=\"\" title=\"Piquisa\" srcset=\"https:\/\/clusterdapizarra.com\/wp-content\/uploads\/2025\/06\/Piquisa.png 480w, https:\/\/clusterdapizarra.com\/wp-content\/uploads\/2025\/06\/Piquisa-300x200.png 300w, https:\/\/clusterdapizarra.com\/wp-content\/uploads\/2025\/06\/Piquisa-18x12.png 18w\" sizes=\"auto, (max-width: 480px) 100vw, 480px\" \/><\/a>\n\t\t<\/figure>\n\t<\/div>\n<div class=\"vc_empty_space\"   style=\"height: 130px\"><span class=\"vc_empty_space_inner\"><\/span><\/div><\/div><\/div><\/div><\/div><\/div><div style=\"\" class=\"vc_row wpb_row vc_row-fluid vc_column-gap-35 vc_row-o-content-middle vc_row-flex\"><div class=\"row-inner\"><div class=\"wpb_column vc_column_container vc_col-sm-1\"><div class=\"vc_column-inner\"><div class=\"wpb_wrapper\"><\/div><\/div><\/div><div class=\"wpb_column vc_column_container vc_col-sm-3\"><div class=\"vc_column-inner\"><div class=\"wpb_wrapper\">\n\t<div  class=\"wpb_single_image wpb_content_element vc_align_center wpb_content_element vc_custom_1775935487003\">\n\t\t\n\t\t<figure class=\"wpb_wrapper vc_figure\">\n\t\t\t<a href=\"https:\/\/clusterdapizarra.com\/gl\/empresas-asociadas-cluster-da-pizarra\/pizarras-del-oribio\/\" target=\"_self\" class=\"vc_single_image-wrapper   vc_box_border_grey\"><img loading=\"lazy\" decoding=\"async\" width=\"400\" height=\"320\" src=\"https:\/\/clusterdapizarra.com\/wp-content\/uploads\/2025\/07\/Pizarras-del-Oribio.png\" class=\"vc_single_image-img attachment-full\" alt=\"\" title=\"Pizarras-del-Oribio\" srcset=\"https:\/\/clusterdapizarra.com\/wp-content\/uploads\/2025\/07\/Pizarras-del-Oribio.png 400w, https:\/\/clusterdapizarra.com\/wp-content\/uploads\/2025\/07\/Pizarras-del-Oribio-15x12.png 15w\" sizes=\"auto, (max-width: 400px) 100vw, 400px\" \/><\/a>\n\t\t<\/figure>\n\t<\/div>\n<div class=\"vc_empty_space\"   style=\"height: 130px\"><span class=\"vc_empty_space_inner\"><\/span><\/div><\/div><\/div><\/div><div class=\"wpb_column vc_column_container vc_col-sm-4\"><div class=\"vc_column-inner\"><div class=\"wpb_wrapper\">\n\t<div  class=\"wpb_single_image wpb_content_element vc_align_center wpb_content_element vc_custom_1775935555048\">\n\t\t\n\t\t<figure class=\"wpb_wrapper vc_figure\">\n\t\t\t<a href=\"https:\/\/clusterdapizarra.com\/gl\/empresas-asociadas-cluster-da-pizarra\/gate-pizarras\/\" target=\"_self\" class=\"vc_single_image-wrapper   vc_box_border_grey\"><img loading=\"lazy\" decoding=\"async\" width=\"400\" height=\"320\" src=\"https:\/\/clusterdapizarra.com\/wp-content\/uploads\/2025\/07\/Gate-Pizarras.png\" class=\"vc_single_image-img attachment-full\" alt=\"\" title=\"Gate-Pizarras\" srcset=\"https:\/\/clusterdapizarra.com\/wp-content\/uploads\/2025\/07\/Gate-Pizarras.png 400w, https:\/\/clusterdapizarra.com\/wp-content\/uploads\/2025\/07\/Gate-Pizarras-15x12.png 15w\" sizes=\"auto, (max-width: 400px) 100vw, 400px\" \/><\/a>\n\t\t<\/figure>\n\t<\/div>\n<div class=\"vc_empty_space\"   style=\"height: 130px\"><span class=\"vc_empty_space_inner\"><\/span><\/div><\/div><\/div><\/div><div class=\"wpb_column vc_column_container vc_col-sm-3\"><div class=\"vc_column-inner\"><div class=\"wpb_wrapper\">\n\t<div  class=\"wpb_single_image wpb_content_element vc_align_center wpb_content_element vc_custom_1775935629355\">\n\t\t\n\t\t<figure class=\"wpb_wrapper vc_figure\">\n\t\t\t<a href=\"https:\/\/clusterdapizarra.com\/gl\/empresas-asociadas-cluster-da-pizarra\/pizarras-universal\/\" target=\"_self\" class=\"vc_single_image-wrapper   vc_box_border_grey\"><img loading=\"lazy\" decoding=\"async\" width=\"240\" height=\"160\" src=\"https:\/\/clusterdapizarra.com\/wp-content\/uploads\/2025\/07\/Pizarrass-Universal.jpg\" class=\"vc_single_image-img attachment-full\" alt=\"\" title=\"Pizarrass-Universal\" srcset=\"https:\/\/clusterdapizarra.com\/wp-content\/uploads\/2025\/07\/Pizarrass-Universal.jpg 240w, https:\/\/clusterdapizarra.com\/wp-content\/uploads\/2025\/07\/Pizarrass-Universal-18x12.jpg 18w\" sizes=\"auto, (max-width: 240px) 100vw, 240px\" \/><\/a>\n\t\t<\/figure>\n\t<\/div>\n<div class=\"vc_empty_space\"   style=\"height: 130px\"><span class=\"vc_empty_space_inner\"><\/span><\/div><\/div><\/div><\/div><div class=\"wpb_column vc_column_container vc_col-sm-1\"><div class=\"vc_column-inner\"><div class=\"wpb_wrapper\"><\/div><\/div><\/div><\/div><\/div>\n<\/div>","protected":false},"excerpt":{"rendered":"","protected":false},"author":1,"featured_media":0,"parent":0,"menu_order":0,"comment_status":"closed","ping_status":"closed","template":"","meta":{"footnotes":""},"class_list":["post-8973","page","type-page","status-publish","hentry"],"yoast_head":"<!-- This site is optimized with the Yoast SEO plugin v27.3 - https:\/\/yoast.com\/product\/yoast-seo-wordpress\/ -->\n<title>Empresas Asociadas Cl\u00faster da Pizarra<\/title>\n<meta name=\"robots\" content=\"noindex, nofollow\" \/>\n<meta property=\"og:locale\" content=\"gl_ES\" \/>\n<meta property=\"og:type\" content=\"article\" \/>\n<meta property=\"og:title\" content=\"Empresas Asociadas Cl\u00faster da Pizarra\" \/>\n<meta property=\"og:url\" content=\"https:\/\/clusterdapizarra.com\/gl\/empresas-asociadas-cluster-da-pizarra\/\" \/>\n<meta property=\"og:site_name\" content=\"Cluster da Pizarra de Galicia\" \/>\n<meta property=\"article:publisher\" content=\"https:\/\/www.facebook.com\/clusterdapizarra\" \/>\n<meta property=\"article:modified_time\" content=\"2026-04-11T19:27:20+00:00\" \/>\n<meta name=\"twitter:card\" content=\"summary_large_image\" \/>\n<meta name=\"twitter:site\" content=\"@clusterpizarra\" \/>\n<script type=\"application\/ld+json\" class=\"yoast-schema-graph\">{\"@context\":\"https:\\\/\\\/schema.org\",\"@graph\":[{\"@type\":\"WebPage\",\"@id\":\"https:\\\/\\\/clusterdapizarra.com\\\/gl\\\/empresas-asociadas-cluster-da-pizarra\\\/\",\"url\":\"https:\\\/\\\/clusterdapizarra.com\\\/gl\\\/empresas-asociadas-cluster-da-pizarra\\\/\",\"name\":\"Empresas Asociadas Cl\u00faster da Pizarra\",\"isPartOf\":{\"@id\":\"https:\\\/\\\/clusterdapizarra.com\\\/#website\"},\"datePublished\":\"2025-07-18T12:56:37+00:00\",\"dateModified\":\"2026-04-11T19:27:20+00:00\",\"breadcrumb\":{\"@id\":\"https:\\\/\\\/clusterdapizarra.com\\\/gl\\\/empresas-asociadas-cluster-da-pizarra\\\/#breadcrumb\"},\"inLanguage\":\"gl-ES\",\"potentialAction\":[{\"@type\":\"ReadAction\",\"target\":[\"https:\\\/\\\/clusterdapizarra.com\\\/gl\\\/empresas-asociadas-cluster-da-pizarra\\\/\"]}]},{\"@type\":\"BreadcrumbList\",\"@id\":\"https:\\\/\\\/clusterdapizarra.com\\\/gl\\\/empresas-asociadas-cluster-da-pizarra\\\/#breadcrumb\",\"itemListElement\":[{\"@type\":\"ListItem\",\"position\":1,\"name\":\"Portada\",\"item\":\"https:\\\/\\\/clusterdapizarra.com\\\/gl\\\/\"},{\"@type\":\"ListItem\",\"position\":2,\"name\":\"Empresas Asociadas Cl\u00faster da Pizarra\"}]},{\"@type\":\"WebSite\",\"@id\":\"https:\\\/\\\/clusterdapizarra.com\\\/#website\",\"url\":\"https:\\\/\\\/clusterdapizarra.com\\\/\",\"name\":\"Cl\u00faster da Pizarra de Galicia\",\"description\":\"Los objetivos del Cl\u00faster da Pizarra buscan la promoci\u00f3n de la pizarra gallega en el mercado actual, respondiendo a las nuevas necesidades del sector.\",\"publisher\":{\"@id\":\"https:\\\/\\\/clusterdapizarra.com\\\/#organization\"},\"potentialAction\":[{\"@type\":\"SearchAction\",\"target\":{\"@type\":\"EntryPoint\",\"urlTemplate\":\"https:\\\/\\\/clusterdapizarra.com\\\/?s={search_term_string}\"},\"query-input\":{\"@type\":\"PropertyValueSpecification\",\"valueRequired\":true,\"valueName\":\"search_term_string\"}}],\"inLanguage\":\"gl-ES\"},{\"@type\":\"Organization\",\"@id\":\"https:\\\/\\\/clusterdapizarra.com\\\/#organization\",\"name\":\"Cl\u00faster da Pizarra de Galicia\",\"url\":\"https:\\\/\\\/clusterdapizarra.com\\\/\",\"logo\":{\"@type\":\"ImageObject\",\"inLanguage\":\"gl-ES\",\"@id\":\"https:\\\/\\\/clusterdapizarra.com\\\/#\\\/schema\\\/logo\\\/image\\\/\",\"url\":\"https:\\\/\\\/clusterdapizarra.com\\\/wp-content\\\/uploads\\\/2024\\\/10\\\/logo@2x.png\",\"contentUrl\":\"https:\\\/\\\/clusterdapizarra.com\\\/wp-content\\\/uploads\\\/2024\\\/10\\\/logo@2x.png\",\"width\":430,\"height\":134,\"caption\":\"Cl\u00faster da Pizarra de Galicia\"},\"image\":{\"@id\":\"https:\\\/\\\/clusterdapizarra.com\\\/#\\\/schema\\\/logo\\\/image\\\/\"},\"sameAs\":[\"https:\\\/\\\/www.facebook.com\\\/clusterdapizarra\",\"https:\\\/\\\/x.com\\\/clusterpizarra\",\"https:\\\/\\\/www.linkedin.com\\\/company\\\/clster-de-la-pizarra-de-galicia\\\/\"]}]}<\/script>\n<!-- \/ Yoast SEO plugin. -->","yoast_head_json":{"title":"Empresas Asociadas Cl\u00faster da Pizarra","robots":{"index":"noindex","follow":"nofollow"},"og_locale":"gl_ES","og_type":"article","og_title":"Empresas Asociadas Cl\u00faster da Pizarra","og_url":"https:\/\/clusterdapizarra.com\/gl\/empresas-asociadas-cluster-da-pizarra\/","og_site_name":"Cluster da Pizarra de Galicia","article_publisher":"https:\/\/www.facebook.com\/clusterdapizarra","article_modified_time":"2026-04-11T19:27:20+00:00","twitter_card":"summary_large_image","twitter_site":"@clusterpizarra","schema":{"@context":"https:\/\/schema.org","@graph":[{"@type":"WebPage","@id":"https:\/\/clusterdapizarra.com\/gl\/empresas-asociadas-cluster-da-pizarra\/","url":"https:\/\/clusterdapizarra.com\/gl\/empresas-asociadas-cluster-da-pizarra\/","name":"Empresas Asociadas Cl\u00faster da Pizarra","isPartOf":{"@id":"https:\/\/clusterdapizarra.com\/#website"},"datePublished":"2025-07-18T12:56:37+00:00","dateModified":"2026-04-11T19:27:20+00:00","breadcrumb":{"@id":"https:\/\/clusterdapizarra.com\/gl\/empresas-asociadas-cluster-da-pizarra\/#breadcrumb"},"inLanguage":"gl-ES","potentialAction":[{"@type":"ReadAction","target":["https:\/\/clusterdapizarra.com\/gl\/empresas-asociadas-cluster-da-pizarra\/"]}]},{"@type":"BreadcrumbList","@id":"https:\/\/clusterdapizarra.com\/gl\/empresas-asociadas-cluster-da-pizarra\/#breadcrumb","itemListElement":[{"@type":"ListItem","position":1,"name":"Portada","item":"https:\/\/clusterdapizarra.com\/gl\/"},{"@type":"ListItem","position":2,"name":"Empresas Asociadas Cl\u00faster da Pizarra"}]},{"@type":"WebSite","@id":"https:\/\/clusterdapizarra.com\/#website","url":"https:\/\/clusterdapizarra.com\/","name":"Cl\u00faster da Pizarra de Galicia","description":"Los objetivos del Cl\u00faster da Pizarra buscan la promoci\u00f3n de la pizarra gallega en el mercado actual, respondiendo a las nuevas necesidades del sector.","publisher":{"@id":"https:\/\/clusterdapizarra.com\/#organization"},"potentialAction":[{"@type":"SearchAction","target":{"@type":"EntryPoint","urlTemplate":"https:\/\/clusterdapizarra.com\/?s={search_term_string}"},"query-input":{"@type":"PropertyValueSpecification","valueRequired":true,"valueName":"search_term_string"}}],"inLanguage":"gl-ES"},{"@type":"Organization","@id":"https:\/\/clusterdapizarra.com\/#organization","name":"Cl\u00faster da Pizarra de Galicia","url":"https:\/\/clusterdapizarra.com\/","logo":{"@type":"ImageObject","inLanguage":"gl-ES","@id":"https:\/\/clusterdapizarra.com\/#\/schema\/logo\/image\/","url":"https:\/\/clusterdapizarra.com\/wp-content\/uploads\/2024\/10\/logo@2x.png","contentUrl":"https:\/\/clusterdapizarra.com\/wp-content\/uploads\/2024\/10\/logo@2x.png","width":430,"height":134,"caption":"Cl\u00faster da Pizarra de Galicia"},"image":{"@id":"https:\/\/clusterdapizarra.com\/#\/schema\/logo\/image\/"},"sameAs":["https:\/\/www.facebook.com\/clusterdapizarra","https:\/\/x.com\/clusterpizarra","https:\/\/www.linkedin.com\/company\/clster-de-la-pizarra-de-galicia\/"]}]}},"_links":{"self":[{"href":"https:\/\/clusterdapizarra.com\/gl\/wp-json\/wp\/v2\/pages\/8973","targetHints":{"allow":["GET"]}}],"collection":[{"href":"https:\/\/clusterdapizarra.com\/gl\/wp-json\/wp\/v2\/pages"}],"about":[{"href":"https:\/\/clusterdapizarra.com\/gl\/wp-json\/wp\/v2\/types\/page"}],"author":[{"embeddable":true,"href":"https:\/\/clusterdapizarra.com\/gl\/wp-json\/wp\/v2\/users\/1"}],"replies":[{"embeddable":true,"href":"https:\/\/clusterdapizarra.com\/gl\/wp-json\/wp\/v2\/comments?post=8973"}],"version-history":[{"count":0,"href":"https:\/\/clusterdapizarra.com\/gl\/wp-json\/wp\/v2\/pages\/8973\/revisions"}],"wp:attachment":[{"href":"https:\/\/clusterdapizarra.com\/gl\/wp-json\/wp\/v2\/media?parent=8973"}],"curies":[{"name":"wp","href":"https:\/\/api.w.org\/{rel}","templated":true}]}}