{"id":8691,"date":"2026-03-01T16:28:30","date_gmt":"2026-03-01T15:28:30","guid":{"rendered":"https:\/\/clusterdapizarra.com\/calidad\/"},"modified":"2026-04-11T22:03:40","modified_gmt":"2026-04-11T20:03:40","slug":"calidade","status":"publish","type":"page","link":"https:\/\/clusterdapizarra.com\/gl\/calidade\/","title":{"rendered":"Calidade"},"content":{"rendered":"<div class=\"wpb-content-wrapper\"><div style=\"\" class=\"vc_row wpb_row vc_row-fluid\"><div class=\"row-inner\"><div class=\"wpb_column vc_column_container vc_col-sm-12\"><div class=\"vc_column-inner\"><div class=\"wpb_wrapper\"><div class=\"vc_empty_space\"   style=\"height: 70px\"><span class=\"vc_empty_space_inner\"><\/span><\/div><\/div><\/div><\/div><\/div><\/div><div style=\"\" class=\"vc_row wpb_row vc_row-fluid\"><div class=\"row-inner\"><div class=\"wpb_column vc_column_container vc_col-sm-8\"><div class=\"vc_column-inner\"><div class=\"wpb_wrapper\"><h2 style=\"text-align: left\" class=\"vc_custom_heading vc_do_custom_heading\" >CALIDADE<\/h2><div class=\"vc_empty_space\"   style=\"height: 20px\"><span class=\"vc_empty_space_inner\"><\/span><\/div>\n\t<div class=\"wpb_text_column wpb_content_element\" >\n\t\t<div class=\"wpb_wrapper\">\n\t\t\t<p>A maior frecuencia de uso de pizarra e pedra natural nas edificaci\u00f3ns actuais fixo que a demanda destes materiais aumente e se incremente a competencia, implicando as\u00ed unha esixencia cada vez maior na s\u00faa calidade, como por exemplo o marcado CE ou a acreditaci\u00f3n da ENAC (Entidad Nacional de Acreditaci\u00f3n).<\/p>\n\n\t\t<\/div>\n\t<\/div>\n<div class=\"vc_empty_space\"   style=\"height: 30px\"><span class=\"vc_empty_space_inner\"><\/span><\/div>\n\t<div class=\"wpb_text_column wpb_content_element\" >\n\t\t<div class=\"wpb_wrapper\">\n\t\t\t<p>O Laboratorio do Centro Tecnol\u00f3xico da Pizarra pos\u00fae esta \u00faltima acreditaci\u00f3n desde 2007, que na actualidade certifica cinco ensaios de pizarra para teitos.<\/p>\n\n\t\t<\/div>\n\t<\/div>\n<div class=\"vc_empty_space\"   style=\"height: 30px\"><span class=\"vc_empty_space_inner\"><\/span><\/div>\n\t<div class=\"wpb_text_column wpb_content_element\" >\n\t\t<div class=\"wpb_wrapper\">\n\t\t\t<p>A necesidade de co\u00f1ecer as caracter\u00edsticas e prestaci\u00f3ns de cada produto v\u00e9n tam\u00e9n marcada pola saturaci\u00f3n dos mercados e a emerxencia de novos pa\u00edses competidores como China ou Brasil, ademais das esixentes normas medioambientais, algo que tam\u00e9n impulsou a aposta pola innovaci\u00f3n tecnol\u00f3xica.<\/p>\n\n\t\t<\/div>\n\t<\/div>\n<div class=\"vc_empty_space\"   style=\"height: 50px\"><span class=\"vc_empty_space_inner\"><\/span><\/div><\/div><\/div><\/div><div class=\"wpb_column vc_column_container vc_col-sm-4\"><div class=\"vc_column-inner\"><div class=\"wpb_wrapper\">\n<!-- BEGIN .imagebox -->\n<div class=\"imagebox style2\">\n\t\n\t\t<div class=\"box-header\">\n\t\t\t<h3 class=\"box-title\">\n\t\t\t\t<a href=\"https:\/\/clusterdapizarra.com\/wp-content\/uploads\/2025\/01\/acreditacionenac.pdf\" target=\"_blank\">\n\t\t\t\t\tAcreditaci\u00f3n da ENAC\t\t\t\t<\/a>\n\t\t\t<\/h3>\n\n\t\t\t\t\t\t\t<span class=\"box-subtitle\">\n\t\t\t\t\tAcreditaci\u00f3n ENAC. Fundaci\u00f3n Centro Tecnol\u00f3xico da Pizarra\t\t\t\t<\/span>\n\t\t\t\t\t<\/div>\n\n\t\t<div class=\"box-content\"><p><strong><a href=\"https:\/\/clusterdapizarra.com\/wp-content\/uploads\/2025\/01\/acreditacionenac.pdf\" target=\"_blank\" rel=\"noopener\">Ver .Pdf<\/a><\/strong><\/p>\n<\/div>\n\n\t\t<div class=\"box-image\">\n\t\t\t<a href=\"https:\/\/clusterdapizarra.com\/wp-content\/uploads\/2025\/01\/acreditacionenac.pdf\" target=\"_blank\">\n\t\t\t\t\n\t\t\t\t<img decoding=\"async\" class=\"\" src=\"https:\/\/clusterdapizarra.com\/wp-content\/uploads\/2025\/01\/Acreditacion-Enac.jpg\" width=\"255\" height=\"360\" alt=\"Acreditaci\u00f3n Enac\" title=\"Acreditaci\u00f3n Enac\" loading=\"lazy\" \/>\t\t\t<\/a>\n\t\t<\/div>\n\t<\/div>\n<!-- End .imagebox -->\n<div class=\"vc_empty_space\"   style=\"height: 30px\"><span class=\"vc_empty_space_inner\"><\/span><\/div>\n<!-- BEGIN .imagebox -->\n<div class=\"imagebox style2\">\n\t\n\t\t<div class=\"box-header\">\n\t\t\t<h3 class=\"box-title\">\n\t\t\t\t<a href=\"https:\/\/clusterdapizarra.com\/wp-content\/uploads\/2025\/01\/alcanceacreditacionenac.pdf\" target=\"_blank\">\n\t\t\t\t\tAnexo T\u00e9cnico\t\t\t\t<\/a>\n\t\t\t<\/h3>\n\n\t\t\t\t\t\t\t<span class=\"box-subtitle\">\n\t\t\t\t\tPode descargar aqu\u00ed o documento que informa do alcance da nosa acreditaci\u00f3n:\t\t\t\t<\/span>\n\t\t\t\t\t<\/div>\n\n\t\t<div class=\"box-content\"><p><strong><a href=\"https:\/\/clusterdapizarra.com\/wp-content\/uploads\/2025\/01\/alcanceacreditacionenac.pdf\" target=\"_blank\" rel=\"noopener\">Ver .Pdf<\/a><\/strong><\/p>\n<\/div>\n\n\t\t<div class=\"box-image\">\n\t\t\t<a href=\"https:\/\/clusterdapizarra.com\/wp-content\/uploads\/2025\/01\/alcanceacreditacionenac.pdf\" target=\"_blank\">\n\t\t\t\t\n\t\t\t\t<img decoding=\"async\" class=\"\" src=\"https:\/\/clusterdapizarra.com\/wp-content\/uploads\/2025\/01\/Alcance-Acreditacion-Enac.jpg\" width=\"255\" height=\"361\" alt=\"Alcance Acreditaci\u00f3n Enac\" title=\"Alcance Acreditaci\u00f3n Enac\" loading=\"lazy\" \/>\t\t\t<\/a>\n\t\t<\/div>\n\t<\/div>\n<!-- End .imagebox -->\n<div class=\"vc_empty_space\"   style=\"height: 50px\"><span class=\"vc_empty_space_inner\"><\/span><\/div><\/div><\/div><\/div><\/div><\/div>\n<\/div>","protected":false},"excerpt":{"rendered":"CALIDADE A maior frecuencia de uso de pizarra e pedra natural nas edificaci\u00f3ns actuais fixo que a demanda destes materiais aumente e se incremente a competencia, implicando as\u00ed unha esixencia cada vez maior na s\u00faa calidade, como por exemplo o marcado CE ou a acreditaci\u00f3n da ENAC (Entidad Nacional de Acreditaci\u00f3n). O Laboratorio do Centro [...]","protected":false},"author":1,"featured_media":0,"parent":0,"menu_order":0,"comment_status":"closed","ping_status":"closed","template":"","meta":{"footnotes":""},"class_list":["post-8691","page","type-page","status-publish","hentry"],"yoast_head":"<!-- This site is optimized with the Yoast SEO plugin v27.3 - https:\/\/yoast.com\/product\/yoast-seo-wordpress\/ -->\n<title>Calidade da Pizarra de Galicia | Cl\u00faster da Pizarra<\/title>\n<meta name=\"description\" content=\"A pizarra gallega \u00e9 sin\u00f3nimo de calidade de primeira clase. As nosas certificaci\u00f3ns (CE, NF, DAP) garanten un produto duradeiro, sostible e fiable.\" \/>\n<meta name=\"robots\" content=\"index, follow, max-snippet:-1, max-image-preview:large, max-video-preview:-1\" \/>\n<link rel=\"canonical\" href=\"https:\/\/clusterdapizarra.com\/gl\/calidade\/\" \/>\n<meta property=\"og:locale\" content=\"gl_ES\" \/>\n<meta property=\"og:type\" content=\"article\" \/>\n<meta property=\"og:title\" content=\"Calidade da Pizarra de Galicia | Cl\u00faster da Pizarra\" \/>\n<meta property=\"og:description\" content=\"A pizarra gallega \u00e9 sin\u00f3nimo de calidade de primeira clase. As nosas certificaci\u00f3ns (CE, NF, DAP) garanten un produto duradeiro, sostible e fiable.\" \/>\n<meta property=\"og:url\" content=\"https:\/\/clusterdapizarra.com\/gl\/calidade\/\" \/>\n<meta property=\"og:site_name\" content=\"Cluster da Pizarra de Galicia\" \/>\n<meta property=\"article:publisher\" content=\"https:\/\/www.facebook.com\/clusterdapizarra\" \/>\n<meta property=\"article:modified_time\" content=\"2026-04-11T20:03:40+00:00\" \/>\n<meta name=\"twitter:card\" content=\"summary_large_image\" \/>\n<meta name=\"twitter:site\" content=\"@clusterpizarra\" \/>\n<script type=\"application\/ld+json\" class=\"yoast-schema-graph\">{\"@context\":\"https:\\\/\\\/schema.org\",\"@graph\":[{\"@type\":\"WebPage\",\"@id\":\"https:\\\/\\\/clusterdapizarra.com\\\/gl\\\/calidade\\\/\",\"url\":\"https:\\\/\\\/clusterdapizarra.com\\\/gl\\\/calidade\\\/\",\"name\":\"Calidade da Pizarra de Galicia | Cl\u00faster da Pizarra\",\"isPartOf\":{\"@id\":\"https:\\\/\\\/clusterdapizarra.com\\\/#website\"},\"datePublished\":\"2026-03-01T15:28:30+00:00\",\"dateModified\":\"2026-04-11T20:03:40+00:00\",\"description\":\"A pizarra gallega \u00e9 sin\u00f3nimo de calidade de primeira clase. As nosas certificaci\u00f3ns (CE, NF, DAP) garanten un produto duradeiro, sostible e fiable.\",\"breadcrumb\":{\"@id\":\"https:\\\/\\\/clusterdapizarra.com\\\/gl\\\/calidade\\\/#breadcrumb\"},\"inLanguage\":\"gl-ES\",\"potentialAction\":[{\"@type\":\"ReadAction\",\"target\":[\"https:\\\/\\\/clusterdapizarra.com\\\/gl\\\/calidade\\\/\"]}]},{\"@type\":\"BreadcrumbList\",\"@id\":\"https:\\\/\\\/clusterdapizarra.com\\\/gl\\\/calidade\\\/#breadcrumb\",\"itemListElement\":[{\"@type\":\"ListItem\",\"position\":1,\"name\":\"Portada\",\"item\":\"https:\\\/\\\/clusterdapizarra.com\\\/gl\\\/\"},{\"@type\":\"ListItem\",\"position\":2,\"name\":\"Calidade\"}]},{\"@type\":\"WebSite\",\"@id\":\"https:\\\/\\\/clusterdapizarra.com\\\/#website\",\"url\":\"https:\\\/\\\/clusterdapizarra.com\\\/\",\"name\":\"Cl\u00faster da Pizarra de Galicia\",\"description\":\"Los objetivos del Cl\u00faster da Pizarra buscan la promoci\u00f3n de la pizarra gallega en el mercado actual, respondiendo a las nuevas necesidades del sector.\",\"publisher\":{\"@id\":\"https:\\\/\\\/clusterdapizarra.com\\\/#organization\"},\"potentialAction\":[{\"@type\":\"SearchAction\",\"target\":{\"@type\":\"EntryPoint\",\"urlTemplate\":\"https:\\\/\\\/clusterdapizarra.com\\\/?s={search_term_string}\"},\"query-input\":{\"@type\":\"PropertyValueSpecification\",\"valueRequired\":true,\"valueName\":\"search_term_string\"}}],\"inLanguage\":\"gl-ES\"},{\"@type\":\"Organization\",\"@id\":\"https:\\\/\\\/clusterdapizarra.com\\\/#organization\",\"name\":\"Cl\u00faster da Pizarra de Galicia\",\"url\":\"https:\\\/\\\/clusterdapizarra.com\\\/\",\"logo\":{\"@type\":\"ImageObject\",\"inLanguage\":\"gl-ES\",\"@id\":\"https:\\\/\\\/clusterdapizarra.com\\\/#\\\/schema\\\/logo\\\/image\\\/\",\"url\":\"https:\\\/\\\/clusterdapizarra.com\\\/wp-content\\\/uploads\\\/2024\\\/10\\\/logo@2x.png\",\"contentUrl\":\"https:\\\/\\\/clusterdapizarra.com\\\/wp-content\\\/uploads\\\/2024\\\/10\\\/logo@2x.png\",\"width\":430,\"height\":134,\"caption\":\"Cl\u00faster da Pizarra de Galicia\"},\"image\":{\"@id\":\"https:\\\/\\\/clusterdapizarra.com\\\/#\\\/schema\\\/logo\\\/image\\\/\"},\"sameAs\":[\"https:\\\/\\\/www.facebook.com\\\/clusterdapizarra\",\"https:\\\/\\\/x.com\\\/clusterpizarra\",\"https:\\\/\\\/www.linkedin.com\\\/company\\\/clster-de-la-pizarra-de-galicia\\\/\"]}]}<\/script>\n<!-- \/ Yoast SEO plugin. -->","yoast_head_json":{"title":"Calidade da Pizarra de Galicia | Cl\u00faster da Pizarra","description":"A pizarra gallega \u00e9 sin\u00f3nimo de calidade de primeira clase. As nosas certificaci\u00f3ns (CE, NF, DAP) garanten un produto duradeiro, sostible e fiable.","robots":{"index":"index","follow":"follow","max-snippet":"max-snippet:-1","max-image-preview":"max-image-preview:large","max-video-preview":"max-video-preview:-1"},"canonical":"https:\/\/clusterdapizarra.com\/gl\/calidade\/","og_locale":"gl_ES","og_type":"article","og_title":"Calidade da Pizarra de Galicia | Cl\u00faster da Pizarra","og_description":"A pizarra gallega \u00e9 sin\u00f3nimo de calidade de primeira clase. As nosas certificaci\u00f3ns (CE, NF, DAP) garanten un produto duradeiro, sostible e fiable.","og_url":"https:\/\/clusterdapizarra.com\/gl\/calidade\/","og_site_name":"Cluster da Pizarra de Galicia","article_publisher":"https:\/\/www.facebook.com\/clusterdapizarra","article_modified_time":"2026-04-11T20:03:40+00:00","twitter_card":"summary_large_image","twitter_site":"@clusterpizarra","schema":{"@context":"https:\/\/schema.org","@graph":[{"@type":"WebPage","@id":"https:\/\/clusterdapizarra.com\/gl\/calidade\/","url":"https:\/\/clusterdapizarra.com\/gl\/calidade\/","name":"Calidade da Pizarra de Galicia | Cl\u00faster da Pizarra","isPartOf":{"@id":"https:\/\/clusterdapizarra.com\/#website"},"datePublished":"2026-03-01T15:28:30+00:00","dateModified":"2026-04-11T20:03:40+00:00","description":"A pizarra gallega \u00e9 sin\u00f3nimo de calidade de primeira clase. As nosas certificaci\u00f3ns (CE, NF, DAP) garanten un produto duradeiro, sostible e fiable.","breadcrumb":{"@id":"https:\/\/clusterdapizarra.com\/gl\/calidade\/#breadcrumb"},"inLanguage":"gl-ES","potentialAction":[{"@type":"ReadAction","target":["https:\/\/clusterdapizarra.com\/gl\/calidade\/"]}]},{"@type":"BreadcrumbList","@id":"https:\/\/clusterdapizarra.com\/gl\/calidade\/#breadcrumb","itemListElement":[{"@type":"ListItem","position":1,"name":"Portada","item":"https:\/\/clusterdapizarra.com\/gl\/"},{"@type":"ListItem","position":2,"name":"Calidade"}]},{"@type":"WebSite","@id":"https:\/\/clusterdapizarra.com\/#website","url":"https:\/\/clusterdapizarra.com\/","name":"Cl\u00faster da Pizarra de Galicia","description":"Los objetivos del Cl\u00faster da Pizarra buscan la promoci\u00f3n de la pizarra gallega en el mercado actual, respondiendo a las nuevas necesidades del sector.","publisher":{"@id":"https:\/\/clusterdapizarra.com\/#organization"},"potentialAction":[{"@type":"SearchAction","target":{"@type":"EntryPoint","urlTemplate":"https:\/\/clusterdapizarra.com\/?s={search_term_string}"},"query-input":{"@type":"PropertyValueSpecification","valueRequired":true,"valueName":"search_term_string"}}],"inLanguage":"gl-ES"},{"@type":"Organization","@id":"https:\/\/clusterdapizarra.com\/#organization","name":"Cl\u00faster da Pizarra de Galicia","url":"https:\/\/clusterdapizarra.com\/","logo":{"@type":"ImageObject","inLanguage":"gl-ES","@id":"https:\/\/clusterdapizarra.com\/#\/schema\/logo\/image\/","url":"https:\/\/clusterdapizarra.com\/wp-content\/uploads\/2024\/10\/logo@2x.png","contentUrl":"https:\/\/clusterdapizarra.com\/wp-content\/uploads\/2024\/10\/logo@2x.png","width":430,"height":134,"caption":"Cl\u00faster da Pizarra de Galicia"},"image":{"@id":"https:\/\/clusterdapizarra.com\/#\/schema\/logo\/image\/"},"sameAs":["https:\/\/www.facebook.com\/clusterdapizarra","https:\/\/x.com\/clusterpizarra","https:\/\/www.linkedin.com\/company\/clster-de-la-pizarra-de-galicia\/"]}]}},"_links":{"self":[{"href":"https:\/\/clusterdapizarra.com\/gl\/wp-json\/wp\/v2\/pages\/8691","targetHints":{"allow":["GET"]}}],"collection":[{"href":"https:\/\/clusterdapizarra.com\/gl\/wp-json\/wp\/v2\/pages"}],"about":[{"href":"https:\/\/clusterdapizarra.com\/gl\/wp-json\/wp\/v2\/types\/page"}],"author":[{"embeddable":true,"href":"https:\/\/clusterdapizarra.com\/gl\/wp-json\/wp\/v2\/users\/1"}],"replies":[{"embeddable":true,"href":"https:\/\/clusterdapizarra.com\/gl\/wp-json\/wp\/v2\/comments?post=8691"}],"version-history":[{"count":0,"href":"https:\/\/clusterdapizarra.com\/gl\/wp-json\/wp\/v2\/pages\/8691\/revisions"}],"wp:attachment":[{"href":"https:\/\/clusterdapizarra.com\/gl\/wp-json\/wp\/v2\/media?parent=8691"}],"curies":[{"name":"wp","href":"https:\/\/api.w.org\/{rel}","templated":true}]}}