{"id":8672,"date":"2025-07-17T09:15:31","date_gmt":"2025-07-17T07:15:31","guid":{"rendered":"https:\/\/clusterdapizarra.com\/pizarra\/"},"modified":"2026-04-11T15:03:41","modified_gmt":"2026-04-11T13:03:41","slug":"pizarra","status":"publish","type":"page","link":"https:\/\/clusterdapizarra.com\/gl\/pizarra\/","title":{"rendered":"Pizarra"},"content":{"rendered":"<div class=\"wpb-content-wrapper\"><div style=\"\" class=\"vc_row wpb_row vc_row-fluid vc_custom_1746779657568\"><div class=\"row-inner\"><div class=\"wpb_column vc_column_container vc_col-sm-12\"><div class=\"vc_column-inner\"><div class=\"wpb_wrapper\"><div class=\"vc_row wpb_row vc_inner vc_row-fluid\"><div class=\"wpb_column vc_column_container vc_col-sm-4\"><div class=\"vc_column-inner\"><div class=\"wpb_wrapper\"><h2 style=\"text-align: left\" class=\"vc_custom_heading vc_do_custom_heading\" >PIZARRA<\/h2><div class=\"vc_empty_space\"   style=\"height: 20px\"><span class=\"vc_empty_space_inner\"><\/span><\/div><\/div><\/div><\/div><div class=\"wpb_column vc_column_container vc_col-sm-8\"><div class=\"vc_column-inner\"><div class=\"wpb_wrapper\">\n\t<div class=\"wpb_text_column wpb_content_element\" >\n\t\t<div class=\"wpb_wrapper\">\n\t\t\t<p class=\"large-text\">A pizarra de Galicia dist\u00ednguese pola s\u00faa calidade, durabilidade e unha garant\u00eda de longa vida \u00fatil e resistencia. As s\u00faas propiedades \u00fanicas son a principal vantaxe competitiva fronte a pizarras doutros pa\u00edses e materiais alternativos.<\/p>\n\n\t\t<\/div>\n\t<\/div>\n<div class=\"vc_empty_space\"   style=\"height: 40px\"><span class=\"vc_empty_space_inner\"><\/span><\/div><\/div><\/div><\/div><\/div><div class=\"vc_row wpb_row vc_inner vc_row-fluid\"><div class=\"wpb_column vc_column_container vc_col-sm-4\"><div class=\"vc_column-inner\"><div class=\"wpb_wrapper\"><div class=\"iconbox hover  vc_custom_1775912362277\">\n\t<div class=\"box-header\">\n\t\t<div class=\"box-icon\"><i class=\"fa fa-solid fa-arrow-right-from-bracket\"><\/i><\/div>\n\t\t<h5 class=\"box-title\">Propiedades de la Pizarra<\/h5>\n\t<\/div>\n\t<div class=\"box-content\">\n\t\t<div class=\"box-detail\">\n\t\t\t<p>As caracter\u00edsticas \u00fanicas da nosa pizarra.<\/p>\n\n\t\t\t\n\t\t<p class=\"box-readmore\">\n\t\t\t<a href=\"https:\/\/clusterdapizarra.com\/gl\/propiedades-da-pizarra\/\">Ver m\u00e1is.<\/a>\n\t\t<\/p>\n\t\t<\/div>\n\t<\/div>\n<\/div><div class=\"vc_empty_space\"   style=\"height: 30px\"><span class=\"vc_empty_space_inner\"><\/span><\/div><div class=\"iconbox hover  vc_custom_1775912543311\">\n\t<div class=\"box-header\">\n\t\t<div class=\"box-icon\"><i class=\"fa fa-solid fa-arrow-right-from-bracket\"><\/i><\/div>\n\t\t<h5 class=\"box-title\">Medioambiente E Sustentabilidade<\/h5>\n\t<\/div>\n\t<div class=\"box-content\">\n\t\t<div class=\"box-detail\">\n\t\t\t<p>Comprometidos co coidado do planeta e as xeraci\u00f3ns futuras.<\/p>\n\n\t\t\t\n\t\t<p class=\"box-readmore\">\n\t\t\t<a href=\"https:\/\/clusterdapizarra.com\/gl\/medio-ambiente-e-sostibilidade\/\">Ver m\u00e1is.<\/a>\n\t\t<\/p>\n\t\t<\/div>\n\t<\/div>\n<\/div><div class=\"vc_empty_space\"   style=\"height: 30px\"><span class=\"vc_empty_space_inner\"><\/span><\/div><\/div><\/div><\/div><div class=\"wpb_column vc_column_container vc_col-sm-4\"><div class=\"vc_column-inner\"><div class=\"wpb_wrapper\"><div class=\"iconbox hover  vc_custom_1775912405906\">\n\t<div class=\"box-header\">\n\t\t<div class=\"box-icon\"><i class=\"fa fa-solid fa-arrow-right-from-bracket\"><\/i><\/div>\n\t\t<h5 class=\"box-title\">Formatos da Pizarra<\/h5>\n\t<\/div>\n\t<div class=\"box-content\">\n\t\t<div class=\"box-detail\">\n\t\t\t<p>Explora as nosas opci\u00f3ns de formatos e medidas.<\/p>\n\n\t\t\t\n\t\t<p class=\"box-readmore\">\n\t\t\t<a href=\"https:\/\/clusterdapizarra.com\/gl\/formatos-da-pizarra\/\">Ver m\u00e1is.<\/a>\n\t\t<\/p>\n\t\t<\/div>\n\t<\/div>\n<\/div><div class=\"vc_empty_space\"   style=\"height: 30px\"><span class=\"vc_empty_space_inner\"><\/span><\/div><div class=\"iconbox hover  vc_custom_1775912577618\">\n\t<div class=\"box-header\">\n\t\t<div class=\"box-icon\"><i class=\"fa fa-solid fa-arrow-right-from-bracket\"><\/i><\/div>\n\t\t<h5 class=\"box-title\">Preguntas m\u00e1is Frecuentes<\/h5>\n\t<\/div>\n\t<div class=\"box-content\">\n\t\t<div class=\"box-detail\">\n\t\t\t<p>Respostas \u00e1s preguntas e d\u00fabidas m\u00e1is frecuentes sobre a pizarra.<\/p>\n\n\t\t\t\n\t\t<p class=\"box-readmore\">\n\t\t\t<a href=\"https:\/\/clusterdapizarra.com\/gl\/preguntas-frecuentes\/\">Ver m\u00e1is.<\/a>\n\t\t<\/p>\n\t\t<\/div>\n\t<\/div>\n<\/div><div class=\"vc_empty_space\"   style=\"height: 30px\"><span class=\"vc_empty_space_inner\"><\/span><\/div><\/div><\/div><\/div><div class=\"wpb_column vc_column_container vc_col-sm-4\"><div class=\"vc_column-inner\"><div class=\"wpb_wrapper\"><div class=\"iconbox hover  vc_custom_1775912508372\">\n\t<div class=\"box-header\">\n\t\t<div class=\"box-icon\"><i class=\"fa fa-solid fa-arrow-right-from-bracket\"><\/i><\/div>\n\t\t<h5 class=\"box-title\">Calidade e Normalizaci\u00f3n<\/h5>\n\t<\/div>\n\t<div class=\"box-content\">\n\t\t<div class=\"box-detail\">\n\t\t\t<p>Garant\u00eda de calidade e est\u00e1ndares internacionais.<\/p>\n\n\t\t\t\n\t\t<p class=\"box-readmore\">\n\t\t\t<a href=\"https:\/\/clusterdapizarra.com\/gl\/calidade-e-normalizacion\/\">Ver m\u00e1is.<\/a>\n\t\t<\/p>\n\t\t<\/div>\n\t<\/div>\n<\/div><div class=\"vc_empty_space\"   style=\"height: 30px\"><span class=\"vc_empty_space_inner\"><\/span><\/div><div class=\"iconbox hover  vc_custom_1775912612664\">\n\t<div class=\"box-header\">\n\t\t<div class=\"box-icon\"><i class=\"fa fa-solid fa-arrow-right-from-bracket\"><\/i><\/div>\n\t\t<h5 class=\"box-title\">Estat\u00edsticas Exportaci\u00f3n de Pizarra<\/h5>\n\t<\/div>\n\t<div class=\"box-content\">\n\t\t<div class=\"box-detail\">\n\t\t\t<p>Datos detallados sobre as exportaci\u00f3ns do sector da pizarra.<\/p>\n\n\t\t\t\n\t\t<p class=\"box-readmore\">\n\t\t\t<a href=\"https:\/\/clusterdapizarra.com\/gl\/exportacion-de-pizarra\/\">Ver m\u00e1is.<\/a>\n\t\t<\/p>\n\t\t<\/div>\n\t<\/div>\n<\/div><div class=\"vc_empty_space\"   style=\"height: 30px\"><span class=\"vc_empty_space_inner\"><\/span><\/div><\/div><\/div><\/div><\/div><\/div><\/div><\/div><\/div><\/div>\n<\/div>","protected":false},"excerpt":{"rendered":"PIZARRA A pizarra de Galicia dist\u00ednguese pola s\u00faa calidade, durabilidade e unha garant\u00eda de longa vida \u00fatil e resistencia. As s\u00faas propiedades \u00fanicas son a principal vantaxe competitiva fronte a pizarras doutros pa\u00edses e materiais alternativos. Propiedades de la Pizarra As caracter\u00edsticas \u00fanicas da nosa pizarra. Ver m\u00e1is. Medioambiente E Sustentabilidade Comprometidos co coidado do [...]","protected":false},"author":1,"featured_media":0,"parent":0,"menu_order":0,"comment_status":"closed","ping_status":"closed","template":"","meta":{"footnotes":""},"class_list":["post-8672","page","type-page","status-publish","hentry"],"yoast_head":"<!-- This site is optimized with the Yoast SEO plugin v27.3 - https:\/\/yoast.com\/product\/yoast-seo-wordpress\/ -->\n<title>As caracter\u00edsticas \u00fanicas da nosa pizarra. | Cl\u00faster da Pizarra.<\/title>\n<meta name=\"description\" content=\"A pizarra de Galicia dist\u00ednguese pola s\u00faa calidade, durabilidade e unha garant\u00eda de longa vida \u00fatil e resistencia.\" \/>\n<meta name=\"robots\" content=\"index, follow, max-snippet:-1, max-image-preview:large, max-video-preview:-1\" \/>\n<link rel=\"canonical\" href=\"https:\/\/clusterdapizarra.com\/gl\/pizarra\/\" \/>\n<meta property=\"og:locale\" content=\"gl_ES\" \/>\n<meta property=\"og:type\" content=\"article\" \/>\n<meta property=\"og:title\" content=\"As caracter\u00edsticas \u00fanicas da nosa pizarra. | Cl\u00faster da Pizarra.\" \/>\n<meta property=\"og:description\" content=\"A pizarra de Galicia dist\u00ednguese pola s\u00faa calidade, durabilidade e unha garant\u00eda de longa vida \u00fatil e resistencia.\" \/>\n<meta property=\"og:url\" content=\"https:\/\/clusterdapizarra.com\/gl\/pizarra\/\" \/>\n<meta property=\"og:site_name\" content=\"Cluster da Pizarra de Galicia\" \/>\n<meta property=\"article:publisher\" content=\"https:\/\/www.facebook.com\/clusterdapizarra\" \/>\n<meta property=\"article:modified_time\" content=\"2026-04-11T13:03:41+00:00\" \/>\n<meta name=\"twitter:card\" content=\"summary_large_image\" \/>\n<meta name=\"twitter:site\" content=\"@clusterpizarra\" \/>\n<script type=\"application\/ld+json\" class=\"yoast-schema-graph\">{\"@context\":\"https:\\\/\\\/schema.org\",\"@graph\":[{\"@type\":\"WebPage\",\"@id\":\"https:\\\/\\\/clusterdapizarra.com\\\/gl\\\/pizarra\\\/\",\"url\":\"https:\\\/\\\/clusterdapizarra.com\\\/gl\\\/pizarra\\\/\",\"name\":\"As caracter\u00edsticas \u00fanicas da nosa pizarra. | Cl\u00faster da Pizarra.\",\"isPartOf\":{\"@id\":\"https:\\\/\\\/clusterdapizarra.com\\\/#website\"},\"datePublished\":\"2025-07-17T07:15:31+00:00\",\"dateModified\":\"2026-04-11T13:03:41+00:00\",\"description\":\"A pizarra de Galicia dist\u00ednguese pola s\u00faa calidade, durabilidade e unha garant\u00eda de longa vida \u00fatil e resistencia.\",\"breadcrumb\":{\"@id\":\"https:\\\/\\\/clusterdapizarra.com\\\/gl\\\/pizarra\\\/#breadcrumb\"},\"inLanguage\":\"gl-ES\",\"potentialAction\":[{\"@type\":\"ReadAction\",\"target\":[\"https:\\\/\\\/clusterdapizarra.com\\\/gl\\\/pizarra\\\/\"]}]},{\"@type\":\"BreadcrumbList\",\"@id\":\"https:\\\/\\\/clusterdapizarra.com\\\/gl\\\/pizarra\\\/#breadcrumb\",\"itemListElement\":[{\"@type\":\"ListItem\",\"position\":1,\"name\":\"Portada\",\"item\":\"https:\\\/\\\/clusterdapizarra.com\\\/gl\\\/\"},{\"@type\":\"ListItem\",\"position\":2,\"name\":\"Pizarra\"}]},{\"@type\":\"WebSite\",\"@id\":\"https:\\\/\\\/clusterdapizarra.com\\\/#website\",\"url\":\"https:\\\/\\\/clusterdapizarra.com\\\/\",\"name\":\"Cl\u00faster da Pizarra de Galicia\",\"description\":\"Los objetivos del Cl\u00faster da Pizarra buscan la promoci\u00f3n de la pizarra gallega en el mercado actual, respondiendo a las nuevas necesidades del sector.\",\"publisher\":{\"@id\":\"https:\\\/\\\/clusterdapizarra.com\\\/#organization\"},\"potentialAction\":[{\"@type\":\"SearchAction\",\"target\":{\"@type\":\"EntryPoint\",\"urlTemplate\":\"https:\\\/\\\/clusterdapizarra.com\\\/?s={search_term_string}\"},\"query-input\":{\"@type\":\"PropertyValueSpecification\",\"valueRequired\":true,\"valueName\":\"search_term_string\"}}],\"inLanguage\":\"gl-ES\"},{\"@type\":\"Organization\",\"@id\":\"https:\\\/\\\/clusterdapizarra.com\\\/#organization\",\"name\":\"Cl\u00faster da Pizarra de Galicia\",\"url\":\"https:\\\/\\\/clusterdapizarra.com\\\/\",\"logo\":{\"@type\":\"ImageObject\",\"inLanguage\":\"gl-ES\",\"@id\":\"https:\\\/\\\/clusterdapizarra.com\\\/#\\\/schema\\\/logo\\\/image\\\/\",\"url\":\"https:\\\/\\\/clusterdapizarra.com\\\/wp-content\\\/uploads\\\/2024\\\/10\\\/logo@2x.png\",\"contentUrl\":\"https:\\\/\\\/clusterdapizarra.com\\\/wp-content\\\/uploads\\\/2024\\\/10\\\/logo@2x.png\",\"width\":430,\"height\":134,\"caption\":\"Cl\u00faster da Pizarra de Galicia\"},\"image\":{\"@id\":\"https:\\\/\\\/clusterdapizarra.com\\\/#\\\/schema\\\/logo\\\/image\\\/\"},\"sameAs\":[\"https:\\\/\\\/www.facebook.com\\\/clusterdapizarra\",\"https:\\\/\\\/x.com\\\/clusterpizarra\",\"https:\\\/\\\/www.linkedin.com\\\/company\\\/clster-de-la-pizarra-de-galicia\\\/\"]}]}<\/script>\n<!-- \/ Yoast SEO plugin. -->","yoast_head_json":{"title":"As caracter\u00edsticas \u00fanicas da nosa pizarra. | Cl\u00faster da Pizarra.","description":"A pizarra de Galicia dist\u00ednguese pola s\u00faa calidade, durabilidade e unha garant\u00eda de longa vida \u00fatil e resistencia.","robots":{"index":"index","follow":"follow","max-snippet":"max-snippet:-1","max-image-preview":"max-image-preview:large","max-video-preview":"max-video-preview:-1"},"canonical":"https:\/\/clusterdapizarra.com\/gl\/pizarra\/","og_locale":"gl_ES","og_type":"article","og_title":"As caracter\u00edsticas \u00fanicas da nosa pizarra. | Cl\u00faster da Pizarra.","og_description":"A pizarra de Galicia dist\u00ednguese pola s\u00faa calidade, durabilidade e unha garant\u00eda de longa vida \u00fatil e resistencia.","og_url":"https:\/\/clusterdapizarra.com\/gl\/pizarra\/","og_site_name":"Cluster da Pizarra de Galicia","article_publisher":"https:\/\/www.facebook.com\/clusterdapizarra","article_modified_time":"2026-04-11T13:03:41+00:00","twitter_card":"summary_large_image","twitter_site":"@clusterpizarra","schema":{"@context":"https:\/\/schema.org","@graph":[{"@type":"WebPage","@id":"https:\/\/clusterdapizarra.com\/gl\/pizarra\/","url":"https:\/\/clusterdapizarra.com\/gl\/pizarra\/","name":"As caracter\u00edsticas \u00fanicas da nosa pizarra. | Cl\u00faster da Pizarra.","isPartOf":{"@id":"https:\/\/clusterdapizarra.com\/#website"},"datePublished":"2025-07-17T07:15:31+00:00","dateModified":"2026-04-11T13:03:41+00:00","description":"A pizarra de Galicia dist\u00ednguese pola s\u00faa calidade, durabilidade e unha garant\u00eda de longa vida \u00fatil e resistencia.","breadcrumb":{"@id":"https:\/\/clusterdapizarra.com\/gl\/pizarra\/#breadcrumb"},"inLanguage":"gl-ES","potentialAction":[{"@type":"ReadAction","target":["https:\/\/clusterdapizarra.com\/gl\/pizarra\/"]}]},{"@type":"BreadcrumbList","@id":"https:\/\/clusterdapizarra.com\/gl\/pizarra\/#breadcrumb","itemListElement":[{"@type":"ListItem","position":1,"name":"Portada","item":"https:\/\/clusterdapizarra.com\/gl\/"},{"@type":"ListItem","position":2,"name":"Pizarra"}]},{"@type":"WebSite","@id":"https:\/\/clusterdapizarra.com\/#website","url":"https:\/\/clusterdapizarra.com\/","name":"Cl\u00faster da Pizarra de Galicia","description":"Los objetivos del Cl\u00faster da Pizarra buscan la promoci\u00f3n de la pizarra gallega en el mercado actual, respondiendo a las nuevas necesidades del sector.","publisher":{"@id":"https:\/\/clusterdapizarra.com\/#organization"},"potentialAction":[{"@type":"SearchAction","target":{"@type":"EntryPoint","urlTemplate":"https:\/\/clusterdapizarra.com\/?s={search_term_string}"},"query-input":{"@type":"PropertyValueSpecification","valueRequired":true,"valueName":"search_term_string"}}],"inLanguage":"gl-ES"},{"@type":"Organization","@id":"https:\/\/clusterdapizarra.com\/#organization","name":"Cl\u00faster da Pizarra de Galicia","url":"https:\/\/clusterdapizarra.com\/","logo":{"@type":"ImageObject","inLanguage":"gl-ES","@id":"https:\/\/clusterdapizarra.com\/#\/schema\/logo\/image\/","url":"https:\/\/clusterdapizarra.com\/wp-content\/uploads\/2024\/10\/logo@2x.png","contentUrl":"https:\/\/clusterdapizarra.com\/wp-content\/uploads\/2024\/10\/logo@2x.png","width":430,"height":134,"caption":"Cl\u00faster da Pizarra de Galicia"},"image":{"@id":"https:\/\/clusterdapizarra.com\/#\/schema\/logo\/image\/"},"sameAs":["https:\/\/www.facebook.com\/clusterdapizarra","https:\/\/x.com\/clusterpizarra","https:\/\/www.linkedin.com\/company\/clster-de-la-pizarra-de-galicia\/"]}]}},"_links":{"self":[{"href":"https:\/\/clusterdapizarra.com\/gl\/wp-json\/wp\/v2\/pages\/8672","targetHints":{"allow":["GET"]}}],"collection":[{"href":"https:\/\/clusterdapizarra.com\/gl\/wp-json\/wp\/v2\/pages"}],"about":[{"href":"https:\/\/clusterdapizarra.com\/gl\/wp-json\/wp\/v2\/types\/page"}],"author":[{"embeddable":true,"href":"https:\/\/clusterdapizarra.com\/gl\/wp-json\/wp\/v2\/users\/1"}],"replies":[{"embeddable":true,"href":"https:\/\/clusterdapizarra.com\/gl\/wp-json\/wp\/v2\/comments?post=8672"}],"version-history":[{"count":0,"href":"https:\/\/clusterdapizarra.com\/gl\/wp-json\/wp\/v2\/pages\/8672\/revisions"}],"wp:attachment":[{"href":"https:\/\/clusterdapizarra.com\/gl\/wp-json\/wp\/v2\/media?parent=8672"}],"curies":[{"name":"wp","href":"https:\/\/api.w.org\/{rel}","templated":true}]}}