{"id":6912,"date":"2026-02-24T16:42:27","date_gmt":"2026-02-24T15:42:27","guid":{"rendered":"https:\/\/clusterdapizarra.com\/?page_id=6912"},"modified":"2026-02-24T22:30:19","modified_gmt":"2026-02-24T21:30:19","slug":"avances-tecnologicos","status":"publish","type":"page","link":"https:\/\/clusterdapizarra.com\/gl\/avances-tecnologicos\/","title":{"rendered":"Avances Tecnol\u00f3gicos"},"content":{"rendered":"<div class=\"wpb-content-wrapper\"><div style=\"\" class=\"vc_row wpb_row vc_row-fluid\"><div class=\"row-inner\"><div class=\"wpb_column vc_column_container vc_col-sm-12\"><div class=\"vc_column-inner\"><div class=\"wpb_wrapper\"><div class=\"vc_empty_space\"   style=\"height: 60px\"><span class=\"vc_empty_space_inner\"><\/span><\/div><\/div><\/div><\/div><\/div><\/div><div style=\"\" class=\"vc_row wpb_row vc_row-fluid vc_row-o-content-middle vc_row-flex\"><div class=\"row-inner\"><div class=\"wpb_column vc_column_container vc_col-sm-12\"><div class=\"vc_column-inner\"><div class=\"wpb_wrapper\"><h2 style=\"text-align: left\" class=\"vc_custom_heading vc_do_custom_heading\" >AVANCES TECNOL\u00d3GICOS<\/h2><div class=\"vc_empty_space\"   style=\"height: 40px\"><span class=\"vc_empty_space_inner\"><\/span><\/div>\t<!-- BEGIN: .projects -->\n\t<div class=\"projects projects-shortcode projects-masonry\">\n\t\t<div class=\"projects-wrap\">\n\n\t\t\t\n\t\t\t\n\t\t\t<div class=\"projects-items\" data-grid=\"{&quot;itemSelector&quot;:&quot;.project&quot;}\" data-columns=\"1\">\n\n\t\t\t\t\t\t\t\t\t<!-- Project -->\n\t\t\t\t\t<div class=\"project post-6951 nproject type-nproject status-publish has-post-thumbnail hentry nproject-category-avances-tecnologicos\">\n\t\t\t\t\t\t<div class=\"project-inner\">\n\t\t\t\t\t\t\t<figure class=\"project-thumbnail\">\n\t\t\t\t\t\t\t\t\t\t\t\t\t\t\t\t<a class=\"featured-image\" href=\"https:\/\/clusterdapizarra.com\/gl\/publications\/mejoras-para-reduccion-exposicion-silice\/\">\n\t\t\t\t\t\t\t\t\t<span>Ponencia \u201dMejoras implementadas para reducci\u00f3n a la exposici\u00f3n al s\u00edlice en la industria de la pizarra\u201d. Jornada T\u00e9cnica \u201cEstrategias de Prevenci\u00f3n y Lucha contra las Enfermedades Profesionales\u201d<\/span>\n\t\t\t\t\t\t\t\t\t<img loading=\"lazy\" decoding=\"async\" width=\"1000\" height=\"600\" src=\"https:\/\/clusterdapizarra.com\/wp-content\/uploads\/2025\/05\/jornada-tecnica-18-11-2024.gif\" class=\"attachment-full\" alt=\"\" \/>\t\t\t\t\t\t\t\t<\/a>\n\t\t\t\t\t\t\t<\/figure>\n\n\t\t\t\t\t\t\t<div class=\"project-info\">\n\t\t\t\t\t\t\t\t<div class=\"project-info-inner\">\n\t\t\t\t\t\t\t\t\t<h2 class=\"project-title\" itemprop=\"name headline\">\n\t\t\t\t\t\t\t\t\t\t<a href=\"https:\/\/clusterdapizarra.com\/gl\/publications\/mejoras-para-reduccion-exposicion-silice\/\">\n\t\t\t\t\t\t\t\t\t\t\tPonencia \u201dMejoras implementadas para reducci\u00f3n a la exposici\u00f3n al s\u00edlice en la industria de la pizarra\u201d. Jornada T\u00e9cnica \u201cEstrategias de Prevenci\u00f3n y Lucha contra las Enfermedades Profesionales\u201d\t\t\t\t\t\t\t\t\t\t<\/a>\n\t\t\t\t\t\t\t\t\t<\/h2>\n\n\t\t\t\t\t\t\t\t\t\n\t\t\t\t\t\t\t\t\t<div class=\"project-meta\">\n\t\t\t\t\t\t\t\t\t\t<a href=\"https:\/\/clusterdapizarra.com\/gl\/categorias-publicaciones\/avances-tecnologicos\/\" rel=\"tag\">Avances tecnol\u00f3gicos<\/a>\t\t\t\t\t\t\t\t\t<\/div>\n\t\t\t\t\t\t\t\t<\/div>\n\t\t\t\t\t\t\t<\/div>\n\t\t\t\t\t\t<\/div>\n\t\t\t\t\t<\/div>\n\t\t\t\t\t<!-- \/Project -->\n\n\t\t\t\t\t\t\t\t\t<!-- Project -->\n\t\t\t\t\t<div class=\"project post-6511 nproject type-nproject status-publish has-post-thumbnail hentry nproject-category-avances-tecnologicos-gl\">\n\t\t\t\t\t\t<div class=\"project-inner\">\n\t\t\t\t\t\t\t<figure class=\"project-thumbnail\">\n\t\t\t\t\t\t\t\t\t\t\t\t\t\t\t\t<a class=\"featured-image\" href=\"https:\/\/clusterdapizarra.com\/gl\/publications\/risco-derivado-da-exposicion-ao-po-de-silice\/\">\n\t\t\t\t\t\t\t\t\t<span>Conclusiones y recomendaciones del proyecto encaminado a la eliminaci\u00f3n del riesgo derivado de la exposici\u00f3n al polvo de s\u00edlice en las f\u00e1bricas del sector de la pizarra en Galicia.<\/span>\n\t\t\t\t\t\t\t\t\t<img loading=\"lazy\" decoding=\"async\" width=\"905\" height=\"543\" src=\"https:\/\/clusterdapizarra.com\/wp-content\/uploads\/2017\/09\/Risco-derivado-da-exposicion-ao-po-de-silice.jpg\" class=\"attachment-full\" alt=\"\" srcset=\"https:\/\/clusterdapizarra.com\/wp-content\/uploads\/2017\/09\/Risco-derivado-da-exposicion-ao-po-de-silice.jpg 905w, https:\/\/clusterdapizarra.com\/wp-content\/uploads\/2017\/09\/Risco-derivado-da-exposicion-ao-po-de-silice-300x180.jpg 300w, https:\/\/clusterdapizarra.com\/wp-content\/uploads\/2017\/09\/Risco-derivado-da-exposicion-ao-po-de-silice-768x461.jpg 768w\" sizes=\"auto, (max-width: 905px) 100vw, 905px\" \/>\t\t\t\t\t\t\t\t<\/a>\n\t\t\t\t\t\t\t<\/figure>\n\n\t\t\t\t\t\t\t<div class=\"project-info\">\n\t\t\t\t\t\t\t\t<div class=\"project-info-inner\">\n\t\t\t\t\t\t\t\t\t<h2 class=\"project-title\" itemprop=\"name headline\">\n\t\t\t\t\t\t\t\t\t\t<a href=\"https:\/\/clusterdapizarra.com\/gl\/publications\/risco-derivado-da-exposicion-ao-po-de-silice\/\">\n\t\t\t\t\t\t\t\t\t\t\tConclusiones y recomendaciones del proyecto encaminado a la eliminaci\u00f3n del riesgo derivado de la exposici\u00f3n al polvo de s\u00edlice en las f\u00e1bricas del sector de la pizarra en Galicia.\t\t\t\t\t\t\t\t\t\t<\/a>\n\t\t\t\t\t\t\t\t\t<\/h2>\n\n\t\t\t\t\t\t\t\t\t\n\t\t\t\t\t\t\t\t\t<div class=\"project-meta\">\n\t\t\t\t\t\t\t\t\t\t<a href=\"https:\/\/clusterdapizarra.com\/gl\/categorias-publicaciones\/avances-tecnologicos-gl\/\" rel=\"tag\">Avances tecnol\u00f3gicos<\/a>\t\t\t\t\t\t\t\t\t<\/div>\n\t\t\t\t\t\t\t\t<\/div>\n\t\t\t\t\t\t\t<\/div>\n\t\t\t\t\t\t<\/div>\n\t\t\t\t\t<\/div>\n\t\t\t\t\t<!-- \/Project -->\n\n\t\t\t\t\t\t\t\t\n\t\t\t<\/div>\n\t\t<\/div>\n\t<\/div>\n\t<!-- END: .projects -->\n<\/div><\/div><\/div><\/div><\/div><div style=\"\" class=\"vc_row wpb_row vc_row-fluid\"><div class=\"row-inner\"><div class=\"wpb_column vc_column_container vc_col-sm-12\"><div class=\"vc_column-inner\"><div class=\"wpb_wrapper\"><div class=\"vc_row wpb_row vc_inner vc_row-fluid vc_column-gap-35\"><div class=\"wpb_column vc_column_container vc_col-sm-4\"><div class=\"vc_column-inner\"><div class=\"wpb_wrapper\"><\/div><\/div><\/div><div class=\"wpb_column vc_column_container vc_col-sm-4\"><div class=\"vc_column-inner\"><div class=\"wpb_wrapper\"><\/div><\/div><\/div><div class=\"wpb_column vc_column_container vc_col-sm-4\"><div class=\"vc_column-inner\"><div class=\"wpb_wrapper\"><\/div><\/div><\/div><\/div><div class=\"vc_row wpb_row vc_inner vc_row-fluid vc_column-gap-35\"><div class=\"wpb_column vc_column_container vc_col-sm-12\"><div class=\"vc_column-inner\"><div class=\"wpb_wrapper\"><div class=\"vc_empty_space\"   style=\"height: 20px\"><span class=\"vc_empty_space_inner\"><\/span><\/div><\/div><\/div><\/div><\/div><\/div><\/div><\/div><\/div><\/div>\n<\/div>","protected":false},"excerpt":{"rendered":"&nbsp;","protected":false},"author":1,"featured_media":0,"parent":0,"menu_order":0,"comment_status":"closed","ping_status":"closed","template":"","meta":{"footnotes":""},"class_list":["post-6912","page","type-page","status-publish","hentry"],"yoast_head":"<!-- This site is optimized with the Yoast SEO plugin v27.5 - https:\/\/yoast.com\/product\/yoast-seo-wordpress\/ -->\n<title>ESAVANCES TECNOL\u00d3GICOS<\/title>\n<meta name=\"robots\" content=\"index, follow, max-snippet:-1, max-image-preview:large, max-video-preview:-1\" \/>\n<link rel=\"canonical\" href=\"https:\/\/clusterdapizarra.com\/gl\/avances-tecnologicos\/\" \/>\n<meta property=\"og:locale\" content=\"gl_ES\" \/>\n<meta property=\"og:type\" content=\"article\" \/>\n<meta property=\"og:title\" content=\"ESAVANCES TECNOL\u00d3GICOS\" \/>\n<meta property=\"og:url\" content=\"https:\/\/clusterdapizarra.com\/gl\/avances-tecnologicos\/\" \/>\n<meta property=\"og:site_name\" content=\"Cluster da Pizarra de Galicia\" \/>\n<meta property=\"article:publisher\" content=\"https:\/\/www.facebook.com\/clusterdapizarra\" \/>\n<meta property=\"article:modified_time\" content=\"2026-02-24T21:30:19+00:00\" \/>\n<meta name=\"twitter:card\" content=\"summary_large_image\" \/>\n<meta name=\"twitter:site\" content=\"@clusterpizarra\" \/>\n<script type=\"application\/ld+json\" class=\"yoast-schema-graph\">{\"@context\":\"https:\\\/\\\/schema.org\",\"@graph\":[{\"@type\":\"WebPage\",\"@id\":\"https:\\\/\\\/clusterdapizarra.com\\\/avances-tecnologicos\\\/\",\"url\":\"https:\\\/\\\/clusterdapizarra.com\\\/avances-tecnologicos\\\/\",\"name\":\"ESAVANCES TECNOL\u00d3GICOS\",\"isPartOf\":{\"@id\":\"https:\\\/\\\/clusterdapizarra.com\\\/#website\"},\"datePublished\":\"2026-02-24T15:42:27+00:00\",\"dateModified\":\"2026-02-24T21:30:19+00:00\",\"breadcrumb\":{\"@id\":\"https:\\\/\\\/clusterdapizarra.com\\\/avances-tecnologicos\\\/#breadcrumb\"},\"inLanguage\":\"gl-ES\",\"potentialAction\":[{\"@type\":\"ReadAction\",\"target\":[\"https:\\\/\\\/clusterdapizarra.com\\\/avances-tecnologicos\\\/\"]}]},{\"@type\":\"BreadcrumbList\",\"@id\":\"https:\\\/\\\/clusterdapizarra.com\\\/avances-tecnologicos\\\/#breadcrumb\",\"itemListElement\":[{\"@type\":\"ListItem\",\"position\":1,\"name\":\"Portada\",\"item\":\"https:\\\/\\\/clusterdapizarra.com\\\/gl\\\/\"},{\"@type\":\"ListItem\",\"position\":2,\"name\":\"Avances Tecnol\u00f3gicos\"}]},{\"@type\":\"WebSite\",\"@id\":\"https:\\\/\\\/clusterdapizarra.com\\\/#website\",\"url\":\"https:\\\/\\\/clusterdapizarra.com\\\/\",\"name\":\"Cl\u00faster da Pizarra de Galicia\",\"description\":\"Los objetivos del Cl\u00faster da Pizarra buscan la promoci\u00f3n de la pizarra gallega en el mercado actual, respondiendo a las nuevas necesidades del sector.\",\"publisher\":{\"@id\":\"https:\\\/\\\/clusterdapizarra.com\\\/#organization\"},\"potentialAction\":[{\"@type\":\"SearchAction\",\"target\":{\"@type\":\"EntryPoint\",\"urlTemplate\":\"https:\\\/\\\/clusterdapizarra.com\\\/?s={search_term_string}\"},\"query-input\":{\"@type\":\"PropertyValueSpecification\",\"valueRequired\":true,\"valueName\":\"search_term_string\"}}],\"inLanguage\":\"gl-ES\"},{\"@type\":\"Organization\",\"@id\":\"https:\\\/\\\/clusterdapizarra.com\\\/#organization\",\"name\":\"Cl\u00faster da Pizarra de Galicia\",\"url\":\"https:\\\/\\\/clusterdapizarra.com\\\/\",\"logo\":{\"@type\":\"ImageObject\",\"inLanguage\":\"gl-ES\",\"@id\":\"https:\\\/\\\/clusterdapizarra.com\\\/#\\\/schema\\\/logo\\\/image\\\/\",\"url\":\"https:\\\/\\\/clusterdapizarra.com\\\/wp-content\\\/uploads\\\/2024\\\/10\\\/logo@2x.png\",\"contentUrl\":\"https:\\\/\\\/clusterdapizarra.com\\\/wp-content\\\/uploads\\\/2024\\\/10\\\/logo@2x.png\",\"width\":430,\"height\":134,\"caption\":\"Cl\u00faster da Pizarra de Galicia\"},\"image\":{\"@id\":\"https:\\\/\\\/clusterdapizarra.com\\\/#\\\/schema\\\/logo\\\/image\\\/\"},\"sameAs\":[\"https:\\\/\\\/www.facebook.com\\\/clusterdapizarra\",\"https:\\\/\\\/x.com\\\/clusterpizarra\",\"https:\\\/\\\/www.linkedin.com\\\/company\\\/clster-de-la-pizarra-de-galicia\\\/\"]}]}<\/script>\n<!-- \/ Yoast SEO plugin. -->","yoast_head_json":{"title":"ESAVANCES TECNOL\u00d3GICOS","robots":{"index":"index","follow":"follow","max-snippet":"max-snippet:-1","max-image-preview":"max-image-preview:large","max-video-preview":"max-video-preview:-1"},"canonical":"https:\/\/clusterdapizarra.com\/gl\/avances-tecnologicos\/","og_locale":"gl_ES","og_type":"article","og_title":"ESAVANCES TECNOL\u00d3GICOS","og_url":"https:\/\/clusterdapizarra.com\/gl\/avances-tecnologicos\/","og_site_name":"Cluster da Pizarra de Galicia","article_publisher":"https:\/\/www.facebook.com\/clusterdapizarra","article_modified_time":"2026-02-24T21:30:19+00:00","twitter_card":"summary_large_image","twitter_site":"@clusterpizarra","schema":{"@context":"https:\/\/schema.org","@graph":[{"@type":"WebPage","@id":"https:\/\/clusterdapizarra.com\/avances-tecnologicos\/","url":"https:\/\/clusterdapizarra.com\/avances-tecnologicos\/","name":"ESAVANCES TECNOL\u00d3GICOS","isPartOf":{"@id":"https:\/\/clusterdapizarra.com\/#website"},"datePublished":"2026-02-24T15:42:27+00:00","dateModified":"2026-02-24T21:30:19+00:00","breadcrumb":{"@id":"https:\/\/clusterdapizarra.com\/avances-tecnologicos\/#breadcrumb"},"inLanguage":"gl-ES","potentialAction":[{"@type":"ReadAction","target":["https:\/\/clusterdapizarra.com\/avances-tecnologicos\/"]}]},{"@type":"BreadcrumbList","@id":"https:\/\/clusterdapizarra.com\/avances-tecnologicos\/#breadcrumb","itemListElement":[{"@type":"ListItem","position":1,"name":"Portada","item":"https:\/\/clusterdapizarra.com\/gl\/"},{"@type":"ListItem","position":2,"name":"Avances Tecnol\u00f3gicos"}]},{"@type":"WebSite","@id":"https:\/\/clusterdapizarra.com\/#website","url":"https:\/\/clusterdapizarra.com\/","name":"Cl\u00faster da Pizarra de Galicia","description":"Los objetivos del Cl\u00faster da Pizarra buscan la promoci\u00f3n de la pizarra gallega en el mercado actual, respondiendo a las nuevas necesidades del sector.","publisher":{"@id":"https:\/\/clusterdapizarra.com\/#organization"},"potentialAction":[{"@type":"SearchAction","target":{"@type":"EntryPoint","urlTemplate":"https:\/\/clusterdapizarra.com\/?s={search_term_string}"},"query-input":{"@type":"PropertyValueSpecification","valueRequired":true,"valueName":"search_term_string"}}],"inLanguage":"gl-ES"},{"@type":"Organization","@id":"https:\/\/clusterdapizarra.com\/#organization","name":"Cl\u00faster da Pizarra de Galicia","url":"https:\/\/clusterdapizarra.com\/","logo":{"@type":"ImageObject","inLanguage":"gl-ES","@id":"https:\/\/clusterdapizarra.com\/#\/schema\/logo\/image\/","url":"https:\/\/clusterdapizarra.com\/wp-content\/uploads\/2024\/10\/logo@2x.png","contentUrl":"https:\/\/clusterdapizarra.com\/wp-content\/uploads\/2024\/10\/logo@2x.png","width":430,"height":134,"caption":"Cl\u00faster da Pizarra de Galicia"},"image":{"@id":"https:\/\/clusterdapizarra.com\/#\/schema\/logo\/image\/"},"sameAs":["https:\/\/www.facebook.com\/clusterdapizarra","https:\/\/x.com\/clusterpizarra","https:\/\/www.linkedin.com\/company\/clster-de-la-pizarra-de-galicia\/"]}]}},"_links":{"self":[{"href":"https:\/\/clusterdapizarra.com\/gl\/wp-json\/wp\/v2\/pages\/6912","targetHints":{"allow":["GET"]}}],"collection":[{"href":"https:\/\/clusterdapizarra.com\/gl\/wp-json\/wp\/v2\/pages"}],"about":[{"href":"https:\/\/clusterdapizarra.com\/gl\/wp-json\/wp\/v2\/types\/page"}],"author":[{"embeddable":true,"href":"https:\/\/clusterdapizarra.com\/gl\/wp-json\/wp\/v2\/users\/1"}],"replies":[{"embeddable":true,"href":"https:\/\/clusterdapizarra.com\/gl\/wp-json\/wp\/v2\/comments?post=6912"}],"version-history":[{"count":0,"href":"https:\/\/clusterdapizarra.com\/gl\/wp-json\/wp\/v2\/pages\/6912\/revisions"}],"wp:attachment":[{"href":"https:\/\/clusterdapizarra.com\/gl\/wp-json\/wp\/v2\/media?parent=6912"}],"curies":[{"name":"wp","href":"https:\/\/api.w.org\/{rel}","templated":true}]}}