{"id":6248,"date":"2025-07-17T11:25:31","date_gmt":"2025-07-17T09:25:31","guid":{"rendered":"https:\/\/clusterdapizarra.com\/objetos-bim\/"},"modified":"2025-03-21T09:26:32","modified_gmt":"2025-03-21T08:26:32","slug":"obxetos-bim","status":"publish","type":"page","link":"https:\/\/clusterdapizarra.com\/gl\/obxetos-bim\/","title":{"rendered":"Obxetos BIM"},"content":{"rendered":"<div class=\"wpb-content-wrapper\"><div style=\"\" class=\"vc_row wpb_row vc_row-fluid\"><div class=\"row-inner\"><div class=\"wpb_column vc_column_container vc_col-sm-12\"><div class=\"vc_column-inner\"><div class=\"wpb_wrapper\"><div class=\"vc_empty_space\"   style=\"height: 50px\"><span class=\"vc_empty_space_inner\"><\/span><\/div>\n\t<div class=\"wpb_text_column wpb_content_element\" >\n\t\t<div class=\"wpb_wrapper\">\n\t\t\t<p>A Building Information Modeling (BIM) \u00e9 unha innovadora metodolox\u00eda tecnol\u00f3xica colaborativa que achega valor a todos os axentes que interve\u00f1en no proceso de dese\u00f1o e execuci\u00f3n dos proxectos, e que mellora a calidade do produto final. O Cl\u00faster da Pizarra de Galicia, no seu af\u00e1n de adaptaci\u00f3n \u00e1s novas tecnolox\u00edas, desenvolveu unha biblioteca de obxectos BIM, con soluci\u00f3ns construtivas en lousa para fachada e cuberta. O seu obxectivo \u00e9 facilitar a incorporaci\u00f3n deste material no dese\u00f1o e execuci\u00f3n de todo tipo de documentaci\u00f3n. A descarga dos obxectos BIM \u00e9 aberta e totalmente gratu\u00edta para os usuarios.<\/p>\n\n\t\t<\/div>\n\t<\/div>\n<div class=\"vc_empty_space\"   style=\"height: 32px\"><span class=\"vc_empty_space_inner\"><\/span><\/div><\/div><\/div><\/div><\/div><\/div><div style=\"\" data-vc-stretch-content=\"true\" class=\"vc_row wpb_row vc_row-fluid\"><div class=\"row-inner\"><div class=\"wpb_column vc_column_container vc_col-sm-12\"><div class=\"vc_column-inner\"><div class=\"wpb_wrapper\">\n\t<div class=\"wpb_text_column wpb_content_element\" >\n\t\t<div class=\"wpb_wrapper\">\n\t\t\t<p><iframe loading=\"lazy\" src=\"\/\/productsite.bimobject.com\/embed\/cluster-da-pizarra-de-galicia\/privatecloud\/cluster-de-pizarra-webintegration\" width=\"100%\" height=\"1000\" frameborder=\"0\" scrolling=\"auto\"><span data-mce-type=\"bookmark\" style=\"display: inline-block; width: 0px; overflow: hidden; line-height: 0;\" class=\"mce_SELRES_start\"><\/span><\/iframe><\/p>\n\n\t\t<\/div>\n\t<\/div>\n<\/div><\/div><\/div><\/div><\/div>\n<\/div>","protected":false},"excerpt":{"rendered":"A Building Information Modeling (BIM) \u00e9 unha innovadora metodolox\u00eda tecnol\u00f3xica colaborativa que achega valor a todos os axentes que interve\u00f1en no proceso de dese\u00f1o e execuci\u00f3n dos proxectos, e que mellora a calidade do produto final. O Cl\u00faster da Pizarra de Galicia, no seu af\u00e1n de adaptaci\u00f3n \u00e1s novas tecnolox\u00edas, desenvolveu unha biblioteca de obxectos [...]","protected":false},"author":1,"featured_media":0,"parent":0,"menu_order":0,"comment_status":"closed","ping_status":"closed","template":"","meta":{"footnotes":""},"class_list":["post-6248","page","type-page","status-publish","hentry"],"yoast_head":"<!-- This site is optimized with the Yoast SEO plugin v27.5 - https:\/\/yoast.com\/product\/yoast-seo-wordpress\/ -->\n<title>Obxetos BIM<\/title>\n<meta name=\"robots\" content=\"index, follow, max-snippet:-1, max-image-preview:large, max-video-preview:-1\" \/>\n<link rel=\"canonical\" href=\"https:\/\/clusterdapizarra.com\/gl\/obxetos-bim\/\" \/>\n<meta property=\"og:locale\" content=\"gl_ES\" \/>\n<meta property=\"og:type\" content=\"article\" \/>\n<meta property=\"og:title\" content=\"Obxetos BIM\" \/>\n<meta property=\"og:url\" content=\"https:\/\/clusterdapizarra.com\/gl\/obxetos-bim\/\" \/>\n<meta property=\"og:site_name\" content=\"Cluster da Pizarra de Galicia\" \/>\n<meta property=\"article:publisher\" content=\"https:\/\/www.facebook.com\/clusterdapizarra\" \/>\n<meta name=\"twitter:card\" content=\"summary_large_image\" \/>\n<meta name=\"twitter:site\" content=\"@clusterpizarra\" \/>\n<script type=\"application\/ld+json\" class=\"yoast-schema-graph\">{\"@context\":\"https:\\\/\\\/schema.org\",\"@graph\":[{\"@type\":\"WebPage\",\"@id\":\"https:\\\/\\\/clusterdapizarra.com\\\/gl\\\/obxetos-bim\\\/\",\"url\":\"https:\\\/\\\/clusterdapizarra.com\\\/gl\\\/obxetos-bim\\\/\",\"name\":\"Obxetos BIM\",\"isPartOf\":{\"@id\":\"https:\\\/\\\/clusterdapizarra.com\\\/#website\"},\"datePublished\":\"2025-07-17T09:25:31+00:00\",\"breadcrumb\":{\"@id\":\"https:\\\/\\\/clusterdapizarra.com\\\/gl\\\/obxetos-bim\\\/#breadcrumb\"},\"inLanguage\":\"gl-ES\",\"potentialAction\":[{\"@type\":\"ReadAction\",\"target\":[\"https:\\\/\\\/clusterdapizarra.com\\\/gl\\\/obxetos-bim\\\/\"]}]},{\"@type\":\"BreadcrumbList\",\"@id\":\"https:\\\/\\\/clusterdapizarra.com\\\/gl\\\/obxetos-bim\\\/#breadcrumb\",\"itemListElement\":[{\"@type\":\"ListItem\",\"position\":1,\"name\":\"Portada\",\"item\":\"https:\\\/\\\/clusterdapizarra.com\\\/gl\\\/\"},{\"@type\":\"ListItem\",\"position\":2,\"name\":\"Obxetos BIM\"}]},{\"@type\":\"WebSite\",\"@id\":\"https:\\\/\\\/clusterdapizarra.com\\\/#website\",\"url\":\"https:\\\/\\\/clusterdapizarra.com\\\/\",\"name\":\"Cl\u00faster da Pizarra de Galicia\",\"description\":\"Los objetivos del Cl\u00faster da Pizarra buscan la promoci\u00f3n de la pizarra gallega en el mercado actual, respondiendo a las nuevas necesidades del sector.\",\"publisher\":{\"@id\":\"https:\\\/\\\/clusterdapizarra.com\\\/#organization\"},\"potentialAction\":[{\"@type\":\"SearchAction\",\"target\":{\"@type\":\"EntryPoint\",\"urlTemplate\":\"https:\\\/\\\/clusterdapizarra.com\\\/?s={search_term_string}\"},\"query-input\":{\"@type\":\"PropertyValueSpecification\",\"valueRequired\":true,\"valueName\":\"search_term_string\"}}],\"inLanguage\":\"gl-ES\"},{\"@type\":\"Organization\",\"@id\":\"https:\\\/\\\/clusterdapizarra.com\\\/#organization\",\"name\":\"Cl\u00faster da Pizarra de Galicia\",\"url\":\"https:\\\/\\\/clusterdapizarra.com\\\/\",\"logo\":{\"@type\":\"ImageObject\",\"inLanguage\":\"gl-ES\",\"@id\":\"https:\\\/\\\/clusterdapizarra.com\\\/#\\\/schema\\\/logo\\\/image\\\/\",\"url\":\"https:\\\/\\\/clusterdapizarra.com\\\/wp-content\\\/uploads\\\/2024\\\/10\\\/logo@2x.png\",\"contentUrl\":\"https:\\\/\\\/clusterdapizarra.com\\\/wp-content\\\/uploads\\\/2024\\\/10\\\/logo@2x.png\",\"width\":430,\"height\":134,\"caption\":\"Cl\u00faster da Pizarra de Galicia\"},\"image\":{\"@id\":\"https:\\\/\\\/clusterdapizarra.com\\\/#\\\/schema\\\/logo\\\/image\\\/\"},\"sameAs\":[\"https:\\\/\\\/www.facebook.com\\\/clusterdapizarra\",\"https:\\\/\\\/x.com\\\/clusterpizarra\",\"https:\\\/\\\/www.linkedin.com\\\/company\\\/clster-de-la-pizarra-de-galicia\\\/\"]}]}<\/script>\n<!-- \/ Yoast SEO plugin. -->","yoast_head_json":{"title":"Obxetos BIM","robots":{"index":"index","follow":"follow","max-snippet":"max-snippet:-1","max-image-preview":"max-image-preview:large","max-video-preview":"max-video-preview:-1"},"canonical":"https:\/\/clusterdapizarra.com\/gl\/obxetos-bim\/","og_locale":"gl_ES","og_type":"article","og_title":"Obxetos BIM","og_url":"https:\/\/clusterdapizarra.com\/gl\/obxetos-bim\/","og_site_name":"Cluster da Pizarra de Galicia","article_publisher":"https:\/\/www.facebook.com\/clusterdapizarra","twitter_card":"summary_large_image","twitter_site":"@clusterpizarra","schema":{"@context":"https:\/\/schema.org","@graph":[{"@type":"WebPage","@id":"https:\/\/clusterdapizarra.com\/gl\/obxetos-bim\/","url":"https:\/\/clusterdapizarra.com\/gl\/obxetos-bim\/","name":"Obxetos BIM","isPartOf":{"@id":"https:\/\/clusterdapizarra.com\/#website"},"datePublished":"2025-07-17T09:25:31+00:00","breadcrumb":{"@id":"https:\/\/clusterdapizarra.com\/gl\/obxetos-bim\/#breadcrumb"},"inLanguage":"gl-ES","potentialAction":[{"@type":"ReadAction","target":["https:\/\/clusterdapizarra.com\/gl\/obxetos-bim\/"]}]},{"@type":"BreadcrumbList","@id":"https:\/\/clusterdapizarra.com\/gl\/obxetos-bim\/#breadcrumb","itemListElement":[{"@type":"ListItem","position":1,"name":"Portada","item":"https:\/\/clusterdapizarra.com\/gl\/"},{"@type":"ListItem","position":2,"name":"Obxetos BIM"}]},{"@type":"WebSite","@id":"https:\/\/clusterdapizarra.com\/#website","url":"https:\/\/clusterdapizarra.com\/","name":"Cl\u00faster da Pizarra de Galicia","description":"Los objetivos del Cl\u00faster da Pizarra buscan la promoci\u00f3n de la pizarra gallega en el mercado actual, respondiendo a las nuevas necesidades del sector.","publisher":{"@id":"https:\/\/clusterdapizarra.com\/#organization"},"potentialAction":[{"@type":"SearchAction","target":{"@type":"EntryPoint","urlTemplate":"https:\/\/clusterdapizarra.com\/?s={search_term_string}"},"query-input":{"@type":"PropertyValueSpecification","valueRequired":true,"valueName":"search_term_string"}}],"inLanguage":"gl-ES"},{"@type":"Organization","@id":"https:\/\/clusterdapizarra.com\/#organization","name":"Cl\u00faster da Pizarra de Galicia","url":"https:\/\/clusterdapizarra.com\/","logo":{"@type":"ImageObject","inLanguage":"gl-ES","@id":"https:\/\/clusterdapizarra.com\/#\/schema\/logo\/image\/","url":"https:\/\/clusterdapizarra.com\/wp-content\/uploads\/2024\/10\/logo@2x.png","contentUrl":"https:\/\/clusterdapizarra.com\/wp-content\/uploads\/2024\/10\/logo@2x.png","width":430,"height":134,"caption":"Cl\u00faster da Pizarra de Galicia"},"image":{"@id":"https:\/\/clusterdapizarra.com\/#\/schema\/logo\/image\/"},"sameAs":["https:\/\/www.facebook.com\/clusterdapizarra","https:\/\/x.com\/clusterpizarra","https:\/\/www.linkedin.com\/company\/clster-de-la-pizarra-de-galicia\/"]}]}},"_links":{"self":[{"href":"https:\/\/clusterdapizarra.com\/gl\/wp-json\/wp\/v2\/pages\/6248","targetHints":{"allow":["GET"]}}],"collection":[{"href":"https:\/\/clusterdapizarra.com\/gl\/wp-json\/wp\/v2\/pages"}],"about":[{"href":"https:\/\/clusterdapizarra.com\/gl\/wp-json\/wp\/v2\/types\/page"}],"author":[{"embeddable":true,"href":"https:\/\/clusterdapizarra.com\/gl\/wp-json\/wp\/v2\/users\/1"}],"replies":[{"embeddable":true,"href":"https:\/\/clusterdapizarra.com\/gl\/wp-json\/wp\/v2\/comments?post=6248"}],"version-history":[{"count":0,"href":"https:\/\/clusterdapizarra.com\/gl\/wp-json\/wp\/v2\/pages\/6248\/revisions"}],"wp:attachment":[{"href":"https:\/\/clusterdapizarra.com\/gl\/wp-json\/wp\/v2\/media?parent=6248"}],"curies":[{"name":"wp","href":"https:\/\/api.w.org\/{rel}","templated":true}]}}