{"id":6243,"date":"2025-07-17T15:52:48","date_gmt":"2025-07-17T13:52:48","guid":{"rendered":"https:\/\/clusterdapizarra.com\/tabla-de-recubrimientos\/"},"modified":"2026-04-11T21:39:57","modified_gmt":"2026-04-11T19:39:57","slug":"taboas-de-recubrimento","status":"publish","type":"page","link":"https:\/\/clusterdapizarra.com\/gl\/taboas-de-recubrimento\/","title":{"rendered":"T\u00e1boas de Recubrimento"},"content":{"rendered":"<div class=\"wpb-content-wrapper\"><div style=\"\" class=\"vc_row wpb_row vc_row-fluid vc_custom_1737986946417 vc_row-has-fill\"><div class=\"row-inner\"><div class=\"wpb_column vc_column_container vc_col-sm-2\"><div class=\"vc_column-inner\"><div class=\"wpb_wrapper\"><\/div><\/div><\/div><div class=\"wpb_column vc_column_container vc_col-sm-8\"><div class=\"vc_column-inner\"><div class=\"wpb_wrapper\">\n\t<div class=\"wpb_text_column wpb_content_element wpb_animate_when_almost_visible wpb_appear appear vc_custom_1744367105831 shadow\" >\n\t\t<div class=\"wpb_wrapper\">\n\t\t\t<h3 class=\"no-margin-top\" style=\"text-align: center; font-size: 2rem;\">T\u00e1boas de Recubrimento<\/h3>\n\n\t\t<\/div>\n\t<\/div>\n<\/div><\/div><\/div><div class=\"wpb_column vc_column_container vc_col-sm-2\"><div class=\"vc_column-inner\"><div class=\"wpb_wrapper\"><\/div><\/div><\/div><\/div><\/div><div style=\"\" class=\"vc_row wpb_row vc_row-fluid\"><div class=\"row-inner\"><div class=\"wpb_column vc_column_container vc_col-sm-12\"><div class=\"vc_column-inner\"><div class=\"wpb_wrapper\"><div class=\"vc_empty_space\"   style=\"height: 10px\"><span class=\"vc_empty_space_inner\"><\/span><\/div><h3 style=\"text-align: left\" class=\"vc_custom_heading vc_do_custom_heading\" >T\u00e1boas de recubrimento para colocaci\u00f3n de pizarra con gancho e con cravo<\/h3><div class=\"vc_empty_space\"   style=\"height: 20px\"><span class=\"vc_empty_space_inner\"><\/span><\/div>\n\t<div class=\"wpb_text_column wpb_content_element\" >\n\t\t<div class=\"wpb_wrapper\">\n\t\t\t<p>Na instalaci\u00f3n de pizarra natural \u00e9 fundamental garantir un recubrimento axeitado para asegurar a durabilidade e resistencia da cuberta fronte \u00e1s condici\u00f3ns clim\u00e1ticas. A t\u00e1boa que se mostra a continuaci\u00f3n ofrece valores recomendados de recubrimento, segundo a pendente da cuberta e a rexi\u00f3n clim\u00e1tica.<\/p>\n<p>Consulta os datos para elixir o recubrimento ideal en funci\u00f3n das caracter\u00edsticas do teu proxecto e garantir un acabado seguro e eficiente.<\/p>\n\n\t\t<\/div>\n\t<\/div>\n<div class=\"vc_empty_space\"   style=\"height: 30px\"><span class=\"vc_empty_space_inner\"><\/span><\/div><\/div><\/div><\/div><\/div><\/div><div style=\"\" class=\"vc_row wpb_row vc_row-fluid\"><div class=\"row-inner\"><div class=\"wpb_column vc_column_container vc_col-sm-6\"><div class=\"vc_column-inner\"><div class=\"wpb_wrapper\">\n\t<div class=\"wpb_text_column wpb_content_element\" >\n\t\t<div class=\"wpb_wrapper\">\n\t\t\t<p style=\"text-align: center;\"><strong>Colocaci\u00f3n con clavo<\/strong><\/p>\n\n\t\t<\/div>\n\t<\/div>\n\n\t<div  class=\"wpb_single_image wpb_content_element vc_align_left wpb_content_element\">\n\t\t\n\t\t<figure class=\"wpb_wrapper vc_figure\">\n\t\t\t<a class=\"\" data-lightbox=\"lightbox[rel-6243-1743171997]\" href=\"https:\/\/clusterdapizarra.com\/wp-content\/uploads\/2025\/04\/Tablas-recubrimiento-colocacion-clavo-1024x749.png\" target=\"_self\"><img loading=\"lazy\" decoding=\"async\" width=\"1990\" height=\"1455\" src=\"https:\/\/clusterdapizarra.com\/wp-content\/uploads\/2025\/04\/Tablas-recubrimiento-colocacion-clavo.png\" class=\"vc_single_image-img attachment-full\" alt=\"\" title=\"Tablas-recubrimiento-colocacion-clavo\" srcset=\"https:\/\/clusterdapizarra.com\/wp-content\/uploads\/2025\/04\/Tablas-recubrimiento-colocacion-clavo.png 1990w, https:\/\/clusterdapizarra.com\/wp-content\/uploads\/2025\/04\/Tablas-recubrimiento-colocacion-clavo-300x219.png 300w, https:\/\/clusterdapizarra.com\/wp-content\/uploads\/2025\/04\/Tablas-recubrimiento-colocacion-clavo-1024x749.png 1024w, https:\/\/clusterdapizarra.com\/wp-content\/uploads\/2025\/04\/Tablas-recubrimiento-colocacion-clavo-768x562.png 768w, https:\/\/clusterdapizarra.com\/wp-content\/uploads\/2025\/04\/Tablas-recubrimiento-colocacion-clavo-1536x1123.png 1536w, https:\/\/clusterdapizarra.com\/wp-content\/uploads\/2025\/04\/Tablas-recubrimiento-colocacion-clavo-16x12.png 16w\" sizes=\"auto, (max-width: 1990px) 100vw, 1990px\" \/><\/a>\n\t\t<\/figure>\n\t<\/div>\n<div class=\"vc_empty_space\"   style=\"height: 30px\"><span class=\"vc_empty_space_inner\"><\/span><\/div><\/div><\/div><\/div><div class=\"wpb_column vc_column_container vc_col-sm-6\"><div class=\"vc_column-inner\"><div class=\"wpb_wrapper\">\n\t<div class=\"wpb_text_column wpb_content_element\" >\n\t\t<div class=\"wpb_wrapper\">\n\t\t\t<p style=\"text-align: center;\"><strong>Colocaci\u00f3n con gancho<\/strong><\/p>\n\n\t\t<\/div>\n\t<\/div>\n\n\t<div  class=\"wpb_single_image wpb_content_element vc_align_left wpb_content_element\">\n\t\t\n\t\t<figure class=\"wpb_wrapper vc_figure\">\n\t\t\t<a class=\"\" data-lightbox=\"lightbox[rel-6243-1434056588]\" href=\"https:\/\/clusterdapizarra.com\/wp-content\/uploads\/2025\/04\/Tablas-recubrimiento-colocacion-gancho-1024x749.png\" target=\"_self\"><img loading=\"lazy\" decoding=\"async\" width=\"1990\" height=\"1455\" src=\"https:\/\/clusterdapizarra.com\/wp-content\/uploads\/2025\/04\/Tablas-recubrimiento-colocacion-gancho.png\" class=\"vc_single_image-img attachment-full\" alt=\"\" title=\"Tablas-recubrimiento-colocacion-gancho\" srcset=\"https:\/\/clusterdapizarra.com\/wp-content\/uploads\/2025\/04\/Tablas-recubrimiento-colocacion-gancho.png 1990w, https:\/\/clusterdapizarra.com\/wp-content\/uploads\/2025\/04\/Tablas-recubrimiento-colocacion-gancho-300x219.png 300w, https:\/\/clusterdapizarra.com\/wp-content\/uploads\/2025\/04\/Tablas-recubrimiento-colocacion-gancho-1024x749.png 1024w, https:\/\/clusterdapizarra.com\/wp-content\/uploads\/2025\/04\/Tablas-recubrimiento-colocacion-gancho-768x562.png 768w, https:\/\/clusterdapizarra.com\/wp-content\/uploads\/2025\/04\/Tablas-recubrimiento-colocacion-gancho-1536x1123.png 1536w, https:\/\/clusterdapizarra.com\/wp-content\/uploads\/2025\/04\/Tablas-recubrimiento-colocacion-gancho-16x12.png 16w\" sizes=\"auto, (max-width: 1990px) 100vw, 1990px\" \/><\/a>\n\t\t<\/figure>\n\t<\/div>\n<div class=\"vc_empty_space\"   style=\"height: 30px\"><span class=\"vc_empty_space_inner\"><\/span><\/div><\/div><\/div><\/div><\/div><\/div>\n<\/div>","protected":false},"excerpt":{"rendered":"T\u00e1boas de Recubrimento T\u00e1boas de recubrimento para colocaci\u00f3n de pizarra con gancho e con cravo Na instalaci\u00f3n de pizarra natural \u00e9 fundamental garantir un recubrimento axeitado para asegurar a durabilidade e resistencia da cuberta fronte \u00e1s condici\u00f3ns clim\u00e1ticas. A t\u00e1boa que se mostra a continuaci\u00f3n ofrece valores recomendados de recubrimento, segundo a pendente da cuberta [...]","protected":false},"author":1,"featured_media":0,"parent":0,"menu_order":0,"comment_status":"closed","ping_status":"closed","template":"","meta":{"footnotes":""},"class_list":["post-6243","page","type-page","status-publish","hentry"],"yoast_head":"<!-- This site is optimized with the Yoast SEO plugin v27.5 - https:\/\/yoast.com\/product\/yoast-seo-wordpress\/ -->\n<title>T\u00e1boas de Recubrimento<\/title>\n<meta name=\"robots\" content=\"index, follow, max-snippet:-1, max-image-preview:large, max-video-preview:-1\" \/>\n<link rel=\"canonical\" href=\"https:\/\/clusterdapizarra.com\/gl\/taboas-de-recubrimento\/\" \/>\n<meta property=\"og:locale\" content=\"gl_ES\" \/>\n<meta property=\"og:type\" content=\"article\" \/>\n<meta property=\"og:title\" content=\"T\u00e1boas de Recubrimento\" \/>\n<meta property=\"og:url\" content=\"https:\/\/clusterdapizarra.com\/gl\/taboas-de-recubrimento\/\" \/>\n<meta property=\"og:site_name\" content=\"Cluster da Pizarra de Galicia\" \/>\n<meta property=\"article:publisher\" content=\"https:\/\/www.facebook.com\/clusterdapizarra\" \/>\n<meta property=\"article:modified_time\" content=\"2026-04-11T19:39:57+00:00\" \/>\n<meta name=\"twitter:card\" content=\"summary_large_image\" \/>\n<meta name=\"twitter:site\" content=\"@clusterpizarra\" \/>\n<script type=\"application\/ld+json\" class=\"yoast-schema-graph\">{\"@context\":\"https:\\\/\\\/schema.org\",\"@graph\":[{\"@type\":\"WebPage\",\"@id\":\"https:\\\/\\\/clusterdapizarra.com\\\/gl\\\/taboas-de-recubrimento\\\/\",\"url\":\"https:\\\/\\\/clusterdapizarra.com\\\/gl\\\/taboas-de-recubrimento\\\/\",\"name\":\"T\u00e1boas de Recubrimento\",\"isPartOf\":{\"@id\":\"https:\\\/\\\/clusterdapizarra.com\\\/#website\"},\"datePublished\":\"2025-07-17T13:52:48+00:00\",\"dateModified\":\"2026-04-11T19:39:57+00:00\",\"breadcrumb\":{\"@id\":\"https:\\\/\\\/clusterdapizarra.com\\\/gl\\\/taboas-de-recubrimento\\\/#breadcrumb\"},\"inLanguage\":\"gl-ES\",\"potentialAction\":[{\"@type\":\"ReadAction\",\"target\":[\"https:\\\/\\\/clusterdapizarra.com\\\/gl\\\/taboas-de-recubrimento\\\/\"]}]},{\"@type\":\"BreadcrumbList\",\"@id\":\"https:\\\/\\\/clusterdapizarra.com\\\/gl\\\/taboas-de-recubrimento\\\/#breadcrumb\",\"itemListElement\":[{\"@type\":\"ListItem\",\"position\":1,\"name\":\"Portada\",\"item\":\"https:\\\/\\\/clusterdapizarra.com\\\/gl\\\/\"},{\"@type\":\"ListItem\",\"position\":2,\"name\":\"T\u00e1boas de Recubrimento\"}]},{\"@type\":\"WebSite\",\"@id\":\"https:\\\/\\\/clusterdapizarra.com\\\/#website\",\"url\":\"https:\\\/\\\/clusterdapizarra.com\\\/\",\"name\":\"Cl\u00faster da Pizarra de Galicia\",\"description\":\"Los objetivos del Cl\u00faster da Pizarra buscan la promoci\u00f3n de la pizarra gallega en el mercado actual, respondiendo a las nuevas necesidades del sector.\",\"publisher\":{\"@id\":\"https:\\\/\\\/clusterdapizarra.com\\\/#organization\"},\"potentialAction\":[{\"@type\":\"SearchAction\",\"target\":{\"@type\":\"EntryPoint\",\"urlTemplate\":\"https:\\\/\\\/clusterdapizarra.com\\\/?s={search_term_string}\"},\"query-input\":{\"@type\":\"PropertyValueSpecification\",\"valueRequired\":true,\"valueName\":\"search_term_string\"}}],\"inLanguage\":\"gl-ES\"},{\"@type\":\"Organization\",\"@id\":\"https:\\\/\\\/clusterdapizarra.com\\\/#organization\",\"name\":\"Cl\u00faster da Pizarra de Galicia\",\"url\":\"https:\\\/\\\/clusterdapizarra.com\\\/\",\"logo\":{\"@type\":\"ImageObject\",\"inLanguage\":\"gl-ES\",\"@id\":\"https:\\\/\\\/clusterdapizarra.com\\\/#\\\/schema\\\/logo\\\/image\\\/\",\"url\":\"https:\\\/\\\/clusterdapizarra.com\\\/wp-content\\\/uploads\\\/2024\\\/10\\\/logo@2x.png\",\"contentUrl\":\"https:\\\/\\\/clusterdapizarra.com\\\/wp-content\\\/uploads\\\/2024\\\/10\\\/logo@2x.png\",\"width\":430,\"height\":134,\"caption\":\"Cl\u00faster da Pizarra de Galicia\"},\"image\":{\"@id\":\"https:\\\/\\\/clusterdapizarra.com\\\/#\\\/schema\\\/logo\\\/image\\\/\"},\"sameAs\":[\"https:\\\/\\\/www.facebook.com\\\/clusterdapizarra\",\"https:\\\/\\\/x.com\\\/clusterpizarra\",\"https:\\\/\\\/www.linkedin.com\\\/company\\\/clster-de-la-pizarra-de-galicia\\\/\"]}]}<\/script>\n<!-- \/ Yoast SEO plugin. -->","yoast_head_json":{"title":"T\u00e1boas de Recubrimento","robots":{"index":"index","follow":"follow","max-snippet":"max-snippet:-1","max-image-preview":"max-image-preview:large","max-video-preview":"max-video-preview:-1"},"canonical":"https:\/\/clusterdapizarra.com\/gl\/taboas-de-recubrimento\/","og_locale":"gl_ES","og_type":"article","og_title":"T\u00e1boas de Recubrimento","og_url":"https:\/\/clusterdapizarra.com\/gl\/taboas-de-recubrimento\/","og_site_name":"Cluster da Pizarra de Galicia","article_publisher":"https:\/\/www.facebook.com\/clusterdapizarra","article_modified_time":"2026-04-11T19:39:57+00:00","twitter_card":"summary_large_image","twitter_site":"@clusterpizarra","schema":{"@context":"https:\/\/schema.org","@graph":[{"@type":"WebPage","@id":"https:\/\/clusterdapizarra.com\/gl\/taboas-de-recubrimento\/","url":"https:\/\/clusterdapizarra.com\/gl\/taboas-de-recubrimento\/","name":"T\u00e1boas de Recubrimento","isPartOf":{"@id":"https:\/\/clusterdapizarra.com\/#website"},"datePublished":"2025-07-17T13:52:48+00:00","dateModified":"2026-04-11T19:39:57+00:00","breadcrumb":{"@id":"https:\/\/clusterdapizarra.com\/gl\/taboas-de-recubrimento\/#breadcrumb"},"inLanguage":"gl-ES","potentialAction":[{"@type":"ReadAction","target":["https:\/\/clusterdapizarra.com\/gl\/taboas-de-recubrimento\/"]}]},{"@type":"BreadcrumbList","@id":"https:\/\/clusterdapizarra.com\/gl\/taboas-de-recubrimento\/#breadcrumb","itemListElement":[{"@type":"ListItem","position":1,"name":"Portada","item":"https:\/\/clusterdapizarra.com\/gl\/"},{"@type":"ListItem","position":2,"name":"T\u00e1boas de Recubrimento"}]},{"@type":"WebSite","@id":"https:\/\/clusterdapizarra.com\/#website","url":"https:\/\/clusterdapizarra.com\/","name":"Cl\u00faster da Pizarra de Galicia","description":"Los objetivos del Cl\u00faster da Pizarra buscan la promoci\u00f3n de la pizarra gallega en el mercado actual, respondiendo a las nuevas necesidades del sector.","publisher":{"@id":"https:\/\/clusterdapizarra.com\/#organization"},"potentialAction":[{"@type":"SearchAction","target":{"@type":"EntryPoint","urlTemplate":"https:\/\/clusterdapizarra.com\/?s={search_term_string}"},"query-input":{"@type":"PropertyValueSpecification","valueRequired":true,"valueName":"search_term_string"}}],"inLanguage":"gl-ES"},{"@type":"Organization","@id":"https:\/\/clusterdapizarra.com\/#organization","name":"Cl\u00faster da Pizarra de Galicia","url":"https:\/\/clusterdapizarra.com\/","logo":{"@type":"ImageObject","inLanguage":"gl-ES","@id":"https:\/\/clusterdapizarra.com\/#\/schema\/logo\/image\/","url":"https:\/\/clusterdapizarra.com\/wp-content\/uploads\/2024\/10\/logo@2x.png","contentUrl":"https:\/\/clusterdapizarra.com\/wp-content\/uploads\/2024\/10\/logo@2x.png","width":430,"height":134,"caption":"Cl\u00faster da Pizarra de Galicia"},"image":{"@id":"https:\/\/clusterdapizarra.com\/#\/schema\/logo\/image\/"},"sameAs":["https:\/\/www.facebook.com\/clusterdapizarra","https:\/\/x.com\/clusterpizarra","https:\/\/www.linkedin.com\/company\/clster-de-la-pizarra-de-galicia\/"]}]}},"_links":{"self":[{"href":"https:\/\/clusterdapizarra.com\/gl\/wp-json\/wp\/v2\/pages\/6243","targetHints":{"allow":["GET"]}}],"collection":[{"href":"https:\/\/clusterdapizarra.com\/gl\/wp-json\/wp\/v2\/pages"}],"about":[{"href":"https:\/\/clusterdapizarra.com\/gl\/wp-json\/wp\/v2\/types\/page"}],"author":[{"embeddable":true,"href":"https:\/\/clusterdapizarra.com\/gl\/wp-json\/wp\/v2\/users\/1"}],"replies":[{"embeddable":true,"href":"https:\/\/clusterdapizarra.com\/gl\/wp-json\/wp\/v2\/comments?post=6243"}],"version-history":[{"count":0,"href":"https:\/\/clusterdapizarra.com\/gl\/wp-json\/wp\/v2\/pages\/6243\/revisions"}],"wp:attachment":[{"href":"https:\/\/clusterdapizarra.com\/gl\/wp-json\/wp\/v2\/media?parent=6243"}],"curies":[{"name":"wp","href":"https:\/\/api.w.org\/{rel}","templated":true}]}}