{"id":6219,"date":"2025-07-17T02:35:56","date_gmt":"2025-07-17T00:35:56","guid":{"rendered":"https:\/\/clusterdapizarra.com\/preguntas-mas-frecuentes\/"},"modified":"2026-04-11T20:47:18","modified_gmt":"2026-04-11T18:47:18","slug":"preguntas-frecuentes","status":"publish","type":"page","link":"https:\/\/clusterdapizarra.com\/gl\/preguntas-frecuentes\/","title":{"rendered":"Preguntas frecuentes"},"content":{"rendered":"<div class=\"wpb-content-wrapper\"><div style=\"\" class=\"vc_row wpb_row vc_row-fluid vc_custom_1737981795698 vc_row-has-fill\"><div class=\"row-inner\"><div class=\"wpb_column vc_column_container vc_col-sm-2\"><div class=\"vc_column-inner\"><div class=\"wpb_wrapper\"><\/div><\/div><\/div><div class=\"wpb_column vc_column_container vc_col-sm-8\"><div class=\"vc_column-inner\"><div class=\"wpb_wrapper\">\n\t<div class=\"wpb_text_column wpb_content_element wpb_animate_when_almost_visible wpb_appear appear vc_custom_1775911624817 shadow\" >\n\t\t<div class=\"wpb_wrapper\">\n\t\t\t<h3 class=\"no-margin-top\" style=\"text-align: center; font-size: 2rem;\">Preguntas m\u00e1is Frecuentes<\/h3>\n\n\t\t<\/div>\n\t<\/div>\n<\/div><\/div><\/div><div class=\"wpb_column vc_column_container vc_col-sm-2\"><div class=\"vc_column-inner\"><div class=\"wpb_wrapper\"><\/div><\/div><\/div><\/div><\/div><div style=\"\" class=\"vc_row wpb_row vc_row-fluid\"><div class=\"row-inner\"><div class=\"wpb_column vc_column_container vc_col-sm-12\"><div class=\"vc_column-inner\"><div class=\"wpb_wrapper\"><div class=\"vc_row wpb_row vc_inner vc_row-fluid\"><div class=\"wpb_column vc_column_container vc_col-sm-3\"><div class=\"vc_column-inner\"><div class=\"wpb_wrapper\"><h3 style=\"text-align: left\" class=\"vc_custom_heading vc_do_custom_heading\" >Preguntas m\u00e1is Frecuentes<\/h3><div class=\"vc_empty_space\"   style=\"height: 20px\"><span class=\"vc_empty_space_inner\"><\/span><\/div><\/div><\/div><\/div><div class=\"wpb_column vc_column_container vc_col-sm-9\"><div class=\"vc_column-inner\"><div class=\"wpb_wrapper\">\n\t<div class=\"wpb_text_column wpb_content_element\" >\n\t\t<div class=\"wpb_wrapper\">\n\t\t\t<p>Atopa respostas \u00e1s d\u00fabidas m\u00e1is com\u00fans sobre a pizarra natural, os seus usos, caracter\u00edsticas e beneficios. Xa sexas un profesional do sector ou un particular interesado, nesta secci\u00f3n aclaramos todo o que precisas saber para aproveitar ao m\u00e1ximo este material sostible e duradeiro.<\/p>\n\n\t\t<\/div>\n\t<\/div>\n<div class=\"vc_empty_space\"   style=\"height: 40px\"><span class=\"vc_empty_space_inner\"><\/span><\/div><\/div><\/div><\/div><\/div><div  class=\"vc_do_toggle vc_toggle vc_toggle_default vc_toggle_color_default  vc_toggle_size_md\"><div class=\"vc_toggle_title\"><h4>Como podo po\u00f1erme en contacto cunha empresa para comprar pizarra?<\/h4><i class=\"vc_toggle_icon\"><\/i><\/div><div class=\"vc_toggle_content\"><p>Nesta p\u00e1xina web dispo\u00f1emos de todos os datos de contacto das empresas asociadas ao Cl\u00faster da Pizarra de Galicia, as cales lle ofrecer\u00e1n orzamento sen compromiso de pizarra de calidade certificada.<\/p>\n<\/div><\/div><div  class=\"vc_do_toggle vc_toggle vc_toggle_default vc_toggle_color_default  vc_toggle_size_md\"><div class=\"vc_toggle_title\"><h4>O mantemento das cubertas de pizarra sup\u00f3n un custo elevado?<\/h4><i class=\"vc_toggle_icon\"><\/i><\/div><div class=\"vc_toggle_content\"><p>O mantemento das cubertas de pizarra sup\u00f3n un custo moi baixo debido a que, en relaci\u00f3n \u00e1 s\u00faa longa vida \u00fatil, as operaci\u00f3ns destinadas a tal fin son escasas. Por outra banda, a substituci\u00f3n de pizarras danadas \u00e9 moi sinxela porque s\u00f3 fai falta substitu\u00edr as pezas afectadas; simplemente consiste en quitar o cravo ou gancho correspondente e cambiar a peza por unha en bo estado. Ademais, consid\u00e9rase que as pizarras presentan unha superficie autolimpable, polo que a sucidade que se deposita \u00e9 escasa.<\/p>\n<\/div><\/div><div  class=\"vc_do_toggle vc_toggle vc_toggle_default vc_toggle_color_default  vc_toggle_size_md\"><div class=\"vc_toggle_title\"><h4>A pizarra de Galicia presenta unha axeitada calidade para a s\u00faa utilizaci\u00f3n na cuberta?<\/h4><i class=\"vc_toggle_icon\"><\/i><\/div><div class=\"vc_toggle_content\"><p>A pizarra de Galicia pasa por exhaustivos controis de calidade que certifican que se trata dun produto \u00f3ptimo para tal uso. As Normas UNE de obrigado cumprimento e os ensaios levados a cabo no Laboratorio do Centro Tecnol\u00f3xico da Pizarra certifican a calidade do produto. Ademais, o marcado CE distingue a calidade da pizarra de Galicia fronte a outra pizarra de pa\u00edses como China ou Brasil que carecen de marcado alg\u00fan.<\/p>\n<\/div><\/div><div  class=\"vc_do_toggle vc_toggle vc_toggle_default vc_toggle_color_default  vc_toggle_size_md\"><div class=\"vc_toggle_title\"><h4>Por que elixir pizarra para unha cuberta fronte a outros materiais?<\/h4><i class=\"vc_toggle_icon\"><\/i><\/div><div class=\"vc_toggle_content\"><p>Sen d\u00fabida, a pizarra mostra unhas propiedades dificilmente alcanzables por outros materiais. Desde a inmellorable relaci\u00f3n calidade\/prezo; a s\u00faa gran durabilidade, que lle permite permanecer inalterable fronte \u00e1 humidade, po, salitre, fr\u00edo, calor, neve ou vento; a s\u00faa gran impermeabilidade e baixa absorci\u00f3n de auga (a pizarra presenta unha absorci\u00f3n do 0,40%, mentres que a tella cer\u00e1mica pode chegar ata un 12%, segundo datos achegados por LOEMCO); as s\u00faas propiedades t\u00e9rmicas e ac\u00fasticas; o seu escaso mantemento e dep\u00f3sito de sucidades; e a s\u00faa contribuci\u00f3n ao medio ambiente, sendo un produto que apenas deixa pegada de carbono.<\/p>\n<\/div><\/div><div  class=\"vc_do_toggle vc_toggle vc_toggle_default vc_toggle_color_default  vc_toggle_size_md\"><div class=\"vc_toggle_title\"><h4>Cantas pezas de pizarra por m2 ten unha cuberta?<\/h4><i class=\"vc_toggle_icon\"><\/i><\/div><div class=\"vc_toggle_content\"><p>\u00c1 hora de colocar unha cuberta resulta de vital importancia co\u00f1ecer cantas pizarras se necesitar\u00e1n por metro cadrado, pois iso determinar\u00e1 gran parte do peso que deber\u00e1 soportar a estrutura. O n\u00famero de pizarras depender\u00e1 do formato da peza, a zona clim\u00e1tica, a pendente e a lonxitude da cuberta. Os mencionados par\u00e1metros determinar\u00e1n o recubrimento, o dato que impedir\u00e1 que a auga penetre na cuberta.<\/p>\n<\/div><\/div><div  class=\"vc_do_toggle vc_toggle vc_toggle_default vc_toggle_color_default  vc_toggle_size_md\"><div class=\"vc_toggle_title\"><h4>En que outras partes dunha casa se pode utilizar pizarra?<\/h4><i class=\"vc_toggle_icon\"><\/i><\/div><div class=\"vc_toggle_content\"><p>A pizarra p\u00f3dese usar en todas as partes da casa, tanto en muros, como en chans, fachadas ou no mobiliario. Isto d\u00e9bese a unha das s\u00faas caracter\u00edsticas, a versatilidade ou capacidade de adaptaci\u00f3n a espazos e soluci\u00f3ns construtivas moi diversas. Desde hai s\u00e9culos empr\u00e9gase a pizarra para recubrir edificios, coa finalidade de mellorar o seu illamento; nos \u00faltimos tempos populariz\u00e1ronse as fachadas ventiladas debido ao desenvolvemento de novos sistemas de colocaci\u00f3n espec\u00edficos.<\/p>\n<p>Os muros de pizarra gozan de menor popularidade, sobre todo porque a pizarra \u00e9 unha rocha susceptible de exfoliarse en placas finas, e non adoita ser habitual utilizala para mampostos, que poden fabricarse con outro tipo de materiais.<\/p>\n<p>Tam\u00e9n se fabrican encimeiras, pratos de ducha, bancos e mesmo mesas de billar e outro mobiliario e decoraci\u00f3n.<\/p>\n<\/div><\/div><div  class=\"vc_do_toggle vc_toggle vc_toggle_default vc_toggle_color_default  vc_toggle_size_md\"><div class=\"vc_toggle_title\"><h4>Por que se di que a pizarra presenta unha boa relaci\u00f3n calidade\/prezo?<\/h4><i class=\"vc_toggle_icon\"><\/i><\/div><div class=\"vc_toggle_content\"><p>Dise que a pizarra presenta unha boa relaci\u00f3n calidade\/prezo debido a que, ao ser un material con gran durabilidade e escaso mantemento, os custos referentes tanto ao material, a s\u00faa instalaci\u00f3n e mantemento ao longo da s\u00faa vida \u00fatil son moi competitivos en relaci\u00f3n con outros materiais.<\/p>\n<\/div><\/div><div  class=\"vc_do_toggle vc_toggle vc_toggle_default vc_toggle_color_default  vc_toggle_size_md\"><div class=\"vc_toggle_title\"><h4>Por que a pizarra \u00e9 a mellor opci\u00f3n para unha fachada?<\/h4><i class=\"vc_toggle_icon\"><\/i><\/div><div class=\"vc_toggle_content\"><p>Porque as s\u00faas propiedades son dif\u00edciles de superar por outros materiais. A pizarra pos\u00fae unha gran durabilidade, permanece inalterable baixo condici\u00f3ns adversas de humidade, po, salitre, fr\u00edo, calor, neve, xeo, etc. \u00c9 un material que goza de alta impermeabilidade, \u00e9 illante fronte ao ru\u00eddo e \u00e1 calor, e o seu mantemento \u00e9 escaso. Pola s\u00faa natureza, a pizarra \u00e9 un material respectuoso co medio ambiente.<\/p>\n<\/div><\/div><div class=\"vc_empty_space\"   style=\"height: 50px\"><span class=\"vc_empty_space_inner\"><\/span><\/div><\/div><\/div><\/div><\/div><\/div>\n<\/div>","protected":false},"excerpt":{"rendered":"Preguntas m\u00e1is Frecuentes Preguntas m\u00e1is Frecuentes Atopa respostas \u00e1s d\u00fabidas m\u00e1is com\u00fans sobre a pizarra natural, os seus usos, caracter\u00edsticas e beneficios. Xa sexas un profesional do sector ou un particular interesado, nesta secci\u00f3n aclaramos todo o que precisas saber para aproveitar ao m\u00e1ximo este material sostible e duradeiro. Como podo po\u00f1erme en contacto cunha [...]","protected":false},"author":1,"featured_media":0,"parent":0,"menu_order":0,"comment_status":"closed","ping_status":"closed","template":"","meta":{"footnotes":""},"class_list":["post-6219","page","type-page","status-publish","hentry"],"yoast_head":"<!-- This site is optimized with the Yoast SEO plugin v27.5 - https:\/\/yoast.com\/product\/yoast-seo-wordpress\/ -->\n<title>Preguntas frecuentes<\/title>\n<meta name=\"robots\" content=\"index, follow, max-snippet:-1, max-image-preview:large, max-video-preview:-1\" \/>\n<link rel=\"canonical\" href=\"https:\/\/clusterdapizarra.com\/gl\/preguntas-frecuentes\/\" \/>\n<meta property=\"og:locale\" content=\"gl_ES\" \/>\n<meta property=\"og:type\" content=\"article\" \/>\n<meta property=\"og:title\" content=\"Preguntas frecuentes\" \/>\n<meta property=\"og:url\" content=\"https:\/\/clusterdapizarra.com\/gl\/preguntas-frecuentes\/\" \/>\n<meta property=\"og:site_name\" content=\"Cluster da Pizarra de Galicia\" \/>\n<meta property=\"article:publisher\" content=\"https:\/\/www.facebook.com\/clusterdapizarra\" \/>\n<meta property=\"article:modified_time\" content=\"2026-04-11T18:47:18+00:00\" \/>\n<meta name=\"twitter:card\" content=\"summary_large_image\" \/>\n<meta name=\"twitter:site\" content=\"@clusterpizarra\" \/>\n<script type=\"application\/ld+json\" class=\"yoast-schema-graph\">{\"@context\":\"https:\\\/\\\/schema.org\",\"@graph\":[{\"@type\":\"WebPage\",\"@id\":\"https:\\\/\\\/clusterdapizarra.com\\\/gl\\\/preguntas-frecuentes\\\/\",\"url\":\"https:\\\/\\\/clusterdapizarra.com\\\/gl\\\/preguntas-frecuentes\\\/\",\"name\":\"Preguntas frecuentes\",\"isPartOf\":{\"@id\":\"https:\\\/\\\/clusterdapizarra.com\\\/#website\"},\"datePublished\":\"2025-07-17T00:35:56+00:00\",\"dateModified\":\"2026-04-11T18:47:18+00:00\",\"breadcrumb\":{\"@id\":\"https:\\\/\\\/clusterdapizarra.com\\\/gl\\\/preguntas-frecuentes\\\/#breadcrumb\"},\"inLanguage\":\"gl-ES\",\"potentialAction\":[{\"@type\":\"ReadAction\",\"target\":[\"https:\\\/\\\/clusterdapizarra.com\\\/gl\\\/preguntas-frecuentes\\\/\"]}]},{\"@type\":\"BreadcrumbList\",\"@id\":\"https:\\\/\\\/clusterdapizarra.com\\\/gl\\\/preguntas-frecuentes\\\/#breadcrumb\",\"itemListElement\":[{\"@type\":\"ListItem\",\"position\":1,\"name\":\"Portada\",\"item\":\"https:\\\/\\\/clusterdapizarra.com\\\/gl\\\/\"},{\"@type\":\"ListItem\",\"position\":2,\"name\":\"Preguntas frecuentes\"}]},{\"@type\":\"WebSite\",\"@id\":\"https:\\\/\\\/clusterdapizarra.com\\\/#website\",\"url\":\"https:\\\/\\\/clusterdapizarra.com\\\/\",\"name\":\"Cl\u00faster da Pizarra de Galicia\",\"description\":\"Los objetivos del Cl\u00faster da Pizarra buscan la promoci\u00f3n de la pizarra gallega en el mercado actual, respondiendo a las nuevas necesidades del sector.\",\"publisher\":{\"@id\":\"https:\\\/\\\/clusterdapizarra.com\\\/#organization\"},\"potentialAction\":[{\"@type\":\"SearchAction\",\"target\":{\"@type\":\"EntryPoint\",\"urlTemplate\":\"https:\\\/\\\/clusterdapizarra.com\\\/?s={search_term_string}\"},\"query-input\":{\"@type\":\"PropertyValueSpecification\",\"valueRequired\":true,\"valueName\":\"search_term_string\"}}],\"inLanguage\":\"gl-ES\"},{\"@type\":\"Organization\",\"@id\":\"https:\\\/\\\/clusterdapizarra.com\\\/#organization\",\"name\":\"Cl\u00faster da Pizarra de Galicia\",\"url\":\"https:\\\/\\\/clusterdapizarra.com\\\/\",\"logo\":{\"@type\":\"ImageObject\",\"inLanguage\":\"gl-ES\",\"@id\":\"https:\\\/\\\/clusterdapizarra.com\\\/#\\\/schema\\\/logo\\\/image\\\/\",\"url\":\"https:\\\/\\\/clusterdapizarra.com\\\/wp-content\\\/uploads\\\/2024\\\/10\\\/logo@2x.png\",\"contentUrl\":\"https:\\\/\\\/clusterdapizarra.com\\\/wp-content\\\/uploads\\\/2024\\\/10\\\/logo@2x.png\",\"width\":430,\"height\":134,\"caption\":\"Cl\u00faster da Pizarra de Galicia\"},\"image\":{\"@id\":\"https:\\\/\\\/clusterdapizarra.com\\\/#\\\/schema\\\/logo\\\/image\\\/\"},\"sameAs\":[\"https:\\\/\\\/www.facebook.com\\\/clusterdapizarra\",\"https:\\\/\\\/x.com\\\/clusterpizarra\",\"https:\\\/\\\/www.linkedin.com\\\/company\\\/clster-de-la-pizarra-de-galicia\\\/\"]}]}<\/script>\n<!-- \/ Yoast SEO plugin. -->","yoast_head_json":{"title":"Preguntas frecuentes","robots":{"index":"index","follow":"follow","max-snippet":"max-snippet:-1","max-image-preview":"max-image-preview:large","max-video-preview":"max-video-preview:-1"},"canonical":"https:\/\/clusterdapizarra.com\/gl\/preguntas-frecuentes\/","og_locale":"gl_ES","og_type":"article","og_title":"Preguntas frecuentes","og_url":"https:\/\/clusterdapizarra.com\/gl\/preguntas-frecuentes\/","og_site_name":"Cluster da Pizarra de Galicia","article_publisher":"https:\/\/www.facebook.com\/clusterdapizarra","article_modified_time":"2026-04-11T18:47:18+00:00","twitter_card":"summary_large_image","twitter_site":"@clusterpizarra","schema":{"@context":"https:\/\/schema.org","@graph":[{"@type":"WebPage","@id":"https:\/\/clusterdapizarra.com\/gl\/preguntas-frecuentes\/","url":"https:\/\/clusterdapizarra.com\/gl\/preguntas-frecuentes\/","name":"Preguntas frecuentes","isPartOf":{"@id":"https:\/\/clusterdapizarra.com\/#website"},"datePublished":"2025-07-17T00:35:56+00:00","dateModified":"2026-04-11T18:47:18+00:00","breadcrumb":{"@id":"https:\/\/clusterdapizarra.com\/gl\/preguntas-frecuentes\/#breadcrumb"},"inLanguage":"gl-ES","potentialAction":[{"@type":"ReadAction","target":["https:\/\/clusterdapizarra.com\/gl\/preguntas-frecuentes\/"]}]},{"@type":"BreadcrumbList","@id":"https:\/\/clusterdapizarra.com\/gl\/preguntas-frecuentes\/#breadcrumb","itemListElement":[{"@type":"ListItem","position":1,"name":"Portada","item":"https:\/\/clusterdapizarra.com\/gl\/"},{"@type":"ListItem","position":2,"name":"Preguntas frecuentes"}]},{"@type":"WebSite","@id":"https:\/\/clusterdapizarra.com\/#website","url":"https:\/\/clusterdapizarra.com\/","name":"Cl\u00faster da Pizarra de Galicia","description":"Los objetivos del Cl\u00faster da Pizarra buscan la promoci\u00f3n de la pizarra gallega en el mercado actual, respondiendo a las nuevas necesidades del sector.","publisher":{"@id":"https:\/\/clusterdapizarra.com\/#organization"},"potentialAction":[{"@type":"SearchAction","target":{"@type":"EntryPoint","urlTemplate":"https:\/\/clusterdapizarra.com\/?s={search_term_string}"},"query-input":{"@type":"PropertyValueSpecification","valueRequired":true,"valueName":"search_term_string"}}],"inLanguage":"gl-ES"},{"@type":"Organization","@id":"https:\/\/clusterdapizarra.com\/#organization","name":"Cl\u00faster da Pizarra de Galicia","url":"https:\/\/clusterdapizarra.com\/","logo":{"@type":"ImageObject","inLanguage":"gl-ES","@id":"https:\/\/clusterdapizarra.com\/#\/schema\/logo\/image\/","url":"https:\/\/clusterdapizarra.com\/wp-content\/uploads\/2024\/10\/logo@2x.png","contentUrl":"https:\/\/clusterdapizarra.com\/wp-content\/uploads\/2024\/10\/logo@2x.png","width":430,"height":134,"caption":"Cl\u00faster da Pizarra de Galicia"},"image":{"@id":"https:\/\/clusterdapizarra.com\/#\/schema\/logo\/image\/"},"sameAs":["https:\/\/www.facebook.com\/clusterdapizarra","https:\/\/x.com\/clusterpizarra","https:\/\/www.linkedin.com\/company\/clster-de-la-pizarra-de-galicia\/"]}]}},"_links":{"self":[{"href":"https:\/\/clusterdapizarra.com\/gl\/wp-json\/wp\/v2\/pages\/6219","targetHints":{"allow":["GET"]}}],"collection":[{"href":"https:\/\/clusterdapizarra.com\/gl\/wp-json\/wp\/v2\/pages"}],"about":[{"href":"https:\/\/clusterdapizarra.com\/gl\/wp-json\/wp\/v2\/types\/page"}],"author":[{"embeddable":true,"href":"https:\/\/clusterdapizarra.com\/gl\/wp-json\/wp\/v2\/users\/1"}],"replies":[{"embeddable":true,"href":"https:\/\/clusterdapizarra.com\/gl\/wp-json\/wp\/v2\/comments?post=6219"}],"version-history":[{"count":0,"href":"https:\/\/clusterdapizarra.com\/gl\/wp-json\/wp\/v2\/pages\/6219\/revisions"}],"wp:attachment":[{"href":"https:\/\/clusterdapizarra.com\/gl\/wp-json\/wp\/v2\/media?parent=6219"}],"curies":[{"name":"wp","href":"https:\/\/api.w.org\/{rel}","templated":true}]}}