{"id":6201,"date":"2025-07-17T02:33:46","date_gmt":"2025-07-17T00:33:46","guid":{"rendered":"https:\/\/clusterdapizarra.com\/calidad-y-normalizacion\/"},"modified":"2026-04-11T20:18:54","modified_gmt":"2026-04-11T18:18:54","slug":"calidade-e-normalizacion","status":"publish","type":"page","link":"https:\/\/clusterdapizarra.com\/gl\/calidade-e-normalizacion\/","title":{"rendered":"Calidade e Normalizaci\u00f3n"},"content":{"rendered":"<div class=\"wpb-content-wrapper\"><div style=\"\" class=\"vc_row wpb_row vc_row-fluid vc_custom_1737983149880 vc_row-has-fill\"><div class=\"row-inner\"><div class=\"wpb_column vc_column_container vc_col-sm-2\"><div class=\"vc_column-inner\"><div class=\"wpb_wrapper\"><\/div><\/div><\/div><div class=\"wpb_column vc_column_container vc_col-sm-8\"><div class=\"vc_column-inner\"><div class=\"wpb_wrapper\">\n\t<div class=\"wpb_text_column wpb_content_element wpb_animate_when_almost_visible wpb_appear appear vc_custom_1742543013608 shadow\" >\n\t\t<div class=\"wpb_wrapper\">\n\t\t\t<h3 class=\"no-margin-top\" style=\"text-align: center; font-size: 2rem;\">Calidade e Normalizaci\u00f3n<\/h3>\n\n\t\t<\/div>\n\t<\/div>\n<\/div><\/div><\/div><div class=\"wpb_column vc_column_container vc_col-sm-2\"><div class=\"vc_column-inner\"><div class=\"wpb_wrapper\"><\/div><\/div><\/div><\/div><\/div><div style=\"\" class=\"vc_row wpb_row vc_row-fluid\"><div class=\"row-inner\"><div class=\"wpb_column vc_column_container vc_col-sm-12\"><div class=\"vc_column-inner\"><div class=\"wpb_wrapper\">\n\t<div class=\"wpb_text_column wpb_content_element\" >\n\t\t<div class=\"wpb_wrapper\">\n\t\t\t<p align=\"JUSTIFY\"><span lang=\"gl-ES\">O desenvolvemento de calquera sector sempre est\u00e1 marcado pola procura da calidade no produto obtido. A calidade no sector da pizarra evolucionou durante as \u00faltimas d\u00e9cadas mediante a aparici\u00f3n e intervenci\u00f3n de diferentes organismos, marcas e normativas destinadas para tal fin.<\/span><\/p>\n<p align=\"JUSTIFY\">Os marcados de calidade dos que disp\u00f3n a pizarra de Galicia indican que \u00e9 un produto de primeira calidade.<\/p>\n<p><img loading=\"lazy\" decoding=\"async\" class=\"alignleft size-full wp-image-3987\" src=\"https:\/\/clusterdapizarra.com\/wp-content\/uploads\/2025\/01\/marca-ce.gif\" alt=\"\" width=\"110\" height=\"84\" \/><\/p>\n<p align=\"JUSTIFY\"><span lang=\"gl-ES\">O marcado CE \u00e9 obrigatorio desde o ano 2006; isto sup\u00f3n a homoxeneizaci\u00f3n da xesti\u00f3n da calidade e das normas europeas para a pizarra, ademais de que aqueles produtos que te\u00f1an esta marca cumpren uns requisitos esenciais de calidade para poder circular e seren comercializados en todos os pa\u00edses da Uni\u00f3n Europea.<\/span><\/p>\n<p align=\"JUSTIFY\"><span lang=\"gl-ES\">O marcado CE \u00e9 a primeira revoluci\u00f3n deste s\u00e9culo para o sector da pizarra, que repercute no beneficio do sector da pizarra en Galicia. A pizarra importada de terceiros pa\u00edses tam\u00e9n deber\u00e1 posu\u00edr este marcado, correspondendo neste caso realizar a declaraci\u00f3n de conformidade ao mandatario do fabricante que se atope legalmente establecido na UE. Isto sup\u00f3n un freo \u00e1 importaci\u00f3n de pizarra de dubidosa calidade desde outros pa\u00edses como China ou Brasil.<\/span><\/p>\n<p><b>NORMATIVA<\/b><\/p>\n<p><span lang=\"gl-ES\">A normativa que regula a seguridade tanto dos produtos de pizarra como do seu proceso de elaboraci\u00f3n e comercializaci\u00f3n \u00e9 de \u00e1mbito europeo e obriga a someter todo o produto a exhaustivos controis. Est\u00e1 recollida e amparada polo Regulamento (UE) 2024\/3110 do Parlamento Europeo e do Consello, do 27 de novembro de 2024, polo que se establecen regras harmonizadas para a comercializaci\u00f3n de produtos de construci\u00f3n.<\/span><br \/>\n<span lang=\"gl-ES\">Hoxe en d\u00eda existen tres normas espec\u00edficas para pizarra: a Norma UNE-EN 12326-1 \u201cEspecificaci\u00f3ns do produto\u201d, a cal detalla os requisitos que se lle esixen \u00e1 pizarra; a UNE-EN 12326-2 \u201cM\u00e9todos de ensaio\u201d, onde se especifica como deben realizarse os ditos m\u00e9todos de ensaio; e a UNE-EN 22190 \u201cProdutos de pedra natural. Construci\u00f3n de cubertas inclinadas e revestimento de paramentos verticais, con pizarra\u201d, que recolle os procedementos para o dese\u00f1o de cubertas con pizarra, onde se explican as diversas formas para a colocaci\u00f3n en obras as\u00ed como os recubrimentos necesarios.<\/span><\/p>\n<p align=\"JUSTIFY\"><span lang=\"gl-ES\">Os ensaios establecidos na Norma UNE-EN 12326-2 poden realizarse nun organismo ou laboratorio acreditado para tal efecto e ser\u00e1n v\u00e1lidos para toda Europa, co que se pretende unificar os criterios nos distintos pa\u00edses. No Centro Tecnol\u00f3xico da Pizarra existe un laboratorio acreditado por ENAC, acreditaci\u00f3n de car\u00e1cter internacional, onde se realizan os ditos ensaios. As\u00ed axil\u00edzase o mercado e abar\u00e1tanse custos, xa que non haber\u00e1 que ensaiar a pizarra nos laboratorios dos pa\u00edses nos que se comercialice.<\/span><\/p>\n<p align=\"JUSTIFY\"><span lang=\"gl-ES\">Os resultados obtidos dos ensaios sobre as pizarras caracter\u00edzanas, existindo unhas marxes de aceptaci\u00f3n para cada ensaio. Neste punto conv\u00e9n recalcar que estas normas foron realizadas por expertos reco\u00f1ecidos do sector da pizarra procedentes de toda Europa, e as marxes de aceptaci\u00f3n que se estableceron concordan coa realidade da pizarra para cubertas, por suposto inclin\u00e1ndose cara a unha mellora da calidade do produto.<\/span><\/p>\n\n\t\t<\/div>\n\t<\/div>\n<div class=\"vc_empty_space\"   style=\"height: 50px\"><span class=\"vc_empty_space_inner\"><\/span><\/div><\/div><\/div><\/div><\/div><\/div>\n<\/div>","protected":false},"excerpt":{"rendered":"Calidade e Normalizaci\u00f3n O desenvolvemento de calquera sector sempre est\u00e1 marcado pola procura da calidade no produto obtido. A calidade no sector da pizarra evolucionou durante as \u00faltimas d\u00e9cadas mediante a aparici\u00f3n e intervenci\u00f3n de diferentes organismos, marcas e normativas destinadas para tal fin. Os marcados de calidade dos que disp\u00f3n a pizarra de Galicia [...]","protected":false},"author":1,"featured_media":0,"parent":0,"menu_order":0,"comment_status":"closed","ping_status":"closed","template":"","meta":{"footnotes":""},"class_list":["post-6201","page","type-page","status-publish","hentry"],"yoast_head":"<!-- This site is optimized with the Yoast SEO plugin v27.3 - https:\/\/yoast.com\/product\/yoast-seo-wordpress\/ -->\n<title>Calidade e Normalizaci\u00f3n<\/title>\n<meta name=\"robots\" content=\"index, follow, max-snippet:-1, max-image-preview:large, max-video-preview:-1\" \/>\n<link rel=\"canonical\" href=\"https:\/\/clusterdapizarra.com\/gl\/calidade-e-normalizacion\/\" \/>\n<meta property=\"og:locale\" content=\"gl_ES\" \/>\n<meta property=\"og:type\" content=\"article\" \/>\n<meta property=\"og:title\" content=\"Calidade e Normalizaci\u00f3n\" \/>\n<meta property=\"og:url\" content=\"https:\/\/clusterdapizarra.com\/gl\/calidade-e-normalizacion\/\" \/>\n<meta property=\"og:site_name\" content=\"Cluster da Pizarra de Galicia\" \/>\n<meta property=\"article:publisher\" content=\"https:\/\/www.facebook.com\/clusterdapizarra\" \/>\n<meta property=\"article:modified_time\" content=\"2026-04-11T18:18:54+00:00\" \/>\n<meta property=\"og:image\" content=\"https:\/\/clusterdapizarra.com\/wp-content\/uploads\/2025\/01\/marca-ce.gif\" \/>\n\t<meta property=\"og:image:width\" content=\"110\" \/>\n\t<meta property=\"og:image:height\" content=\"84\" \/>\n\t<meta property=\"og:image:type\" content=\"image\/gif\" \/>\n<meta name=\"twitter:card\" content=\"summary_large_image\" \/>\n<meta name=\"twitter:site\" content=\"@clusterpizarra\" \/>\n<script type=\"application\/ld+json\" class=\"yoast-schema-graph\">{\"@context\":\"https:\\\/\\\/schema.org\",\"@graph\":[{\"@type\":\"WebPage\",\"@id\":\"https:\\\/\\\/clusterdapizarra.com\\\/gl\\\/calidade-e-normalizacion\\\/\",\"url\":\"https:\\\/\\\/clusterdapizarra.com\\\/gl\\\/calidade-e-normalizacion\\\/\",\"name\":\"Calidade e Normalizaci\u00f3n\",\"isPartOf\":{\"@id\":\"https:\\\/\\\/clusterdapizarra.com\\\/#website\"},\"primaryImageOfPage\":{\"@id\":\"https:\\\/\\\/clusterdapizarra.com\\\/gl\\\/calidade-e-normalizacion\\\/#primaryimage\"},\"image\":{\"@id\":\"https:\\\/\\\/clusterdapizarra.com\\\/gl\\\/calidade-e-normalizacion\\\/#primaryimage\"},\"thumbnailUrl\":\"https:\\\/\\\/clusterdapizarra.com\\\/wp-content\\\/uploads\\\/2025\\\/01\\\/marca-ce.gif\",\"datePublished\":\"2025-07-17T00:33:46+00:00\",\"dateModified\":\"2026-04-11T18:18:54+00:00\",\"breadcrumb\":{\"@id\":\"https:\\\/\\\/clusterdapizarra.com\\\/gl\\\/calidade-e-normalizacion\\\/#breadcrumb\"},\"inLanguage\":\"gl-ES\",\"potentialAction\":[{\"@type\":\"ReadAction\",\"target\":[\"https:\\\/\\\/clusterdapizarra.com\\\/gl\\\/calidade-e-normalizacion\\\/\"]}]},{\"@type\":\"ImageObject\",\"inLanguage\":\"gl-ES\",\"@id\":\"https:\\\/\\\/clusterdapizarra.com\\\/gl\\\/calidade-e-normalizacion\\\/#primaryimage\",\"url\":\"https:\\\/\\\/clusterdapizarra.com\\\/wp-content\\\/uploads\\\/2025\\\/01\\\/marca-ce.gif\",\"contentUrl\":\"https:\\\/\\\/clusterdapizarra.com\\\/wp-content\\\/uploads\\\/2025\\\/01\\\/marca-ce.gif\"},{\"@type\":\"BreadcrumbList\",\"@id\":\"https:\\\/\\\/clusterdapizarra.com\\\/gl\\\/calidade-e-normalizacion\\\/#breadcrumb\",\"itemListElement\":[{\"@type\":\"ListItem\",\"position\":1,\"name\":\"Portada\",\"item\":\"https:\\\/\\\/clusterdapizarra.com\\\/gl\\\/\"},{\"@type\":\"ListItem\",\"position\":2,\"name\":\"Calidade e Normalizaci\u00f3n\"}]},{\"@type\":\"WebSite\",\"@id\":\"https:\\\/\\\/clusterdapizarra.com\\\/#website\",\"url\":\"https:\\\/\\\/clusterdapizarra.com\\\/\",\"name\":\"Cl\u00faster da Pizarra de Galicia\",\"description\":\"Los objetivos del Cl\u00faster da Pizarra buscan la promoci\u00f3n de la pizarra gallega en el mercado actual, respondiendo a las nuevas necesidades del sector.\",\"publisher\":{\"@id\":\"https:\\\/\\\/clusterdapizarra.com\\\/#organization\"},\"potentialAction\":[{\"@type\":\"SearchAction\",\"target\":{\"@type\":\"EntryPoint\",\"urlTemplate\":\"https:\\\/\\\/clusterdapizarra.com\\\/?s={search_term_string}\"},\"query-input\":{\"@type\":\"PropertyValueSpecification\",\"valueRequired\":true,\"valueName\":\"search_term_string\"}}],\"inLanguage\":\"gl-ES\"},{\"@type\":\"Organization\",\"@id\":\"https:\\\/\\\/clusterdapizarra.com\\\/#organization\",\"name\":\"Cl\u00faster da Pizarra de Galicia\",\"url\":\"https:\\\/\\\/clusterdapizarra.com\\\/\",\"logo\":{\"@type\":\"ImageObject\",\"inLanguage\":\"gl-ES\",\"@id\":\"https:\\\/\\\/clusterdapizarra.com\\\/#\\\/schema\\\/logo\\\/image\\\/\",\"url\":\"https:\\\/\\\/clusterdapizarra.com\\\/wp-content\\\/uploads\\\/2024\\\/10\\\/logo@2x.png\",\"contentUrl\":\"https:\\\/\\\/clusterdapizarra.com\\\/wp-content\\\/uploads\\\/2024\\\/10\\\/logo@2x.png\",\"width\":430,\"height\":134,\"caption\":\"Cl\u00faster da Pizarra de Galicia\"},\"image\":{\"@id\":\"https:\\\/\\\/clusterdapizarra.com\\\/#\\\/schema\\\/logo\\\/image\\\/\"},\"sameAs\":[\"https:\\\/\\\/www.facebook.com\\\/clusterdapizarra\",\"https:\\\/\\\/x.com\\\/clusterpizarra\",\"https:\\\/\\\/www.linkedin.com\\\/company\\\/clster-de-la-pizarra-de-galicia\\\/\"]}]}<\/script>\n<!-- \/ Yoast SEO plugin. -->","yoast_head_json":{"title":"Calidade e Normalizaci\u00f3n","robots":{"index":"index","follow":"follow","max-snippet":"max-snippet:-1","max-image-preview":"max-image-preview:large","max-video-preview":"max-video-preview:-1"},"canonical":"https:\/\/clusterdapizarra.com\/gl\/calidade-e-normalizacion\/","og_locale":"gl_ES","og_type":"article","og_title":"Calidade e Normalizaci\u00f3n","og_url":"https:\/\/clusterdapizarra.com\/gl\/calidade-e-normalizacion\/","og_site_name":"Cluster da Pizarra de Galicia","article_publisher":"https:\/\/www.facebook.com\/clusterdapizarra","article_modified_time":"2026-04-11T18:18:54+00:00","og_image":[{"width":110,"height":84,"url":"https:\/\/clusterdapizarra.com\/wp-content\/uploads\/2025\/01\/marca-ce.gif","type":"image\/gif"}],"twitter_card":"summary_large_image","twitter_site":"@clusterpizarra","schema":{"@context":"https:\/\/schema.org","@graph":[{"@type":"WebPage","@id":"https:\/\/clusterdapizarra.com\/gl\/calidade-e-normalizacion\/","url":"https:\/\/clusterdapizarra.com\/gl\/calidade-e-normalizacion\/","name":"Calidade e Normalizaci\u00f3n","isPartOf":{"@id":"https:\/\/clusterdapizarra.com\/#website"},"primaryImageOfPage":{"@id":"https:\/\/clusterdapizarra.com\/gl\/calidade-e-normalizacion\/#primaryimage"},"image":{"@id":"https:\/\/clusterdapizarra.com\/gl\/calidade-e-normalizacion\/#primaryimage"},"thumbnailUrl":"https:\/\/clusterdapizarra.com\/wp-content\/uploads\/2025\/01\/marca-ce.gif","datePublished":"2025-07-17T00:33:46+00:00","dateModified":"2026-04-11T18:18:54+00:00","breadcrumb":{"@id":"https:\/\/clusterdapizarra.com\/gl\/calidade-e-normalizacion\/#breadcrumb"},"inLanguage":"gl-ES","potentialAction":[{"@type":"ReadAction","target":["https:\/\/clusterdapizarra.com\/gl\/calidade-e-normalizacion\/"]}]},{"@type":"ImageObject","inLanguage":"gl-ES","@id":"https:\/\/clusterdapizarra.com\/gl\/calidade-e-normalizacion\/#primaryimage","url":"https:\/\/clusterdapizarra.com\/wp-content\/uploads\/2025\/01\/marca-ce.gif","contentUrl":"https:\/\/clusterdapizarra.com\/wp-content\/uploads\/2025\/01\/marca-ce.gif"},{"@type":"BreadcrumbList","@id":"https:\/\/clusterdapizarra.com\/gl\/calidade-e-normalizacion\/#breadcrumb","itemListElement":[{"@type":"ListItem","position":1,"name":"Portada","item":"https:\/\/clusterdapizarra.com\/gl\/"},{"@type":"ListItem","position":2,"name":"Calidade e Normalizaci\u00f3n"}]},{"@type":"WebSite","@id":"https:\/\/clusterdapizarra.com\/#website","url":"https:\/\/clusterdapizarra.com\/","name":"Cl\u00faster da Pizarra de Galicia","description":"Los objetivos del Cl\u00faster da Pizarra buscan la promoci\u00f3n de la pizarra gallega en el mercado actual, respondiendo a las nuevas necesidades del sector.","publisher":{"@id":"https:\/\/clusterdapizarra.com\/#organization"},"potentialAction":[{"@type":"SearchAction","target":{"@type":"EntryPoint","urlTemplate":"https:\/\/clusterdapizarra.com\/?s={search_term_string}"},"query-input":{"@type":"PropertyValueSpecification","valueRequired":true,"valueName":"search_term_string"}}],"inLanguage":"gl-ES"},{"@type":"Organization","@id":"https:\/\/clusterdapizarra.com\/#organization","name":"Cl\u00faster da Pizarra de Galicia","url":"https:\/\/clusterdapizarra.com\/","logo":{"@type":"ImageObject","inLanguage":"gl-ES","@id":"https:\/\/clusterdapizarra.com\/#\/schema\/logo\/image\/","url":"https:\/\/clusterdapizarra.com\/wp-content\/uploads\/2024\/10\/logo@2x.png","contentUrl":"https:\/\/clusterdapizarra.com\/wp-content\/uploads\/2024\/10\/logo@2x.png","width":430,"height":134,"caption":"Cl\u00faster da Pizarra de Galicia"},"image":{"@id":"https:\/\/clusterdapizarra.com\/#\/schema\/logo\/image\/"},"sameAs":["https:\/\/www.facebook.com\/clusterdapizarra","https:\/\/x.com\/clusterpizarra","https:\/\/www.linkedin.com\/company\/clster-de-la-pizarra-de-galicia\/"]}]}},"_links":{"self":[{"href":"https:\/\/clusterdapizarra.com\/gl\/wp-json\/wp\/v2\/pages\/6201","targetHints":{"allow":["GET"]}}],"collection":[{"href":"https:\/\/clusterdapizarra.com\/gl\/wp-json\/wp\/v2\/pages"}],"about":[{"href":"https:\/\/clusterdapizarra.com\/gl\/wp-json\/wp\/v2\/types\/page"}],"author":[{"embeddable":true,"href":"https:\/\/clusterdapizarra.com\/gl\/wp-json\/wp\/v2\/users\/1"}],"replies":[{"embeddable":true,"href":"https:\/\/clusterdapizarra.com\/gl\/wp-json\/wp\/v2\/comments?post=6201"}],"version-history":[{"count":0,"href":"https:\/\/clusterdapizarra.com\/gl\/wp-json\/wp\/v2\/pages\/6201\/revisions"}],"wp:attachment":[{"href":"https:\/\/clusterdapizarra.com\/gl\/wp-json\/wp\/v2\/media?parent=6201"}],"curies":[{"name":"wp","href":"https:\/\/api.w.org\/{rel}","templated":true}]}}