{"id":6155,"date":"2017-10-02T02:36:42","date_gmt":"2017-10-02T00:36:42","guid":{"rendered":"https:\/\/clusterdapizarra.com\/industrias-y-profesionales\/"},"modified":"2025-03-20T11:43:11","modified_gmt":"2025-03-20T10:43:11","slug":"industrias-e-profesionais","status":"publish","type":"page","link":"https:\/\/clusterdapizarra.com\/gl\/industrias-e-profesionais\/","title":{"rendered":"Industrias e Profesionais"},"content":{"rendered":"<div class=\"wpb-content-wrapper\"><div style=\"\" class=\"vc_row wpb_row vc_row-fluid vc_custom_1728900323462 vc_row-has-fill\"><div class=\"row-inner\"><div class=\"wpb_column vc_column_container vc_col-sm-6\"><div class=\"vc_column-inner\"><div class=\"wpb_wrapper\"><\/div><\/div><\/div><div class=\"wpb_column vc_column_container vc_col-sm-6\"><div class=\"vc_column-inner\"><div class=\"wpb_wrapper\">\n\t<div class=\"wpb_text_column wpb_content_element\" >\n\t\t<div class=\"wpb_wrapper\">\n\t\t\t<h3 class=\"no-margin-top no-margin-bottom\" style=\"font-size: 3rem;\">O Cl\u00faster de la Pizarra pode axudar a diferentes tipos de profesionais e industrias.<\/h3>\n\n\t\t<\/div>\n\t<\/div>\n<\/div><\/div><\/div><\/div><\/div><div style=\"\" class=\"vc_row wpb_row vc_row-fluid\"><div class=\"row-inner\"><div class=\"wpb_column vc_column_container vc_col-sm-12\"><div class=\"vc_column-inner\"><div class=\"wpb_wrapper\">\n\t<div class=\"wpb_text_column wpb_content_element\" >\n\t\t<div class=\"wpb_wrapper\">\n\t\t\t<p>Cada un destes sectores pode atopar un valor espec\u00edfico na pizarra natural, e a asociaci\u00f3n pode actuar como unha aliada estrat\u00e9xica para a mellora de proxectos, subministraci\u00f3ns de materiais de alta calidade e asesoramento especializado.<\/p>\n\n\t\t<\/div>\n\t<\/div>\n<div class=\"vc_empty_space\"   style=\"height: 70px\"><span class=\"vc_empty_space_inner\"><\/span><\/div><ul class=\"iconlist iconlist iconlist-icon-large\"><li ><div class=\"iconlist-item-icon\"><i class=\"entypo-icon entypo-icon-check\"><\/i><span class=\"shapes\"><\/span><\/div><div class=\"iconlist-item-content\">\n<h3>Arquitectos e Dese\u00f1adores<\/h3>\n<p>Os arquitectos e dese\u00f1adores poden aproveitar a lousa natural para crear proxectos sostibles e de alto valor est\u00e9tico. Grazas \u00e1s s\u00faas propiedades illantes, durabilidade e resistencia, \u00e9 un material ideal para revestimentos e cubertas, achegando un toque distintivo e elegante en calquera construci\u00f3n. <\/div><\/li><li ><div class=\"iconlist-item-icon\"><i class=\"entypo-icon entypo-icon-check\"><\/i><span class=\"shapes\"><\/span><\/div><div class=\"iconlist-item-content\">\n<h3>Constructoras e Promotores inmobiliarios<\/h3>\n<p>As empresas construtoras e promotores inmobiliarios atopan na lousa unha soluci\u00f3n confiable e de alta calidade para a construci\u00f3n de tellados, fachadas e outros elementos estruturais. A durabilidade e baixo mantemento da pizarra fan que sexa un investimento rendible no longo prazo, mentres que o seu aspecto natural achega valor engadido \u00e1s propiedades.<\/div><\/li><li ><div class=\"iconlist-item-icon\"><i class=\"entypo-icon entypo-icon-check\"><\/i><span class=\"shapes\"><\/span><\/div><div class=\"iconlist-item-content\">\n<h3>Particulares e propietarios de vivendas<\/h3>\n<p>Os propietarios de vivendas interesados na rehabilitaci\u00f3n ou construci\u00f3n poden beneficiarse do emprego da pizarra para mellorar a eficiencia enerx\u00e9tica dos seus fogares e elevar o seu valor est\u00e9tico. A pizarra \u00e9 un material natural, ecol\u00f3xico e moi duradeiro, perfecto para tellados, fachadas e chans, ofrecendo protecci\u00f3n e beleza durante d\u00e9cadas.<\/div><\/li><li ><div class=\"iconlist-item-icon\"><i class=\"entypo-icon entypo-icon-check\"><\/i><span class=\"shapes\"><\/span><\/div><div class=\"iconlist-item-content\">\n<h3>Paisaxistas e Xardineiros<\/h3>\n<p>Os profesionais do paisaxismo poden empregar a lousa en proxectos de exteriores, como xard\u00edns e espazos p\u00fablicos. A pizarra \u00e9 ideal para crear cami\u00f1os, muros decorativos e zonas pavimentadas, achegando un toque r\u00fastico e natural \u00e1 contorna, \u00e1 vez que garante resistencia \u00e1s inclemencias do tempo.<\/div><\/li><li ><div class=\"iconlist-item-icon\"><i class=\"entypo-icon entypo-icon-check\"><\/i><span class=\"shapes\"><\/span><\/div><div class=\"iconlist-item-content\">\n<h3>Restauradores de Patrimonio e Edificios hist\u00f3ricos<\/h3>\n<p>O emprego de pizarra natural \u00e9 clave na restauraci\u00f3n de edificios hist\u00f3ricos e monumentos. O seu uso garante que as construci\u00f3ns conserven o seu aspecto orixinal, mentre se mellora a s\u00faa durabiliade e resistencia. A pizarra \u00e9 fundamental para proxectos de conservaci\u00f3n patrimonial en tellados e fachadas.<\/div><\/li><li ><div class=\"iconlist-item-icon\"><i class=\"entypo-icon entypo-icon-check\"><\/i><span class=\"shapes\"><\/span><\/div><div class=\"iconlist-item-content\">\n<h3>Distribuidores e Almac\u00e9ns de Materiais de Construci\u00f3n<\/h3>\n<p>Os almac\u00e9ns e distribuidores de materiais de construci\u00f3n poden contar coa asociaci\u00f3n para obter unha subministraci\u00f3n constante e de alta calidade de pizarra natural. Traballar cunha asociaci\u00f3n garante produtos certificados e asesoramento experto, asegurando a satisfacci\u00f3n do cliente final.<\/div><\/li><li ><div class=\"iconlist-item-icon\"><i class=\"entypo-icon entypo-icon-check\"><\/i><span class=\"shapes\"><\/span><\/div><div class=\"iconlist-item-content\">\n<h3>Empresas asociadas<\/h3>\n<p>As empresas relacionadas con servizos complementarios, como instaladores, transportistas ou consultores enerx\u00e9ticos, poden beneficiarse das sinerx\u00edas creadas dentro da asociaci\u00f3n. A trav\u00e9s da colaboraci\u00f3n, mell\u00f3rase a cadea de subministraci\u00f3n e gar\u00e1ntese a satisfacci\u00f3n do cliente, promovendo proxectos con acabados de alta calidade.<\/div><\/li><li ><div class=\"iconlist-item-icon\"><i class=\"entypo-icon entypo-icon-check\"><\/i><span class=\"shapes\"><\/span><\/div><div class=\"iconlist-item-content\">\n<h3>Interioristas e Decoradores<\/h3>\n<p>Os interioristas poden empregar a pizarra nos seus proxectos para outorgar un toque natural e sofisticado aos interiores. Desde chans e revestimentos ata encimeiras e detalles decorativos, a lousa ofrece unha textura \u00fanica e elegancia atemporal, ideal para espazos modernos e r\u00fasticos. <\/div><\/li><\/ul><div class=\"vc_empty_space\"   style=\"height: 92px\"><span class=\"vc_empty_space_inner\"><\/span><\/div><\/div><\/div><\/div><\/div><\/div>\n<\/div>","protected":false},"excerpt":{"rendered":"O Cl\u00faster de la Pizarra pode axudar a diferentes tipos de profesionais e industrias. Cada un destes sectores pode atopar un valor espec\u00edfico na pizarra natural, e a asociaci\u00f3n pode actuar como unha aliada estrat\u00e9xica para a mellora de proxectos, subministraci\u00f3ns de materiais de alta calidade e asesoramento especializado. Arquitectos e Dese\u00f1adores Os arquitectos e [...]","protected":false},"author":1,"featured_media":0,"parent":0,"menu_order":0,"comment_status":"closed","ping_status":"closed","template":"","meta":{"footnotes":""},"class_list":["post-6155","page","type-page","status-publish","hentry"],"yoast_head":"<!-- This site is optimized with the Yoast SEO plugin v27.3 - https:\/\/yoast.com\/product\/yoast-seo-wordpress\/ -->\n<title>Industrias e Profesionais<\/title>\n<meta name=\"robots\" content=\"index, follow, max-snippet:-1, max-image-preview:large, max-video-preview:-1\" \/>\n<link rel=\"canonical\" href=\"https:\/\/clusterdapizarra.com\/gl\/industrias-e-profesionais\/\" \/>\n<meta property=\"og:locale\" content=\"gl_ES\" \/>\n<meta property=\"og:type\" content=\"article\" \/>\n<meta property=\"og:title\" content=\"Industrias e Profesionais\" \/>\n<meta property=\"og:url\" content=\"https:\/\/clusterdapizarra.com\/gl\/industrias-e-profesionais\/\" \/>\n<meta property=\"og:site_name\" content=\"Cluster da Pizarra de Galicia\" \/>\n<meta property=\"article:publisher\" content=\"https:\/\/www.facebook.com\/clusterdapizarra\" \/>\n<meta property=\"article:modified_time\" content=\"2025-03-20T10:43:11+00:00\" \/>\n<meta name=\"twitter:card\" content=\"summary_large_image\" \/>\n<meta name=\"twitter:site\" content=\"@clusterpizarra\" \/>\n<script type=\"application\/ld+json\" class=\"yoast-schema-graph\">{\"@context\":\"https:\\\/\\\/schema.org\",\"@graph\":[{\"@type\":\"WebPage\",\"@id\":\"https:\\\/\\\/clusterdapizarra.com\\\/gl\\\/industrias-e-profesionais\\\/\",\"url\":\"https:\\\/\\\/clusterdapizarra.com\\\/gl\\\/industrias-e-profesionais\\\/\",\"name\":\"Industrias e Profesionais\",\"isPartOf\":{\"@id\":\"https:\\\/\\\/clusterdapizarra.com\\\/#website\"},\"datePublished\":\"2017-10-02T00:36:42+00:00\",\"dateModified\":\"2025-03-20T10:43:11+00:00\",\"breadcrumb\":{\"@id\":\"https:\\\/\\\/clusterdapizarra.com\\\/gl\\\/industrias-e-profesionais\\\/#breadcrumb\"},\"inLanguage\":\"gl-ES\",\"potentialAction\":[{\"@type\":\"ReadAction\",\"target\":[\"https:\\\/\\\/clusterdapizarra.com\\\/gl\\\/industrias-e-profesionais\\\/\"]}]},{\"@type\":\"BreadcrumbList\",\"@id\":\"https:\\\/\\\/clusterdapizarra.com\\\/gl\\\/industrias-e-profesionais\\\/#breadcrumb\",\"itemListElement\":[{\"@type\":\"ListItem\",\"position\":1,\"name\":\"Portada\",\"item\":\"https:\\\/\\\/clusterdapizarra.com\\\/gl\\\/\"},{\"@type\":\"ListItem\",\"position\":2,\"name\":\"Industrias e Profesionais\"}]},{\"@type\":\"WebSite\",\"@id\":\"https:\\\/\\\/clusterdapizarra.com\\\/#website\",\"url\":\"https:\\\/\\\/clusterdapizarra.com\\\/\",\"name\":\"Cl\u00faster da Pizarra de Galicia\",\"description\":\"Los objetivos del Cl\u00faster da Pizarra buscan la promoci\u00f3n de la pizarra gallega en el mercado actual, respondiendo a las nuevas necesidades del sector.\",\"publisher\":{\"@id\":\"https:\\\/\\\/clusterdapizarra.com\\\/#organization\"},\"potentialAction\":[{\"@type\":\"SearchAction\",\"target\":{\"@type\":\"EntryPoint\",\"urlTemplate\":\"https:\\\/\\\/clusterdapizarra.com\\\/?s={search_term_string}\"},\"query-input\":{\"@type\":\"PropertyValueSpecification\",\"valueRequired\":true,\"valueName\":\"search_term_string\"}}],\"inLanguage\":\"gl-ES\"},{\"@type\":\"Organization\",\"@id\":\"https:\\\/\\\/clusterdapizarra.com\\\/#organization\",\"name\":\"Cl\u00faster da Pizarra de Galicia\",\"url\":\"https:\\\/\\\/clusterdapizarra.com\\\/\",\"logo\":{\"@type\":\"ImageObject\",\"inLanguage\":\"gl-ES\",\"@id\":\"https:\\\/\\\/clusterdapizarra.com\\\/#\\\/schema\\\/logo\\\/image\\\/\",\"url\":\"https:\\\/\\\/clusterdapizarra.com\\\/wp-content\\\/uploads\\\/2024\\\/10\\\/logo@2x.png\",\"contentUrl\":\"https:\\\/\\\/clusterdapizarra.com\\\/wp-content\\\/uploads\\\/2024\\\/10\\\/logo@2x.png\",\"width\":430,\"height\":134,\"caption\":\"Cl\u00faster da Pizarra de Galicia\"},\"image\":{\"@id\":\"https:\\\/\\\/clusterdapizarra.com\\\/#\\\/schema\\\/logo\\\/image\\\/\"},\"sameAs\":[\"https:\\\/\\\/www.facebook.com\\\/clusterdapizarra\",\"https:\\\/\\\/x.com\\\/clusterpizarra\",\"https:\\\/\\\/www.linkedin.com\\\/company\\\/clster-de-la-pizarra-de-galicia\\\/\"]}]}<\/script>\n<!-- \/ Yoast SEO plugin. -->","yoast_head_json":{"title":"Industrias e Profesionais","robots":{"index":"index","follow":"follow","max-snippet":"max-snippet:-1","max-image-preview":"max-image-preview:large","max-video-preview":"max-video-preview:-1"},"canonical":"https:\/\/clusterdapizarra.com\/gl\/industrias-e-profesionais\/","og_locale":"gl_ES","og_type":"article","og_title":"Industrias e Profesionais","og_url":"https:\/\/clusterdapizarra.com\/gl\/industrias-e-profesionais\/","og_site_name":"Cluster da Pizarra de Galicia","article_publisher":"https:\/\/www.facebook.com\/clusterdapizarra","article_modified_time":"2025-03-20T10:43:11+00:00","twitter_card":"summary_large_image","twitter_site":"@clusterpizarra","schema":{"@context":"https:\/\/schema.org","@graph":[{"@type":"WebPage","@id":"https:\/\/clusterdapizarra.com\/gl\/industrias-e-profesionais\/","url":"https:\/\/clusterdapizarra.com\/gl\/industrias-e-profesionais\/","name":"Industrias e Profesionais","isPartOf":{"@id":"https:\/\/clusterdapizarra.com\/#website"},"datePublished":"2017-10-02T00:36:42+00:00","dateModified":"2025-03-20T10:43:11+00:00","breadcrumb":{"@id":"https:\/\/clusterdapizarra.com\/gl\/industrias-e-profesionais\/#breadcrumb"},"inLanguage":"gl-ES","potentialAction":[{"@type":"ReadAction","target":["https:\/\/clusterdapizarra.com\/gl\/industrias-e-profesionais\/"]}]},{"@type":"BreadcrumbList","@id":"https:\/\/clusterdapizarra.com\/gl\/industrias-e-profesionais\/#breadcrumb","itemListElement":[{"@type":"ListItem","position":1,"name":"Portada","item":"https:\/\/clusterdapizarra.com\/gl\/"},{"@type":"ListItem","position":2,"name":"Industrias e Profesionais"}]},{"@type":"WebSite","@id":"https:\/\/clusterdapizarra.com\/#website","url":"https:\/\/clusterdapizarra.com\/","name":"Cl\u00faster da Pizarra de Galicia","description":"Los objetivos del Cl\u00faster da Pizarra buscan la promoci\u00f3n de la pizarra gallega en el mercado actual, respondiendo a las nuevas necesidades del sector.","publisher":{"@id":"https:\/\/clusterdapizarra.com\/#organization"},"potentialAction":[{"@type":"SearchAction","target":{"@type":"EntryPoint","urlTemplate":"https:\/\/clusterdapizarra.com\/?s={search_term_string}"},"query-input":{"@type":"PropertyValueSpecification","valueRequired":true,"valueName":"search_term_string"}}],"inLanguage":"gl-ES"},{"@type":"Organization","@id":"https:\/\/clusterdapizarra.com\/#organization","name":"Cl\u00faster da Pizarra de Galicia","url":"https:\/\/clusterdapizarra.com\/","logo":{"@type":"ImageObject","inLanguage":"gl-ES","@id":"https:\/\/clusterdapizarra.com\/#\/schema\/logo\/image\/","url":"https:\/\/clusterdapizarra.com\/wp-content\/uploads\/2024\/10\/logo@2x.png","contentUrl":"https:\/\/clusterdapizarra.com\/wp-content\/uploads\/2024\/10\/logo@2x.png","width":430,"height":134,"caption":"Cl\u00faster da Pizarra de Galicia"},"image":{"@id":"https:\/\/clusterdapizarra.com\/#\/schema\/logo\/image\/"},"sameAs":["https:\/\/www.facebook.com\/clusterdapizarra","https:\/\/x.com\/clusterpizarra","https:\/\/www.linkedin.com\/company\/clster-de-la-pizarra-de-galicia\/"]}]}},"_links":{"self":[{"href":"https:\/\/clusterdapizarra.com\/gl\/wp-json\/wp\/v2\/pages\/6155","targetHints":{"allow":["GET"]}}],"collection":[{"href":"https:\/\/clusterdapizarra.com\/gl\/wp-json\/wp\/v2\/pages"}],"about":[{"href":"https:\/\/clusterdapizarra.com\/gl\/wp-json\/wp\/v2\/types\/page"}],"author":[{"embeddable":true,"href":"https:\/\/clusterdapizarra.com\/gl\/wp-json\/wp\/v2\/users\/1"}],"replies":[{"embeddable":true,"href":"https:\/\/clusterdapizarra.com\/gl\/wp-json\/wp\/v2\/comments?post=6155"}],"version-history":[{"count":0,"href":"https:\/\/clusterdapizarra.com\/gl\/wp-json\/wp\/v2\/pages\/6155\/revisions"}],"wp:attachment":[{"href":"https:\/\/clusterdapizarra.com\/gl\/wp-json\/wp\/v2\/media?parent=6155"}],"curies":[{"name":"wp","href":"https:\/\/api.w.org\/{rel}","templated":true}]}}