{"id":8822,"date":"2025-07-29T14:16:05","date_gmt":"2025-07-29T12:16:05","guid":{"rendered":"https:\/\/clusterdapizarra.com\/cufica\/"},"modified":"2026-03-01T19:06:39","modified_gmt":"2026-03-01T18:06:39","slug":"cufica","status":"publish","type":"page","link":"https:\/\/clusterdapizarra.com\/fr\/entreprises-associees-cluster-da-pizarra\/cufica\/","title":{"rendered":"CUFICA"},"content":{"rendered":"<div class=\"wpb-content-wrapper\"><div style=\"\" class=\"vc_row wpb_row vc_row-fluid\"><div class=\"row-inner\"><div class=\"wpb_column vc_column_container vc_col-sm-12\"><div class=\"vc_column-inner\"><div class=\"wpb_wrapper\">\n\t<div  class=\"wpb_single_image wpb_content_element vc_align_center wpb_content_element\">\n\t\t\n\t\t<figure class=\"wpb_wrapper vc_figure\">\n\t\t\t<div class=\"vc_single_image-wrapper   vc_box_border_grey\"><img loading=\"lazy\" decoding=\"async\" width=\"480\" height=\"320\" src=\"https:\/\/clusterdapizarra.com\/wp-content\/uploads\/2025\/06\/Cufica.png\" class=\"vc_single_image-img attachment-full\" alt=\"\" title=\"Cufica\" srcset=\"https:\/\/clusterdapizarra.com\/wp-content\/uploads\/2025\/06\/Cufica.png 480w, https:\/\/clusterdapizarra.com\/wp-content\/uploads\/2025\/06\/Cufica-300x200.png 300w, https:\/\/clusterdapizarra.com\/wp-content\/uploads\/2025\/06\/Cufica-18x12.png 18w\" sizes=\"auto, (max-width: 480px) 100vw, 480px\" \/><\/div>\n\t\t<\/figure>\n\t<\/div>\n\n\t<div class=\"wpb_text_column wpb_content_element\" >\n\t\t<div class=\"wpb_wrapper\">\n\t\t\t<p style=\"text-align: center;\"><strong>CUFICA S.A.<\/strong><\/p>\n<p style=\"text-align: center;\">Ctra. N-536 Km. 37,5 &#8211; La Medua<br \/>\n32338 Carballeda de Valdeorras (Ourense)<br \/>\nTel.: 988335132 \u2013 646570016<br \/>\n<a href=\"https:\/\/cufica.com\" target=\"_blank\" rel=\"noopener\">www.cufica.com<\/a><br \/>\ncufica@cufica.com<\/p>\n\n\t\t<\/div>\n\t<\/div>\n<div class=\"vc_row wpb_row vc_inner vc_row-fluid\"><div class=\"wpb_column vc_column_container vc_col-sm-12\"><div class=\"vc_column-inner\"><div class=\"wpb_wrapper\"><div class=\"vc_empty_space\"   style=\"height: 70px\"><span class=\"vc_empty_space_inner\"><\/span><\/div><div class=\"vc_btn3-container vc_btn3-center vc_do_btn\" ><a class=\"vc_general vc_btn3 vc_btn3-size-lg vc_btn3-shape-rounded vc_btn3-style-modern vc_btn3-icon-left vc_btn3-color-inverse\" href=\"https:\/\/clusterdapizarra.com\/fr\/entreprises-associees-cluster-da-pizarra\/\" title=\"\"><i class=\"vc_btn3-icon fa fa-solid fa-arrow-rotate-left\"><\/i> RETOUR<\/a><\/div><\/div><\/div><\/div><\/div><\/div><\/div><\/div><\/div><\/div>\n<\/div>","protected":false},"excerpt":{"rendered":"CUFICA S.A. Ctra. N-536 Km. 37,5 - La Medua 32338 Carballeda de Valdeorras (Ourense) Tel.: 988335132 \u2013 646570016 www.cufica.com cufica@cufica.com RETOUR","protected":false},"author":1,"featured_media":0,"parent":8819,"menu_order":0,"comment_status":"closed","ping_status":"closed","template":"","meta":{"footnotes":""},"class_list":["post-8822","page","type-page","status-publish","hentry"],"yoast_head":"<!-- This site is optimized with the Yoast SEO plugin v27.3 - https:\/\/yoast.com\/product\/yoast-seo-wordpress\/ -->\n<title>CUFICA<\/title>\n<meta name=\"robots\" content=\"index, nofollow, max-snippet:-1, max-image-preview:large, max-video-preview:-1\" \/>\n<link rel=\"canonical\" href=\"https:\/\/clusterdapizarra.com\/fr\/entreprises-associees-cluster-da-pizarra\/cufica\/\" \/>\n<meta property=\"og:locale\" content=\"fr_FR\" \/>\n<meta property=\"og:type\" content=\"article\" \/>\n<meta property=\"og:title\" content=\"CUFICA\" \/>\n<meta property=\"og:url\" content=\"https:\/\/clusterdapizarra.com\/fr\/entreprises-associees-cluster-da-pizarra\/cufica\/\" \/>\n<meta property=\"og:site_name\" content=\"Cluster da Pizarra de Galicia\" \/>\n<meta property=\"article:publisher\" content=\"https:\/\/www.facebook.com\/clusterdapizarra\" \/>\n<meta property=\"article:modified_time\" content=\"2026-03-01T18:06:39+00:00\" \/>\n<meta name=\"twitter:card\" content=\"summary_large_image\" \/>\n<meta name=\"twitter:site\" content=\"@clusterpizarra\" \/>\n<script type=\"application\/ld+json\" class=\"yoast-schema-graph\">{\"@context\":\"https:\\\/\\\/schema.org\",\"@graph\":[{\"@type\":\"WebPage\",\"@id\":\"https:\\\/\\\/clusterdapizarra.com\\\/fr\\\/entreprises-associees-cluster-da-pizarra\\\/cufica\\\/\",\"url\":\"https:\\\/\\\/clusterdapizarra.com\\\/fr\\\/entreprises-associees-cluster-da-pizarra\\\/cufica\\\/\",\"name\":\"CUFICA\",\"isPartOf\":{\"@id\":\"https:\\\/\\\/clusterdapizarra.com\\\/#website\"},\"datePublished\":\"2025-07-29T12:16:05+00:00\",\"dateModified\":\"2026-03-01T18:06:39+00:00\",\"breadcrumb\":{\"@id\":\"https:\\\/\\\/clusterdapizarra.com\\\/fr\\\/entreprises-associees-cluster-da-pizarra\\\/cufica\\\/#breadcrumb\"},\"inLanguage\":\"fr-FR\",\"potentialAction\":[{\"@type\":\"ReadAction\",\"target\":[\"https:\\\/\\\/clusterdapizarra.com\\\/fr\\\/entreprises-associees-cluster-da-pizarra\\\/cufica\\\/\"]}]},{\"@type\":\"BreadcrumbList\",\"@id\":\"https:\\\/\\\/clusterdapizarra.com\\\/fr\\\/entreprises-associees-cluster-da-pizarra\\\/cufica\\\/#breadcrumb\",\"itemListElement\":[{\"@type\":\"ListItem\",\"position\":1,\"name\":\"Portada\",\"item\":\"https:\\\/\\\/clusterdapizarra.com\\\/fr\\\/\"},{\"@type\":\"ListItem\",\"position\":2,\"name\":\"Entreprises associ\u00e9es \u2013 Cl\u00faster da Pizarra\",\"item\":\"https:\\\/\\\/clusterdapizarra.com\\\/fr\\\/entreprises-associees-cluster-da-pizarra\\\/\"},{\"@type\":\"ListItem\",\"position\":3,\"name\":\"CUFICA\"}]},{\"@type\":\"WebSite\",\"@id\":\"https:\\\/\\\/clusterdapizarra.com\\\/#website\",\"url\":\"https:\\\/\\\/clusterdapizarra.com\\\/\",\"name\":\"Cl\u00faster da Pizarra de Galicia\",\"description\":\"Los objetivos del Cl\u00faster da Pizarra buscan la promoci\u00f3n de la pizarra gallega en el mercado actual, respondiendo a las nuevas necesidades del sector.\",\"publisher\":{\"@id\":\"https:\\\/\\\/clusterdapizarra.com\\\/#organization\"},\"potentialAction\":[{\"@type\":\"SearchAction\",\"target\":{\"@type\":\"EntryPoint\",\"urlTemplate\":\"https:\\\/\\\/clusterdapizarra.com\\\/?s={search_term_string}\"},\"query-input\":{\"@type\":\"PropertyValueSpecification\",\"valueRequired\":true,\"valueName\":\"search_term_string\"}}],\"inLanguage\":\"fr-FR\"},{\"@type\":\"Organization\",\"@id\":\"https:\\\/\\\/clusterdapizarra.com\\\/#organization\",\"name\":\"Cl\u00faster da Pizarra de Galicia\",\"url\":\"https:\\\/\\\/clusterdapizarra.com\\\/\",\"logo\":{\"@type\":\"ImageObject\",\"inLanguage\":\"fr-FR\",\"@id\":\"https:\\\/\\\/clusterdapizarra.com\\\/#\\\/schema\\\/logo\\\/image\\\/\",\"url\":\"https:\\\/\\\/clusterdapizarra.com\\\/wp-content\\\/uploads\\\/2024\\\/10\\\/logo@2x.png\",\"contentUrl\":\"https:\\\/\\\/clusterdapizarra.com\\\/wp-content\\\/uploads\\\/2024\\\/10\\\/logo@2x.png\",\"width\":430,\"height\":134,\"caption\":\"Cl\u00faster da Pizarra de Galicia\"},\"image\":{\"@id\":\"https:\\\/\\\/clusterdapizarra.com\\\/#\\\/schema\\\/logo\\\/image\\\/\"},\"sameAs\":[\"https:\\\/\\\/www.facebook.com\\\/clusterdapizarra\",\"https:\\\/\\\/x.com\\\/clusterpizarra\",\"https:\\\/\\\/www.linkedin.com\\\/company\\\/clster-de-la-pizarra-de-galicia\\\/\"]}]}<\/script>\n<!-- \/ Yoast SEO plugin. -->","yoast_head_json":{"title":"CUFICA","robots":{"index":"index","follow":"nofollow","max-snippet":"max-snippet:-1","max-image-preview":"max-image-preview:large","max-video-preview":"max-video-preview:-1"},"canonical":"https:\/\/clusterdapizarra.com\/fr\/entreprises-associees-cluster-da-pizarra\/cufica\/","og_locale":"fr_FR","og_type":"article","og_title":"CUFICA","og_url":"https:\/\/clusterdapizarra.com\/fr\/entreprises-associees-cluster-da-pizarra\/cufica\/","og_site_name":"Cluster da Pizarra de Galicia","article_publisher":"https:\/\/www.facebook.com\/clusterdapizarra","article_modified_time":"2026-03-01T18:06:39+00:00","twitter_card":"summary_large_image","twitter_site":"@clusterpizarra","schema":{"@context":"https:\/\/schema.org","@graph":[{"@type":"WebPage","@id":"https:\/\/clusterdapizarra.com\/fr\/entreprises-associees-cluster-da-pizarra\/cufica\/","url":"https:\/\/clusterdapizarra.com\/fr\/entreprises-associees-cluster-da-pizarra\/cufica\/","name":"CUFICA","isPartOf":{"@id":"https:\/\/clusterdapizarra.com\/#website"},"datePublished":"2025-07-29T12:16:05+00:00","dateModified":"2026-03-01T18:06:39+00:00","breadcrumb":{"@id":"https:\/\/clusterdapizarra.com\/fr\/entreprises-associees-cluster-da-pizarra\/cufica\/#breadcrumb"},"inLanguage":"fr-FR","potentialAction":[{"@type":"ReadAction","target":["https:\/\/clusterdapizarra.com\/fr\/entreprises-associees-cluster-da-pizarra\/cufica\/"]}]},{"@type":"BreadcrumbList","@id":"https:\/\/clusterdapizarra.com\/fr\/entreprises-associees-cluster-da-pizarra\/cufica\/#breadcrumb","itemListElement":[{"@type":"ListItem","position":1,"name":"Portada","item":"https:\/\/clusterdapizarra.com\/fr\/"},{"@type":"ListItem","position":2,"name":"Entreprises associ\u00e9es \u2013 Cl\u00faster da Pizarra","item":"https:\/\/clusterdapizarra.com\/fr\/entreprises-associees-cluster-da-pizarra\/"},{"@type":"ListItem","position":3,"name":"CUFICA"}]},{"@type":"WebSite","@id":"https:\/\/clusterdapizarra.com\/#website","url":"https:\/\/clusterdapizarra.com\/","name":"Cl\u00faster da Pizarra de Galicia","description":"Los objetivos del Cl\u00faster da Pizarra buscan la promoci\u00f3n de la pizarra gallega en el mercado actual, respondiendo a las nuevas necesidades del sector.","publisher":{"@id":"https:\/\/clusterdapizarra.com\/#organization"},"potentialAction":[{"@type":"SearchAction","target":{"@type":"EntryPoint","urlTemplate":"https:\/\/clusterdapizarra.com\/?s={search_term_string}"},"query-input":{"@type":"PropertyValueSpecification","valueRequired":true,"valueName":"search_term_string"}}],"inLanguage":"fr-FR"},{"@type":"Organization","@id":"https:\/\/clusterdapizarra.com\/#organization","name":"Cl\u00faster da Pizarra de Galicia","url":"https:\/\/clusterdapizarra.com\/","logo":{"@type":"ImageObject","inLanguage":"fr-FR","@id":"https:\/\/clusterdapizarra.com\/#\/schema\/logo\/image\/","url":"https:\/\/clusterdapizarra.com\/wp-content\/uploads\/2024\/10\/logo@2x.png","contentUrl":"https:\/\/clusterdapizarra.com\/wp-content\/uploads\/2024\/10\/logo@2x.png","width":430,"height":134,"caption":"Cl\u00faster da Pizarra de Galicia"},"image":{"@id":"https:\/\/clusterdapizarra.com\/#\/schema\/logo\/image\/"},"sameAs":["https:\/\/www.facebook.com\/clusterdapizarra","https:\/\/x.com\/clusterpizarra","https:\/\/www.linkedin.com\/company\/clster-de-la-pizarra-de-galicia\/"]}]}},"_links":{"self":[{"href":"https:\/\/clusterdapizarra.com\/fr\/wp-json\/wp\/v2\/pages\/8822","targetHints":{"allow":["GET"]}}],"collection":[{"href":"https:\/\/clusterdapizarra.com\/fr\/wp-json\/wp\/v2\/pages"}],"about":[{"href":"https:\/\/clusterdapizarra.com\/fr\/wp-json\/wp\/v2\/types\/page"}],"author":[{"embeddable":true,"href":"https:\/\/clusterdapizarra.com\/fr\/wp-json\/wp\/v2\/users\/1"}],"replies":[{"embeddable":true,"href":"https:\/\/clusterdapizarra.com\/fr\/wp-json\/wp\/v2\/comments?post=8822"}],"version-history":[{"count":0,"href":"https:\/\/clusterdapizarra.com\/fr\/wp-json\/wp\/v2\/pages\/8822\/revisions"}],"up":[{"embeddable":true,"href":"https:\/\/clusterdapizarra.com\/fr\/wp-json\/wp\/v2\/pages\/8819"}],"wp:attachment":[{"href":"https:\/\/clusterdapizarra.com\/fr\/wp-json\/wp\/v2\/media?parent=8822"}],"curies":[{"name":"wp","href":"https:\/\/api.w.org\/{rel}","templated":true}]}}