{"id":6583,"date":"2025-01-27T17:08:32","date_gmt":"2025-01-27T16:08:32","guid":{"rendered":"https:\/\/clusterdapizarra.com\/perfil-del-contratante\/"},"modified":"2025-01-27T17:08:32","modified_gmt":"2025-01-27T16:08:32","slug":"perfil-del-contratante","status":"publish","type":"page","link":"https:\/\/clusterdapizarra.com\/fr\/perfil-del-contratante\/","title":{"rendered":"Perfil del Contratante"},"content":{"rendered":"<div class=\"wpb-content-wrapper\"><div style=\"\" class=\"vc_row wpb_row vc_row-fluid vc_custom_1738054018943 vc_row-has-fill\"><div class=\"row-inner\"><div class=\"wpb_column vc_column_container vc_col-sm-2\"><div class=\"vc_column-inner\"><div class=\"wpb_wrapper\"><\/div><\/div><\/div><div class=\"wpb_column vc_column_container vc_col-sm-8\"><div class=\"vc_column-inner\"><div class=\"wpb_wrapper\">\n\t<div class=\"wpb_text_column wpb_content_element wpb_animate_when_almost_visible wpb_appear appear vc_custom_1737994122397 shadow\" >\n\t\t<div class=\"wpb_wrapper\">\n\t\t\t<h3 class=\"no-margin-top\" style=\"text-align: center; font-size: 2rem;\">Perfil del Contratante<\/h3>\n\n\t\t<\/div>\n\t<\/div>\n<\/div><\/div><\/div><div class=\"wpb_column vc_column_container vc_col-sm-2\"><div class=\"vc_column-inner\"><div class=\"wpb_wrapper\"><\/div><\/div><\/div><\/div><\/div><div style=\"\" class=\"vc_row wpb_row vc_row-fluid\"><div class=\"row-inner\"><div class=\"wpb_column vc_column_container vc_col-sm-12\"><div class=\"vc_column-inner\"><div class=\"wpb_wrapper\">\n\t<div class=\"wpb_text_column wpb_content_element\" >\n\t\t<div class=\"wpb_wrapper\">\n\t\t\t<p>Se advierte a los interesados, que la informaci\u00f3n que se ofrece en estas p\u00e1ginas, est\u00e1 destinada a su uso como instrumento exclusivamente informativo y por tanto carecen de validez jur\u00eddica.<\/p>\n\n\t\t<\/div>\n\t<\/div>\n<div class=\"vc_empty_space\"   style=\"height: 32px\"><span class=\"vc_empty_space_inner\"><\/span><\/div><div id=\"lvca-tabs-69e20f80ace12\" class=\"lvca-tabs lvca-vertical lvca-style8\" data-mobile-width=\"600\"><a href=\"#\" class=\"lvca-tab-mobile-menu\"><i class=\"lvca-icon-menu\"><\/i>&nbsp;<\/a><div class=\"lvca-tab-nav\"><div class=\"lvca-tab\"><a class=\"lvca-tab-label\" href=\"#perfil-del-contratante\"><span class=\"lvca-tab-title\">Perfil del Contratante<\/span><\/a><\/div><div class=\"lvca-tab\"><a class=\"lvca-tab-label\" href=\"#contrataciones-programadas\"><span class=\"lvca-tab-title\">Contrataciones programadas<\/span><\/a><\/div><div class=\"lvca-tab\"><a class=\"lvca-tab-label\" href=\"#licitaciones-abiertas\"><span class=\"lvca-tab-title\">Licitaciones abiertas<\/span><\/a><\/div><div class=\"lvca-tab\"><a class=\"lvca-tab-label\" href=\"#licitaciones-en-fase-de-adjudicaci%c3%b3n\"><span class=\"lvca-tab-title\">Licitaciones en fase de adjudicaci\u00f3n<\/span><\/a><\/div><div class=\"lvca-tab\"><a class=\"lvca-tab-label\" href=\"#adjudicaciones-provisionales\"><span class=\"lvca-tab-title\">Adjudicaciones provisionales<\/span><\/a><\/div><div class=\"lvca-tab\"><a class=\"lvca-tab-label\" href=\"#adjudicaciones-definitivas\"><span class=\"lvca-tab-title\">Adjudicaciones definitivas<\/span><\/a><\/div><\/div><div class=\"lvca-tab-panes\"><div id=\"perfil-del-contratante\" class=\"lvca-tab-pane\"><\/p>\n<h2>Perfil del Contratante<\/h2>\n<p><strong>Descarga de fichero:<\/strong>\u00a0<a href=\"https:\/\/clusterdapizarra.com\/Instrucciones-internas-contratacion.pdf\" target=\"_blank\" rel=\"noopener noreferrer\" data-wpel-link=\"internal\">Instrucciones internas de contrataci\u00f3n<\/a><\/p>\n<p><strong>Informaci\u00f3n de utilidad.<\/strong><\/p>\n<p><strong>Poder adjudicador:<\/strong>\u00a0Centro Tecnol\u00f3xico da Pizarra de Galicia.<br \/>\n<strong>Enderezo:<\/strong>\u00a0Centro Tecnol\u00f3xico da Pizarra.<br \/>\n<strong>Localidad:<\/strong>\u00a032300 \u2013 Sobradelo de Valdeorras s\/n.<br \/>\n<strong>Pa\u00eds:<\/strong>\u00a0Espa\u00f1a<br \/>\n<strong>Persona de Contacto:<\/strong>\u00a0Unidad de contrataci\u00f3n<br \/>\n<strong>Correo electr\u00f3nico:<\/strong>\u00a0asociacion@agp.es<br \/>\n<strong>Tel\u00e9fono:<\/strong>\u00a0988 33 50 45<br \/>\n<strong>Fax:<\/strong>\u00a0988 33 50 92<br \/>\n<strong>Direcci\u00f3n Web del Poder Adjudicador:<\/strong>\u00a0<a href=\"https:\/\/clusterdapizarra.com\/fr\/\" data-wpel-link=\"internal\">https:\/\/www.clusterdapizarra.com<\/a><br \/>\n<strong>Direcci\u00f3n Web del Perfil del Contratante:<\/strong> clusterdapizarra.com\/perfil-del-contratante\/<\/div><div id=\"contrataciones-programadas\" class=\"lvca-tab-pane\"><\/p>\n<h2>Contrataciones programadas<\/h2>\n<p><\/div><div id=\"licitaciones-abiertas\" class=\"lvca-tab-pane\"><\/p>\n<h2>Licitaciones abiertas<\/h2>\n<p><\/div><div id=\"licitaciones-en-fase-de-adjudicaci%c3%b3n\" class=\"lvca-tab-pane\"><\/p>\n<h2>Licitaciones en fase de adjudicaci\u00f3n<\/h2>\n<p><\/div><div id=\"adjudicaciones-provisionales\" class=\"lvca-tab-pane\"><\/p>\n<h2>Adjudicaciones provisionales<\/h2>\n<p><\/div><div id=\"adjudicaciones-definitivas\" class=\"lvca-tab-pane\"><\/p>\n<h2>Adjudicaciones definitivas<\/h2>\n<p><\/div><\/div><\/div>            <style type=\"text\/css\">\n                                #lvca-tabs-69e20f80ace12.lvca-style8 .lvca-tab-nav .lvca-tab.lvca-active a {\n                    border-left-color: #0098C9;\n                }\n                            <\/style>\n            <div class=\"vc_empty_space\"   style=\"height: 50px\"><span class=\"vc_empty_space_inner\"><\/span><\/div><\/div><\/div><\/div><\/div><\/div>\n<\/div>","protected":false},"excerpt":{"rendered":"Perfil del Contratante Se advierte a los interesados, que la informaci\u00f3n que se ofrece en estas p\u00e1ginas, est\u00e1 destinada a su uso como instrumento exclusivamente informativo y por tanto carecen de validez jur\u00eddica. &nbsp;Perfil del ContratanteContrataciones programadasLicitaciones abiertasLicitaciones en fase de adjudicaci\u00f3nAdjudicaciones provisionalesAdjudicaciones definitivas Perfil del Contratante Descarga de fichero:\u00a0Instrucciones internas de contrataci\u00f3n Informaci\u00f3n de [...]","protected":false},"author":1,"featured_media":0,"parent":0,"menu_order":0,"comment_status":"closed","ping_status":"closed","template":"","meta":{"footnotes":""},"class_list":["post-6583","page","type-page","status-publish","hentry"],"yoast_head":"<!-- This site is optimized with the Yoast SEO plugin v27.3 - https:\/\/yoast.com\/product\/yoast-seo-wordpress\/ -->\n<title>Perfil del Contratante<\/title>\n<meta name=\"robots\" content=\"index, follow, max-snippet:-1, max-image-preview:large, max-video-preview:-1\" \/>\n<link rel=\"canonical\" href=\"https:\/\/clusterdapizarra.com\/fr\/perfil-del-contratante\/\" \/>\n<meta property=\"og:locale\" content=\"fr_FR\" \/>\n<meta property=\"og:type\" content=\"article\" \/>\n<meta property=\"og:title\" content=\"Perfil del Contratante\" \/>\n<meta property=\"og:url\" content=\"https:\/\/clusterdapizarra.com\/fr\/perfil-del-contratante\/\" \/>\n<meta property=\"og:site_name\" content=\"Cluster da Pizarra de Galicia\" \/>\n<meta property=\"article:publisher\" content=\"https:\/\/www.facebook.com\/clusterdapizarra\" \/>\n<meta name=\"twitter:card\" content=\"summary_large_image\" \/>\n<meta name=\"twitter:site\" content=\"@clusterpizarra\" \/>\n<script type=\"application\/ld+json\" class=\"yoast-schema-graph\">{\"@context\":\"https:\\\/\\\/schema.org\",\"@graph\":[{\"@type\":\"WebPage\",\"@id\":\"https:\\\/\\\/clusterdapizarra.com\\\/fr\\\/perfil-del-contratante\\\/\",\"url\":\"https:\\\/\\\/clusterdapizarra.com\\\/fr\\\/perfil-del-contratante\\\/\",\"name\":\"Perfil del Contratante\",\"isPartOf\":{\"@id\":\"https:\\\/\\\/clusterdapizarra.com\\\/#website\"},\"datePublished\":\"2025-01-27T16:08:32+00:00\",\"breadcrumb\":{\"@id\":\"https:\\\/\\\/clusterdapizarra.com\\\/fr\\\/perfil-del-contratante\\\/#breadcrumb\"},\"inLanguage\":\"fr-FR\",\"potentialAction\":[{\"@type\":\"ReadAction\",\"target\":[\"https:\\\/\\\/clusterdapizarra.com\\\/fr\\\/perfil-del-contratante\\\/\"]}]},{\"@type\":\"BreadcrumbList\",\"@id\":\"https:\\\/\\\/clusterdapizarra.com\\\/fr\\\/perfil-del-contratante\\\/#breadcrumb\",\"itemListElement\":[{\"@type\":\"ListItem\",\"position\":1,\"name\":\"Portada\",\"item\":\"https:\\\/\\\/clusterdapizarra.com\\\/fr\\\/\"},{\"@type\":\"ListItem\",\"position\":2,\"name\":\"Perfil del Contratante\"}]},{\"@type\":\"WebSite\",\"@id\":\"https:\\\/\\\/clusterdapizarra.com\\\/#website\",\"url\":\"https:\\\/\\\/clusterdapizarra.com\\\/\",\"name\":\"Cl\u00faster da Pizarra de Galicia\",\"description\":\"Los objetivos del Cl\u00faster da Pizarra buscan la promoci\u00f3n de la pizarra gallega en el mercado actual, respondiendo a las nuevas necesidades del sector.\",\"publisher\":{\"@id\":\"https:\\\/\\\/clusterdapizarra.com\\\/#organization\"},\"potentialAction\":[{\"@type\":\"SearchAction\",\"target\":{\"@type\":\"EntryPoint\",\"urlTemplate\":\"https:\\\/\\\/clusterdapizarra.com\\\/?s={search_term_string}\"},\"query-input\":{\"@type\":\"PropertyValueSpecification\",\"valueRequired\":true,\"valueName\":\"search_term_string\"}}],\"inLanguage\":\"fr-FR\"},{\"@type\":\"Organization\",\"@id\":\"https:\\\/\\\/clusterdapizarra.com\\\/#organization\",\"name\":\"Cl\u00faster da Pizarra de Galicia\",\"url\":\"https:\\\/\\\/clusterdapizarra.com\\\/\",\"logo\":{\"@type\":\"ImageObject\",\"inLanguage\":\"fr-FR\",\"@id\":\"https:\\\/\\\/clusterdapizarra.com\\\/#\\\/schema\\\/logo\\\/image\\\/\",\"url\":\"https:\\\/\\\/clusterdapizarra.com\\\/wp-content\\\/uploads\\\/2024\\\/10\\\/logo@2x.png\",\"contentUrl\":\"https:\\\/\\\/clusterdapizarra.com\\\/wp-content\\\/uploads\\\/2024\\\/10\\\/logo@2x.png\",\"width\":430,\"height\":134,\"caption\":\"Cl\u00faster da Pizarra de Galicia\"},\"image\":{\"@id\":\"https:\\\/\\\/clusterdapizarra.com\\\/#\\\/schema\\\/logo\\\/image\\\/\"},\"sameAs\":[\"https:\\\/\\\/www.facebook.com\\\/clusterdapizarra\",\"https:\\\/\\\/x.com\\\/clusterpizarra\",\"https:\\\/\\\/www.linkedin.com\\\/company\\\/clster-de-la-pizarra-de-galicia\\\/\"]}]}<\/script>\n<!-- \/ Yoast SEO plugin. -->","yoast_head_json":{"title":"Perfil del Contratante","robots":{"index":"index","follow":"follow","max-snippet":"max-snippet:-1","max-image-preview":"max-image-preview:large","max-video-preview":"max-video-preview:-1"},"canonical":"https:\/\/clusterdapizarra.com\/fr\/perfil-del-contratante\/","og_locale":"fr_FR","og_type":"article","og_title":"Perfil del Contratante","og_url":"https:\/\/clusterdapizarra.com\/fr\/perfil-del-contratante\/","og_site_name":"Cluster da Pizarra de Galicia","article_publisher":"https:\/\/www.facebook.com\/clusterdapizarra","twitter_card":"summary_large_image","twitter_site":"@clusterpizarra","schema":{"@context":"https:\/\/schema.org","@graph":[{"@type":"WebPage","@id":"https:\/\/clusterdapizarra.com\/fr\/perfil-del-contratante\/","url":"https:\/\/clusterdapizarra.com\/fr\/perfil-del-contratante\/","name":"Perfil del Contratante","isPartOf":{"@id":"https:\/\/clusterdapizarra.com\/#website"},"datePublished":"2025-01-27T16:08:32+00:00","breadcrumb":{"@id":"https:\/\/clusterdapizarra.com\/fr\/perfil-del-contratante\/#breadcrumb"},"inLanguage":"fr-FR","potentialAction":[{"@type":"ReadAction","target":["https:\/\/clusterdapizarra.com\/fr\/perfil-del-contratante\/"]}]},{"@type":"BreadcrumbList","@id":"https:\/\/clusterdapizarra.com\/fr\/perfil-del-contratante\/#breadcrumb","itemListElement":[{"@type":"ListItem","position":1,"name":"Portada","item":"https:\/\/clusterdapizarra.com\/fr\/"},{"@type":"ListItem","position":2,"name":"Perfil del Contratante"}]},{"@type":"WebSite","@id":"https:\/\/clusterdapizarra.com\/#website","url":"https:\/\/clusterdapizarra.com\/","name":"Cl\u00faster da Pizarra de Galicia","description":"Los objetivos del Cl\u00faster da Pizarra buscan la promoci\u00f3n de la pizarra gallega en el mercado actual, respondiendo a las nuevas necesidades del sector.","publisher":{"@id":"https:\/\/clusterdapizarra.com\/#organization"},"potentialAction":[{"@type":"SearchAction","target":{"@type":"EntryPoint","urlTemplate":"https:\/\/clusterdapizarra.com\/?s={search_term_string}"},"query-input":{"@type":"PropertyValueSpecification","valueRequired":true,"valueName":"search_term_string"}}],"inLanguage":"fr-FR"},{"@type":"Organization","@id":"https:\/\/clusterdapizarra.com\/#organization","name":"Cl\u00faster da Pizarra de Galicia","url":"https:\/\/clusterdapizarra.com\/","logo":{"@type":"ImageObject","inLanguage":"fr-FR","@id":"https:\/\/clusterdapizarra.com\/#\/schema\/logo\/image\/","url":"https:\/\/clusterdapizarra.com\/wp-content\/uploads\/2024\/10\/logo@2x.png","contentUrl":"https:\/\/clusterdapizarra.com\/wp-content\/uploads\/2024\/10\/logo@2x.png","width":430,"height":134,"caption":"Cl\u00faster da Pizarra de Galicia"},"image":{"@id":"https:\/\/clusterdapizarra.com\/#\/schema\/logo\/image\/"},"sameAs":["https:\/\/www.facebook.com\/clusterdapizarra","https:\/\/x.com\/clusterpizarra","https:\/\/www.linkedin.com\/company\/clster-de-la-pizarra-de-galicia\/"]}]}},"_links":{"self":[{"href":"https:\/\/clusterdapizarra.com\/fr\/wp-json\/wp\/v2\/pages\/6583","targetHints":{"allow":["GET"]}}],"collection":[{"href":"https:\/\/clusterdapizarra.com\/fr\/wp-json\/wp\/v2\/pages"}],"about":[{"href":"https:\/\/clusterdapizarra.com\/fr\/wp-json\/wp\/v2\/types\/page"}],"author":[{"embeddable":true,"href":"https:\/\/clusterdapizarra.com\/fr\/wp-json\/wp\/v2\/users\/1"}],"replies":[{"embeddable":true,"href":"https:\/\/clusterdapizarra.com\/fr\/wp-json\/wp\/v2\/comments?post=6583"}],"version-history":[{"count":0,"href":"https:\/\/clusterdapizarra.com\/fr\/wp-json\/wp\/v2\/pages\/6583\/revisions"}],"wp:attachment":[{"href":"https:\/\/clusterdapizarra.com\/fr\/wp-json\/wp\/v2\/media?parent=6583"}],"curies":[{"name":"wp","href":"https:\/\/api.w.org\/{rel}","templated":true}]}}