{"id":6568,"date":"2025-07-17T15:24:01","date_gmt":"2025-07-17T13:24:01","guid":{"rendered":"https:\/\/clusterdapizarra.com\/calculo-de-rastreles\/"},"modified":"2026-03-01T19:24:37","modified_gmt":"2026-03-01T18:24:37","slug":"calcul-des-lattes-en-bois","status":"publish","type":"page","link":"https:\/\/clusterdapizarra.com\/fr\/calcul-des-lattes-en-bois\/","title":{"rendered":"Calcul des lattes en bois"},"content":{"rendered":"<div class=\"wpb-content-wrapper\"><div style=\"\" class=\"vc_row wpb_row vc_row-fluid vc_custom_1737988505392 vc_row-has-fill\"><div class=\"row-inner\"><div class=\"wpb_column vc_column_container vc_col-sm-2\"><div class=\"vc_column-inner\"><div class=\"wpb_wrapper\"><\/div><\/div><\/div><div class=\"wpb_column vc_column_container vc_col-sm-8\"><div class=\"vc_column-inner\"><div class=\"wpb_wrapper\">\n\t<div class=\"wpb_text_column wpb_content_element wpb_animate_when_almost_visible wpb_appear appear vc_custom_1744283185994 shadow\" >\n\t\t<div class=\"wpb_wrapper\">\n\t\t\t<h3 class=\"no-margin-top\" style=\"text-align: center; font-size: 2rem;\">Calcul des lattes en bois<\/h3>\n\n\t\t<\/div>\n\t<\/div>\n<\/div><\/div><\/div><div class=\"wpb_column vc_column_container vc_col-sm-2\"><div class=\"vc_column-inner\"><div class=\"wpb_wrapper\"><\/div><\/div><\/div><\/div><\/div><div style=\"\" class=\"vc_row wpb_row vc_row-fluid\"><div class=\"row-inner\"><div class=\"wpb_column vc_column_container vc_col-sm-4\"><div class=\"vc_column-inner\"><div class=\"wpb_wrapper\"><div class=\"vc_empty_space\"   style=\"height: 20px\"><span class=\"vc_empty_space_inner\"><\/span><\/div><h3 style=\"text-align: left\" class=\"vc_custom_heading vc_do_custom_heading\" >Calcul de la section des liteaux en bois<\/h3><div class=\"vc_empty_space\"   style=\"height: 20px\"><span class=\"vc_empty_space_inner\"><\/span><\/div>\n\t<div class=\"wpb_text_column wpb_content_element\" >\n\t\t<div class=\"wpb_wrapper\">\n\t\t\t<p>Nous mettons \u00e0 votre disposition un outil pratique pour calculer la section de liteaux en bois sci\u00e9 de conif\u00e8res. T\u00e9l\u00e9chargez notre feuille de calcul Excel et effectuez de mani\u00e8re simple et pr\u00e9cise les calculs n\u00e9cessaires pour garantir la s\u00e9curit\u00e9 et l\u2019efficacit\u00e9 de vos projets.<\/p>\n<p>Cet outil est con\u00e7u pour faciliter le travail technique et r\u00e9pondre aux normes les plus exigeantes dans l\u2019utilisation du bois en construction.<\/p>\n\n\t\t<\/div>\n\t<\/div>\n<div class=\"vc_empty_space\"   style=\"height: 20px\"><span class=\"vc_empty_space_inner\"><\/span><\/div><div class=\"vc_btn3-container vc_btn3-center vc_do_btn\" ><a class=\"vc_general vc_btn3 vc_btn3-size-lg vc_btn3-shape-rounded vc_btn3-style-modern vc_btn3-color-primary\" href=\"https:\/\/clusterdapizarra.com\/Calculo-rastreles-madera.xlsx\" title=\"Hoja de Excel c\u00e1lculo de rastreles\">Cliquez pour ouvrir le document (document Excel).<\/a><\/div><\/div><\/div><\/div><div class=\"wpb_column vc_column_container vc_col-sm-8\"><div class=\"vc_column-inner\"><div class=\"wpb_wrapper\">\n\t<div  class=\"wpb_single_image wpb_content_element vc_align_left wpb_content_element\">\n\t\t\n\t\t<figure class=\"wpb_wrapper vc_figure\">\n\t\t\t<div class=\"vc_single_image-wrapper vc_box_shadow_3d  vc_box_border_grey\"><img loading=\"lazy\" decoding=\"async\" width=\"1102\" height=\"691\" src=\"https:\/\/clusterdapizarra.com\/wp-content\/uploads\/2025\/01\/calculo-rastreles-madera.gif\" class=\"vc_single_image-img attachment-full\" alt=\"\" title=\"C\u00e1lculo rastreles de madera\" \/><\/div>\n\t\t<\/figure>\n\t<\/div>\n<\/div><\/div><\/div><\/div><\/div>\n<\/div>","protected":false},"excerpt":{"rendered":"Calcul des lattes en bois Calcul de la section des liteaux en bois Nous mettons \u00e0 votre disposition un outil pratique pour calculer la section de liteaux en bois sci\u00e9 de conif\u00e8res. T\u00e9l\u00e9chargez notre feuille de calcul Excel et effectuez de mani\u00e8re simple et pr\u00e9cise les calculs n\u00e9cessaires pour garantir la s\u00e9curit\u00e9 et l\u2019efficacit\u00e9 de [...]","protected":false},"author":1,"featured_media":0,"parent":0,"menu_order":0,"comment_status":"closed","ping_status":"closed","template":"","meta":{"footnotes":""},"class_list":["post-6568","page","type-page","status-publish","hentry"],"yoast_head":"<!-- This site is optimized with the Yoast SEO plugin v27.5 - https:\/\/yoast.com\/product\/yoast-seo-wordpress\/ -->\n<title>Calcul des lattes en bois<\/title>\n<meta name=\"description\" content=\"Cet outil est con\u00e7u pour faciliter le travail technique et r\u00e9pondre aux normes les plus exigeantes dans l\u2019utilisation du bois en construction.\" \/>\n<meta name=\"robots\" content=\"index, follow, max-snippet:-1, max-image-preview:large, max-video-preview:-1\" \/>\n<link rel=\"canonical\" href=\"https:\/\/clusterdapizarra.com\/fr\/calcul-des-lattes-en-bois\/\" \/>\n<meta property=\"og:locale\" content=\"fr_FR\" \/>\n<meta property=\"og:type\" content=\"article\" \/>\n<meta property=\"og:title\" content=\"Calcul des lattes en bois\" \/>\n<meta property=\"og:description\" content=\"Cet outil est con\u00e7u pour faciliter le travail technique et r\u00e9pondre aux normes les plus exigeantes dans l\u2019utilisation du bois en construction.\" \/>\n<meta property=\"og:url\" content=\"https:\/\/clusterdapizarra.com\/fr\/calcul-des-lattes-en-bois\/\" \/>\n<meta property=\"og:site_name\" content=\"Cluster da Pizarra de Galicia\" \/>\n<meta property=\"article:publisher\" content=\"https:\/\/www.facebook.com\/clusterdapizarra\" \/>\n<meta property=\"article:modified_time\" content=\"2026-03-01T18:24:37+00:00\" \/>\n<meta name=\"twitter:card\" content=\"summary_large_image\" \/>\n<meta name=\"twitter:site\" content=\"@clusterpizarra\" \/>\n<script type=\"application\/ld+json\" class=\"yoast-schema-graph\">{\"@context\":\"https:\\\/\\\/schema.org\",\"@graph\":[{\"@type\":\"WebPage\",\"@id\":\"https:\\\/\\\/clusterdapizarra.com\\\/fr\\\/calcul-des-lattes-en-bois\\\/\",\"url\":\"https:\\\/\\\/clusterdapizarra.com\\\/fr\\\/calcul-des-lattes-en-bois\\\/\",\"name\":\"Calcul des lattes en bois\",\"isPartOf\":{\"@id\":\"https:\\\/\\\/clusterdapizarra.com\\\/#website\"},\"datePublished\":\"2025-07-17T13:24:01+00:00\",\"dateModified\":\"2026-03-01T18:24:37+00:00\",\"description\":\"Cet outil est con\u00e7u pour faciliter le travail technique et r\u00e9pondre aux normes les plus exigeantes dans l\u2019utilisation du bois en construction.\",\"breadcrumb\":{\"@id\":\"https:\\\/\\\/clusterdapizarra.com\\\/fr\\\/calcul-des-lattes-en-bois\\\/#breadcrumb\"},\"inLanguage\":\"fr-FR\",\"potentialAction\":[{\"@type\":\"ReadAction\",\"target\":[\"https:\\\/\\\/clusterdapizarra.com\\\/fr\\\/calcul-des-lattes-en-bois\\\/\"]}]},{\"@type\":\"BreadcrumbList\",\"@id\":\"https:\\\/\\\/clusterdapizarra.com\\\/fr\\\/calcul-des-lattes-en-bois\\\/#breadcrumb\",\"itemListElement\":[{\"@type\":\"ListItem\",\"position\":1,\"name\":\"Portada\",\"item\":\"https:\\\/\\\/clusterdapizarra.com\\\/fr\\\/\"},{\"@type\":\"ListItem\",\"position\":2,\"name\":\"Calcul des lattes en bois\"}]},{\"@type\":\"WebSite\",\"@id\":\"https:\\\/\\\/clusterdapizarra.com\\\/#website\",\"url\":\"https:\\\/\\\/clusterdapizarra.com\\\/\",\"name\":\"Cl\u00faster da Pizarra de Galicia\",\"description\":\"Los objetivos del Cl\u00faster da Pizarra buscan la promoci\u00f3n de la pizarra gallega en el mercado actual, respondiendo a las nuevas necesidades del sector.\",\"publisher\":{\"@id\":\"https:\\\/\\\/clusterdapizarra.com\\\/#organization\"},\"potentialAction\":[{\"@type\":\"SearchAction\",\"target\":{\"@type\":\"EntryPoint\",\"urlTemplate\":\"https:\\\/\\\/clusterdapizarra.com\\\/?s={search_term_string}\"},\"query-input\":{\"@type\":\"PropertyValueSpecification\",\"valueRequired\":true,\"valueName\":\"search_term_string\"}}],\"inLanguage\":\"fr-FR\"},{\"@type\":\"Organization\",\"@id\":\"https:\\\/\\\/clusterdapizarra.com\\\/#organization\",\"name\":\"Cl\u00faster da Pizarra de Galicia\",\"url\":\"https:\\\/\\\/clusterdapizarra.com\\\/\",\"logo\":{\"@type\":\"ImageObject\",\"inLanguage\":\"fr-FR\",\"@id\":\"https:\\\/\\\/clusterdapizarra.com\\\/#\\\/schema\\\/logo\\\/image\\\/\",\"url\":\"https:\\\/\\\/clusterdapizarra.com\\\/wp-content\\\/uploads\\\/2024\\\/10\\\/logo@2x.png\",\"contentUrl\":\"https:\\\/\\\/clusterdapizarra.com\\\/wp-content\\\/uploads\\\/2024\\\/10\\\/logo@2x.png\",\"width\":430,\"height\":134,\"caption\":\"Cl\u00faster da Pizarra de Galicia\"},\"image\":{\"@id\":\"https:\\\/\\\/clusterdapizarra.com\\\/#\\\/schema\\\/logo\\\/image\\\/\"},\"sameAs\":[\"https:\\\/\\\/www.facebook.com\\\/clusterdapizarra\",\"https:\\\/\\\/x.com\\\/clusterpizarra\",\"https:\\\/\\\/www.linkedin.com\\\/company\\\/clster-de-la-pizarra-de-galicia\\\/\"]}]}<\/script>\n<!-- \/ Yoast SEO plugin. -->","yoast_head_json":{"title":"Calcul des lattes en bois","description":"Cet outil est con\u00e7u pour faciliter le travail technique et r\u00e9pondre aux normes les plus exigeantes dans l\u2019utilisation du bois en construction.","robots":{"index":"index","follow":"follow","max-snippet":"max-snippet:-1","max-image-preview":"max-image-preview:large","max-video-preview":"max-video-preview:-1"},"canonical":"https:\/\/clusterdapizarra.com\/fr\/calcul-des-lattes-en-bois\/","og_locale":"fr_FR","og_type":"article","og_title":"Calcul des lattes en bois","og_description":"Cet outil est con\u00e7u pour faciliter le travail technique et r\u00e9pondre aux normes les plus exigeantes dans l\u2019utilisation du bois en construction.","og_url":"https:\/\/clusterdapizarra.com\/fr\/calcul-des-lattes-en-bois\/","og_site_name":"Cluster da Pizarra de Galicia","article_publisher":"https:\/\/www.facebook.com\/clusterdapizarra","article_modified_time":"2026-03-01T18:24:37+00:00","twitter_card":"summary_large_image","twitter_site":"@clusterpizarra","schema":{"@context":"https:\/\/schema.org","@graph":[{"@type":"WebPage","@id":"https:\/\/clusterdapizarra.com\/fr\/calcul-des-lattes-en-bois\/","url":"https:\/\/clusterdapizarra.com\/fr\/calcul-des-lattes-en-bois\/","name":"Calcul des lattes en bois","isPartOf":{"@id":"https:\/\/clusterdapizarra.com\/#website"},"datePublished":"2025-07-17T13:24:01+00:00","dateModified":"2026-03-01T18:24:37+00:00","description":"Cet outil est con\u00e7u pour faciliter le travail technique et r\u00e9pondre aux normes les plus exigeantes dans l\u2019utilisation du bois en construction.","breadcrumb":{"@id":"https:\/\/clusterdapizarra.com\/fr\/calcul-des-lattes-en-bois\/#breadcrumb"},"inLanguage":"fr-FR","potentialAction":[{"@type":"ReadAction","target":["https:\/\/clusterdapizarra.com\/fr\/calcul-des-lattes-en-bois\/"]}]},{"@type":"BreadcrumbList","@id":"https:\/\/clusterdapizarra.com\/fr\/calcul-des-lattes-en-bois\/#breadcrumb","itemListElement":[{"@type":"ListItem","position":1,"name":"Portada","item":"https:\/\/clusterdapizarra.com\/fr\/"},{"@type":"ListItem","position":2,"name":"Calcul des lattes en bois"}]},{"@type":"WebSite","@id":"https:\/\/clusterdapizarra.com\/#website","url":"https:\/\/clusterdapizarra.com\/","name":"Cl\u00faster da Pizarra de Galicia","description":"Los objetivos del Cl\u00faster da Pizarra buscan la promoci\u00f3n de la pizarra gallega en el mercado actual, respondiendo a las nuevas necesidades del sector.","publisher":{"@id":"https:\/\/clusterdapizarra.com\/#organization"},"potentialAction":[{"@type":"SearchAction","target":{"@type":"EntryPoint","urlTemplate":"https:\/\/clusterdapizarra.com\/?s={search_term_string}"},"query-input":{"@type":"PropertyValueSpecification","valueRequired":true,"valueName":"search_term_string"}}],"inLanguage":"fr-FR"},{"@type":"Organization","@id":"https:\/\/clusterdapizarra.com\/#organization","name":"Cl\u00faster da Pizarra de Galicia","url":"https:\/\/clusterdapizarra.com\/","logo":{"@type":"ImageObject","inLanguage":"fr-FR","@id":"https:\/\/clusterdapizarra.com\/#\/schema\/logo\/image\/","url":"https:\/\/clusterdapizarra.com\/wp-content\/uploads\/2024\/10\/logo@2x.png","contentUrl":"https:\/\/clusterdapizarra.com\/wp-content\/uploads\/2024\/10\/logo@2x.png","width":430,"height":134,"caption":"Cl\u00faster da Pizarra de Galicia"},"image":{"@id":"https:\/\/clusterdapizarra.com\/#\/schema\/logo\/image\/"},"sameAs":["https:\/\/www.facebook.com\/clusterdapizarra","https:\/\/x.com\/clusterpizarra","https:\/\/www.linkedin.com\/company\/clster-de-la-pizarra-de-galicia\/"]}]}},"_links":{"self":[{"href":"https:\/\/clusterdapizarra.com\/fr\/wp-json\/wp\/v2\/pages\/6568","targetHints":{"allow":["GET"]}}],"collection":[{"href":"https:\/\/clusterdapizarra.com\/fr\/wp-json\/wp\/v2\/pages"}],"about":[{"href":"https:\/\/clusterdapizarra.com\/fr\/wp-json\/wp\/v2\/types\/page"}],"author":[{"embeddable":true,"href":"https:\/\/clusterdapizarra.com\/fr\/wp-json\/wp\/v2\/users\/1"}],"replies":[{"embeddable":true,"href":"https:\/\/clusterdapizarra.com\/fr\/wp-json\/wp\/v2\/comments?post=6568"}],"version-history":[{"count":0,"href":"https:\/\/clusterdapizarra.com\/fr\/wp-json\/wp\/v2\/pages\/6568\/revisions"}],"wp:attachment":[{"href":"https:\/\/clusterdapizarra.com\/fr\/wp-json\/wp\/v2\/media?parent=6568"}],"curies":[{"name":"wp","href":"https:\/\/api.w.org\/{rel}","templated":true}]}}