{"id":6218,"date":"2025-07-17T02:35:56","date_gmt":"2025-07-17T00:35:56","guid":{"rendered":"https:\/\/clusterdapizarra.com\/preguntas-mas-frecuentes\/"},"modified":"2026-03-01T15:30:13","modified_gmt":"2026-03-01T14:30:13","slug":"question-frequentes","status":"publish","type":"page","link":"https:\/\/clusterdapizarra.com\/fr\/question-frequentes\/","title":{"rendered":"QUESTION FR\u00c9QUENTES"},"content":{"rendered":"<div class=\"wpb-content-wrapper\"><div style=\"\" class=\"vc_row wpb_row vc_row-fluid vc_custom_1737981795698 vc_row-has-fill\"><div class=\"row-inner\"><div class=\"wpb_column vc_column_container vc_col-sm-2\"><div class=\"vc_column-inner\"><div class=\"wpb_wrapper\"><\/div><\/div><\/div><div class=\"wpb_column vc_column_container vc_col-sm-8\"><div class=\"vc_column-inner\"><div class=\"wpb_wrapper\">\n\t<div class=\"wpb_text_column wpb_content_element wpb_animate_when_almost_visible wpb_appear appear vc_custom_1744285845864 shadow\" >\n\t\t<div class=\"wpb_wrapper\">\n\t\t\t<h3 class=\"no-margin-top\" style=\"text-align: center; font-size: 2rem;\">Questions fr\u00e9quemment pos\u00e9es<\/h3>\n\n\t\t<\/div>\n\t<\/div>\n<\/div><\/div><\/div><div class=\"wpb_column vc_column_container vc_col-sm-2\"><div class=\"vc_column-inner\"><div class=\"wpb_wrapper\"><\/div><\/div><\/div><\/div><\/div><div style=\"\" class=\"vc_row wpb_row vc_row-fluid\"><div class=\"row-inner\"><div class=\"wpb_column vc_column_container vc_col-sm-12\"><div class=\"vc_column-inner\"><div class=\"wpb_wrapper\"><div class=\"vc_row wpb_row vc_inner vc_row-fluid\"><div class=\"wpb_column vc_column_container vc_col-sm-3\"><div class=\"vc_column-inner\"><div class=\"wpb_wrapper\"><h3 style=\"text-align: left\" class=\"vc_custom_heading vc_do_custom_heading\" >QUESTION FR\u00c9QUENTES<\/h3><div class=\"vc_empty_space\"   style=\"height: 20px\"><span class=\"vc_empty_space_inner\"><\/span><\/div><\/div><\/div><\/div><div class=\"wpb_column vc_column_container vc_col-sm-9\"><div class=\"vc_column-inner\"><div class=\"wpb_wrapper\">\n\t<div class=\"wpb_text_column wpb_content_element\" >\n\t\t<div class=\"wpb_wrapper\">\n\t\t\t<p>Trouvez des r\u00e9ponses aux questions les plus courantes sur l\u2019ardoise naturelle, ses usages, ses caract\u00e9ristiques et ses avantages. Que vous soyez un professionnel du secteur ou un particulier int\u00e9ress\u00e9, cette section clarifie tout ce que vous devez savoir pour tirer le meilleur parti de ce mat\u00e9riau durable et respectueux de l\u2019environnement.<\/p>\n\n\t\t<\/div>\n\t<\/div>\n<div class=\"vc_empty_space\"   style=\"height: 40px\"><span class=\"vc_empty_space_inner\"><\/span><\/div><\/div><\/div><\/div><\/div><div  class=\"vc_do_toggle vc_toggle vc_toggle_default vc_toggle_color_default  vc_toggle_size_md\"><div class=\"vc_toggle_title\"><h4>Comment puis-je contacter une entreprise pour acheter des ardoises? <\/h4><i class=\"vc_toggle_icon\"><\/i><\/div><div class=\"vc_toggle_content\"><p>Sur ce site web, nous mettons \u00e0 votre disposition toutes les informations de contact des entreprises membres du Cluster da Pizarra de Galicia, qui vous fourniront un devis sans engagement pour des ardoises de qualit\u00e9 certifi\u00e9e.<\/p>\n<\/div><\/div><div  class=\"vc_do_toggle vc_toggle vc_toggle_default vc_toggle_color_default  vc_toggle_size_md\"><div class=\"vc_toggle_title\"><h4>L&#039;entretien des toitures en ardoise entra\u00eene-t-il des co\u00fbts \u00e9lev\u00e9s?<\/h4><i class=\"vc_toggle_icon\"><\/i><\/div><div class=\"vc_toggle_content\"><p>L&#8217;entretien des toitures en ardoise ne repr\u00e9sente pas un co\u00fbt \u00e9lev\u00e9, car en raison de sa longue dur\u00e9e de vie, les op\u00e9rations n\u00e9cessaires sont peu fr\u00e9quentes. De plus, le remplacement des ardoises endommag\u00e9es est tr\u00e8s simple, il suffit de retirer le clou ou le crochet correspondant et de remplacer la pi\u00e8ce d\u00e9fectueuse par une pi\u00e8ce en bon \u00e9tat. En outre, les ardoises ont une surface autolavable, ce qui signifie que la salet\u00e9 qui s&#8217;y d\u00e9pose est limit\u00e9e.<\/p>\n<\/div><\/div><div  class=\"vc_do_toggle vc_toggle vc_toggle_default vc_toggle_color_default  vc_toggle_size_md\"><div class=\"vc_toggle_title\"><h4>Les ardoises de Galice ont-elles une qualit\u00e9 ad\u00e9quate pour leur utilisation en toiture?<\/h4><i class=\"vc_toggle_icon\"><\/i><\/div><div class=\"vc_toggle_content\"><p>Les ardoises de Galice sont soumises \u00e0 des contr\u00f4les de qualit\u00e9 rigoureux qui certifient qu&#8217;il s&#8217;agit d&#8217;un produit optimal pour cet usage. Les normes UNE, qui sont obligatoires, ainsi que les essais r\u00e9alis\u00e9s au Laboratoire du Centre Technologique de l&#8217;Ardoise certifient la qualit\u00e9 du produit. De plus, le marquage CE distingue la qualit\u00e9 des ardoises de Galice par rapport \u00e0 celles provenant de pays comme la Chine ou le Br\u00e9sil, qui ne sont pas dot\u00e9es de ce marquage.<\/p>\n<\/div><\/div><div  class=\"vc_do_toggle vc_toggle vc_toggle_default vc_toggle_color_default  vc_toggle_size_md\"><div class=\"vc_toggle_title\"><h4>Pourquoi choisir l&#039;ardoise pour une toiture plut\u00f4t que d&#039;autres mat\u00e9riaux? <\/h4><i class=\"vc_toggle_icon\"><\/i><\/div><div class=\"vc_toggle_content\"><p>L&#8217;ardoise offre sans aucun doute des propri\u00e9t\u00e9s difficilement \u00e9gal\u00e9es par d&#8217;autres mat\u00e9riaux tels que les tuiles en c\u00e9ramique, le cuivre, le zinc ou d&#8217;autres. Sa relation qualit\u00e9\/prix est incomparable, elle pr\u00e9sente une grande durabilit\u00e9 qui lui permet de rester inchang\u00e9e face \u00e0 l&#8217;humidit\u00e9, la poussi\u00e8re, le sel, le froid, la chaleur, la neige ou le vent. Elle est \u00e9galement tr\u00e8s imperm\u00e9able avec une faible absorption d&#8217;eau (l&#8217;ardoise a une absorption de 0,40%, tandis que la tuile en c\u00e9ramique peut atteindre jusqu&#8217;\u00e0 12%, selon les donn\u00e9es fournies par LOEMCO). Elle offre d&#8217;excellentes propri\u00e9t\u00e9s thermiques et acoustiques, n\u00e9cessite peu d&#8217;entretien et a une faible accumulation de salet\u00e9s, tout en contribuant \u00e0 la pr\u00e9servation de l&#8217;environnement, \u00e9tant un produit qui laisse une empreinte carbone quasi inexistante.<\/p>\n<\/div><\/div><div  class=\"vc_do_toggle vc_toggle vc_toggle_default vc_toggle_color_default  vc_toggle_size_md\"><div class=\"vc_toggle_title\"><h4>Combien de pi\u00e8ces d\u2019ardoise par m\u00b2 une toiture comporte-t-elle?<\/h4><i class=\"vc_toggle_icon\"><\/i><\/div><div class=\"vc_toggle_content\"><p>Au moment de poser une toiture, il est essentiel de conna\u00eetre le nombre d\u2019ardoises n\u00e9cessaires par m\u00e8tre carr\u00e9, car cela d\u00e9terminera une grande partie du poids que devra supporter la structure. Le nombre d\u2019ardoises d\u00e9pendra du format de la pi\u00e8ce, de la zone climatique, de la pente et de la longueur de la toiture. Ces param\u00e8tres d\u00e9termineront le recouvrement, la donn\u00e9e qui emp\u00eachera l\u2019eau de p\u00e9n\u00e9trer dans la couverture.<\/p>\n<\/div><\/div><div  class=\"vc_do_toggle vc_toggle vc_toggle_default vc_toggle_color_default  vc_toggle_size_md\"><div class=\"vc_toggle_title\"><h4>Dans quelles autres parties d\u2019une maison peut-on utiliser l\u2019ardoise?<\/h4><i class=\"vc_toggle_icon\"><\/i><\/div><div class=\"vc_toggle_content\"><p>L\u2019ardoise peut \u00eatre utilis\u00e9e dans toutes les parties de la maison: murs, sols, fa\u00e7ades ou mobilier. Cela est d\u00fb \u00e0 l\u2019une de ses caract\u00e9ristiques principales: sa polyvalence et sa capacit\u00e9 \u00e0 s\u2019adapter \u00e0 des espaces et solutions constructives tr\u00e8s vari\u00e9s. Depuis des si\u00e8cles, l\u2019ardoise est employ\u00e9e pour recouvrir les b\u00e2timents afin d\u2019am\u00e9liorer leur isolation; ces derni\u00e8res ann\u00e9es, les fa\u00e7ades ventil\u00e9es se sont popularis\u00e9es gr\u00e2ce au d\u00e9veloppement de nouveaux syst\u00e8mes de pose sp\u00e9cifiques.<\/p>\n<p>Les murs en ardoise sont moins fr\u00e9quents, surtout parce que l\u2019ardoise est une roche susceptible de s\u2019exfolier en plaques fines, et qu\u2019il n\u2019est donc pas habituel de l\u2019utiliser pour la ma\u00e7onnerie, qui peut \u00eatre r\u00e9alis\u00e9e avec d\u2019autres types de mat\u00e9riaux.<\/p>\n<p>On fabrique \u00e9galement des plans de travail, des receveurs de douche, des bancs et m\u00eame des tables de billard ainsi que d\u2019autres \u00e9l\u00e9ments de mobilier et de d\u00e9coration.<\/p>\n<\/div><\/div><div  class=\"vc_do_toggle vc_toggle vc_toggle_default vc_toggle_color_default  vc_toggle_size_md\"><div class=\"vc_toggle_title\"><h4>Pourquoi dit-on que l&#039;ardoise pr\u00e9sente une bonne relation qualit\u00e9\/prix?<\/h4><i class=\"vc_toggle_icon\"><\/i><\/div><div class=\"vc_toggle_content\"><p>On dit que l&#8217;ardoise pr\u00e9sente une bonne relation qualit\u00e9\/prix car \u00e9tant un mat\u00e9riau tr\u00e8s durable et n\u00e9cessitant peu d&#8217;entretien, les co\u00fbts li\u00e9s \u00e0 son acquisition, son installation et son entretien tout au long de sa dur\u00e9e de vie sont tr\u00e8s comp\u00e9titifs par rapport \u00e0 d&#8217;autres mat\u00e9riaux.<\/p>\n<\/div><\/div><div  class=\"vc_do_toggle vc_toggle vc_toggle_default vc_toggle_color_default  vc_toggle_size_md\"><div class=\"vc_toggle_title\"><h4>Pourquoi l\u2019ardoise est-elle la meilleure option pour une fa\u00e7ade?<\/h4><i class=\"vc_toggle_icon\"><\/i><\/div><div class=\"vc_toggle_content\"><p>Parce que ses propri\u00e9t\u00e9s sont difficiles \u00e0 surpasser par d\u2019autres mat\u00e9riaux. L\u2019ardoise poss\u00e8de une grande durabilit\u00e9 et reste inalt\u00e9rable face \u00e0 des conditions d\u00e9favorables d\u2019humidit\u00e9, de poussi\u00e8re, de salinit\u00e9, de froid, de chaleur, de neige, de glace, etc. C\u2019est un mat\u00e9riau hautement imperm\u00e9able, isolant contre le bruit et la chaleur, et n\u00e9cessitant tr\u00e8s peu d\u2019entretien. De par sa nature, l\u2019ardoise est un mat\u00e9riau respectueux de l\u2019environnement.<\/p>\n<\/div><\/div><div class=\"vc_empty_space\"   style=\"height: 50px\"><span class=\"vc_empty_space_inner\"><\/span><\/div><\/div><\/div><\/div><\/div><\/div>\n<\/div>","protected":false},"excerpt":{"rendered":"Questions fr\u00e9quemment pos\u00e9es QUESTION FR\u00c9QUENTES Trouvez des r\u00e9ponses aux questions les plus courantes sur l\u2019ardoise naturelle, ses usages, ses caract\u00e9ristiques et ses avantages. Que vous soyez un professionnel du secteur ou un particulier int\u00e9ress\u00e9, cette section clarifie tout ce que vous devez savoir pour tirer le meilleur parti de ce mat\u00e9riau durable et respectueux de [...]","protected":false},"author":1,"featured_media":0,"parent":0,"menu_order":0,"comment_status":"closed","ping_status":"closed","template":"","meta":{"footnotes":""},"class_list":["post-6218","page","type-page","status-publish","hentry"],"yoast_head":"<!-- This site is optimized with the Yoast SEO plugin v27.5 - https:\/\/yoast.com\/product\/yoast-seo-wordpress\/ -->\n<title>QUESTION FR\u00c9QUENTES<\/title>\n<meta name=\"description\" content=\"Trouvez des r\u00e9ponses aux questions les plus courantes sur l\u2019ardoise naturelle, ses usages, ses caract\u00e9ristiques et ses avantages.\" \/>\n<meta name=\"robots\" content=\"index, follow, max-snippet:-1, max-image-preview:large, max-video-preview:-1\" \/>\n<link rel=\"canonical\" href=\"https:\/\/clusterdapizarra.com\/fr\/question-frequentes\/\" \/>\n<meta property=\"og:locale\" content=\"fr_FR\" \/>\n<meta property=\"og:type\" content=\"article\" \/>\n<meta property=\"og:title\" content=\"QUESTION FR\u00c9QUENTES\" \/>\n<meta property=\"og:description\" content=\"Trouvez des r\u00e9ponses aux questions les plus courantes sur l\u2019ardoise naturelle, ses usages, ses caract\u00e9ristiques et ses avantages.\" \/>\n<meta property=\"og:url\" content=\"https:\/\/clusterdapizarra.com\/fr\/question-frequentes\/\" \/>\n<meta property=\"og:site_name\" content=\"Cluster da Pizarra de Galicia\" \/>\n<meta property=\"article:publisher\" content=\"https:\/\/www.facebook.com\/clusterdapizarra\" \/>\n<meta property=\"article:modified_time\" content=\"2026-03-01T14:30:13+00:00\" \/>\n<meta name=\"twitter:card\" content=\"summary_large_image\" \/>\n<meta name=\"twitter:site\" content=\"@clusterpizarra\" \/>\n<script type=\"application\/ld+json\" class=\"yoast-schema-graph\">{\"@context\":\"https:\\\/\\\/schema.org\",\"@graph\":[{\"@type\":\"WebPage\",\"@id\":\"https:\\\/\\\/clusterdapizarra.com\\\/fr\\\/question-frequentes\\\/\",\"url\":\"https:\\\/\\\/clusterdapizarra.com\\\/fr\\\/question-frequentes\\\/\",\"name\":\"QUESTION FR\u00c9QUENTES\",\"isPartOf\":{\"@id\":\"https:\\\/\\\/clusterdapizarra.com\\\/#website\"},\"datePublished\":\"2025-07-17T00:35:56+00:00\",\"dateModified\":\"2026-03-01T14:30:13+00:00\",\"description\":\"Trouvez des r\u00e9ponses aux questions les plus courantes sur l\u2019ardoise naturelle, ses usages, ses caract\u00e9ristiques et ses avantages.\",\"breadcrumb\":{\"@id\":\"https:\\\/\\\/clusterdapizarra.com\\\/fr\\\/question-frequentes\\\/#breadcrumb\"},\"inLanguage\":\"fr-FR\",\"potentialAction\":[{\"@type\":\"ReadAction\",\"target\":[\"https:\\\/\\\/clusterdapizarra.com\\\/fr\\\/question-frequentes\\\/\"]}]},{\"@type\":\"BreadcrumbList\",\"@id\":\"https:\\\/\\\/clusterdapizarra.com\\\/fr\\\/question-frequentes\\\/#breadcrumb\",\"itemListElement\":[{\"@type\":\"ListItem\",\"position\":1,\"name\":\"Portada\",\"item\":\"https:\\\/\\\/clusterdapizarra.com\\\/fr\\\/\"},{\"@type\":\"ListItem\",\"position\":2,\"name\":\"QUESTION FR\u00c9QUENTES\"}]},{\"@type\":\"WebSite\",\"@id\":\"https:\\\/\\\/clusterdapizarra.com\\\/#website\",\"url\":\"https:\\\/\\\/clusterdapizarra.com\\\/\",\"name\":\"Cl\u00faster da Pizarra de Galicia\",\"description\":\"Los objetivos del Cl\u00faster da Pizarra buscan la promoci\u00f3n de la pizarra gallega en el mercado actual, respondiendo a las nuevas necesidades del sector.\",\"publisher\":{\"@id\":\"https:\\\/\\\/clusterdapizarra.com\\\/#organization\"},\"potentialAction\":[{\"@type\":\"SearchAction\",\"target\":{\"@type\":\"EntryPoint\",\"urlTemplate\":\"https:\\\/\\\/clusterdapizarra.com\\\/?s={search_term_string}\"},\"query-input\":{\"@type\":\"PropertyValueSpecification\",\"valueRequired\":true,\"valueName\":\"search_term_string\"}}],\"inLanguage\":\"fr-FR\"},{\"@type\":\"Organization\",\"@id\":\"https:\\\/\\\/clusterdapizarra.com\\\/#organization\",\"name\":\"Cl\u00faster da Pizarra de Galicia\",\"url\":\"https:\\\/\\\/clusterdapizarra.com\\\/\",\"logo\":{\"@type\":\"ImageObject\",\"inLanguage\":\"fr-FR\",\"@id\":\"https:\\\/\\\/clusterdapizarra.com\\\/#\\\/schema\\\/logo\\\/image\\\/\",\"url\":\"https:\\\/\\\/clusterdapizarra.com\\\/wp-content\\\/uploads\\\/2024\\\/10\\\/logo@2x.png\",\"contentUrl\":\"https:\\\/\\\/clusterdapizarra.com\\\/wp-content\\\/uploads\\\/2024\\\/10\\\/logo@2x.png\",\"width\":430,\"height\":134,\"caption\":\"Cl\u00faster da Pizarra de Galicia\"},\"image\":{\"@id\":\"https:\\\/\\\/clusterdapizarra.com\\\/#\\\/schema\\\/logo\\\/image\\\/\"},\"sameAs\":[\"https:\\\/\\\/www.facebook.com\\\/clusterdapizarra\",\"https:\\\/\\\/x.com\\\/clusterpizarra\",\"https:\\\/\\\/www.linkedin.com\\\/company\\\/clster-de-la-pizarra-de-galicia\\\/\"]}]}<\/script>\n<!-- \/ Yoast SEO plugin. -->","yoast_head_json":{"title":"QUESTION FR\u00c9QUENTES","description":"Trouvez des r\u00e9ponses aux questions les plus courantes sur l\u2019ardoise naturelle, ses usages, ses caract\u00e9ristiques et ses avantages.","robots":{"index":"index","follow":"follow","max-snippet":"max-snippet:-1","max-image-preview":"max-image-preview:large","max-video-preview":"max-video-preview:-1"},"canonical":"https:\/\/clusterdapizarra.com\/fr\/question-frequentes\/","og_locale":"fr_FR","og_type":"article","og_title":"QUESTION FR\u00c9QUENTES","og_description":"Trouvez des r\u00e9ponses aux questions les plus courantes sur l\u2019ardoise naturelle, ses usages, ses caract\u00e9ristiques et ses avantages.","og_url":"https:\/\/clusterdapizarra.com\/fr\/question-frequentes\/","og_site_name":"Cluster da Pizarra de Galicia","article_publisher":"https:\/\/www.facebook.com\/clusterdapizarra","article_modified_time":"2026-03-01T14:30:13+00:00","twitter_card":"summary_large_image","twitter_site":"@clusterpizarra","schema":{"@context":"https:\/\/schema.org","@graph":[{"@type":"WebPage","@id":"https:\/\/clusterdapizarra.com\/fr\/question-frequentes\/","url":"https:\/\/clusterdapizarra.com\/fr\/question-frequentes\/","name":"QUESTION FR\u00c9QUENTES","isPartOf":{"@id":"https:\/\/clusterdapizarra.com\/#website"},"datePublished":"2025-07-17T00:35:56+00:00","dateModified":"2026-03-01T14:30:13+00:00","description":"Trouvez des r\u00e9ponses aux questions les plus courantes sur l\u2019ardoise naturelle, ses usages, ses caract\u00e9ristiques et ses avantages.","breadcrumb":{"@id":"https:\/\/clusterdapizarra.com\/fr\/question-frequentes\/#breadcrumb"},"inLanguage":"fr-FR","potentialAction":[{"@type":"ReadAction","target":["https:\/\/clusterdapizarra.com\/fr\/question-frequentes\/"]}]},{"@type":"BreadcrumbList","@id":"https:\/\/clusterdapizarra.com\/fr\/question-frequentes\/#breadcrumb","itemListElement":[{"@type":"ListItem","position":1,"name":"Portada","item":"https:\/\/clusterdapizarra.com\/fr\/"},{"@type":"ListItem","position":2,"name":"QUESTION FR\u00c9QUENTES"}]},{"@type":"WebSite","@id":"https:\/\/clusterdapizarra.com\/#website","url":"https:\/\/clusterdapizarra.com\/","name":"Cl\u00faster da Pizarra de Galicia","description":"Los objetivos del Cl\u00faster da Pizarra buscan la promoci\u00f3n de la pizarra gallega en el mercado actual, respondiendo a las nuevas necesidades del sector.","publisher":{"@id":"https:\/\/clusterdapizarra.com\/#organization"},"potentialAction":[{"@type":"SearchAction","target":{"@type":"EntryPoint","urlTemplate":"https:\/\/clusterdapizarra.com\/?s={search_term_string}"},"query-input":{"@type":"PropertyValueSpecification","valueRequired":true,"valueName":"search_term_string"}}],"inLanguage":"fr-FR"},{"@type":"Organization","@id":"https:\/\/clusterdapizarra.com\/#organization","name":"Cl\u00faster da Pizarra de Galicia","url":"https:\/\/clusterdapizarra.com\/","logo":{"@type":"ImageObject","inLanguage":"fr-FR","@id":"https:\/\/clusterdapizarra.com\/#\/schema\/logo\/image\/","url":"https:\/\/clusterdapizarra.com\/wp-content\/uploads\/2024\/10\/logo@2x.png","contentUrl":"https:\/\/clusterdapizarra.com\/wp-content\/uploads\/2024\/10\/logo@2x.png","width":430,"height":134,"caption":"Cl\u00faster da Pizarra de Galicia"},"image":{"@id":"https:\/\/clusterdapizarra.com\/#\/schema\/logo\/image\/"},"sameAs":["https:\/\/www.facebook.com\/clusterdapizarra","https:\/\/x.com\/clusterpizarra","https:\/\/www.linkedin.com\/company\/clster-de-la-pizarra-de-galicia\/"]}]}},"_links":{"self":[{"href":"https:\/\/clusterdapizarra.com\/fr\/wp-json\/wp\/v2\/pages\/6218","targetHints":{"allow":["GET"]}}],"collection":[{"href":"https:\/\/clusterdapizarra.com\/fr\/wp-json\/wp\/v2\/pages"}],"about":[{"href":"https:\/\/clusterdapizarra.com\/fr\/wp-json\/wp\/v2\/types\/page"}],"author":[{"embeddable":true,"href":"https:\/\/clusterdapizarra.com\/fr\/wp-json\/wp\/v2\/users\/1"}],"replies":[{"embeddable":true,"href":"https:\/\/clusterdapizarra.com\/fr\/wp-json\/wp\/v2\/comments?post=6218"}],"version-history":[{"count":0,"href":"https:\/\/clusterdapizarra.com\/fr\/wp-json\/wp\/v2\/pages\/6218\/revisions"}],"wp:attachment":[{"href":"https:\/\/clusterdapizarra.com\/fr\/wp-json\/wp\/v2\/media?parent=6218"}],"curies":[{"name":"wp","href":"https:\/\/api.w.org\/{rel}","templated":true}]}}