{"id":6200,"date":"2025-07-17T02:33:46","date_gmt":"2025-07-17T00:33:46","guid":{"rendered":"https:\/\/clusterdapizarra.com\/calidad-y-normalizacion\/"},"modified":"2026-03-01T15:17:06","modified_gmt":"2026-03-01T14:17:06","slug":"qualite-et-normalisation","status":"publish","type":"page","link":"https:\/\/clusterdapizarra.com\/fr\/qualite-et-normalisation\/","title":{"rendered":"Qualit\u00e9 et Normalisation"},"content":{"rendered":"<div class=\"wpb-content-wrapper\"><div style=\"\" class=\"vc_row wpb_row vc_row-fluid vc_custom_1737983149880 vc_row-has-fill\"><div class=\"row-inner\"><div class=\"wpb_column vc_column_container vc_col-sm-2\"><div class=\"vc_column-inner\"><div class=\"wpb_wrapper\"><\/div><\/div><\/div><div class=\"wpb_column vc_column_container vc_col-sm-8\"><div class=\"vc_column-inner\"><div class=\"wpb_wrapper\">\n\t<div class=\"wpb_text_column wpb_content_element wpb_animate_when_almost_visible wpb_appear appear vc_custom_1744281291822 shadow\" >\n\t\t<div class=\"wpb_wrapper\">\n\t\t\t<h3 class=\"no-margin-top\" style=\"text-align: center; font-size: 2rem;\">Qualit\u00e9 et Normalisation<\/h3>\n\n\t\t<\/div>\n\t<\/div>\n<\/div><\/div><\/div><div class=\"wpb_column vc_column_container vc_col-sm-2\"><div class=\"vc_column-inner\"><div class=\"wpb_wrapper\"><\/div><\/div><\/div><\/div><\/div><div style=\"\" class=\"vc_row wpb_row vc_row-fluid\"><div class=\"row-inner\"><div class=\"wpb_column vc_column_container vc_col-sm-12\"><div class=\"vc_column-inner\"><div class=\"wpb_wrapper\">\n\t<div class=\"wpb_text_column wpb_content_element\" >\n\t\t<div class=\"wpb_wrapper\">\n\t\t\t<p>Le d\u00e9veloppement de tout secteur est toujours marqu\u00e9 par la recherche de la qualit\u00e9 dans les produits obtenus.<\/p>\n<p>La <strong>qualit\u00e9 dans le secteur de l&#8217;ardoise<\/strong> a \u00e9volu\u00e9 au cours des derni\u00e8res d\u00e9cennies gr\u00e2ce \u00e0 l&#8217;apparition et \u00e0 l&#8217;intervention de diff\u00e9rents organismes, marques et normes destin\u00e9s \u00e0 cet objectif.<\/p>\n<p>L&#8217;importance de la cr\u00e9ation d&#8217;une marque telle que <strong>Galician &amp; Spanish Slate<\/strong> pour affirmer la qualit\u00e9 du produit est une r\u00e9alit\u00e9 dans un secteur qui cherche \u00e0 conqu\u00e9rir de nouveaux march\u00e9s, o\u00f9 la concurrence avec d&#8217;autres produits alternatifs ou des ardoises provenant d&#8217;autres r\u00e9gions g\u00e9ographiques est de plus en plus forte. Les labels de qualit\u00e9 dont b\u00e9n\u00e9ficie l&#8217;ardoise de Galice t\u00e9moignent de la haute qualit\u00e9 de ce produit.<\/p>\n<p><img loading=\"lazy\" decoding=\"async\" class=\"alignleft size-full wp-image-3987\" src=\"https:\/\/clusterdapizarra.com\/wp-content\/uploads\/2025\/01\/marca-ce.gif\" alt=\"\" width=\"110\" height=\"84\" \/><\/p>\n<p>Le marquage CE est obligatoire depuis 2006, ce qui signifie l&#8217;harmonisation de la gestion de la qualit\u00e9 et des normes europ\u00e9ennes pour l&#8217;ardoise. De plus, les produits portant ce marquage respectent des exigences essentielles de qualit\u00e9, ce qui leur permet de circuler et d&#8217;\u00eatre commercialis\u00e9s dans tous les pays de l&#8217;Union europ\u00e9enne.<\/p>\n<p>Le marquage CE repr\u00e9sente la premi\u00e8re r\u00e9volution de ce si\u00e8cle pour le secteur de l&#8217;ardoise, avec des r\u00e9percussions b\u00e9n\u00e9fiques pour l&#8217;ardoise en Galice. L&#8217;ardoise import\u00e9e de pays tiers devra \u00e9galement poss\u00e9der ce marquage, et la d\u00e9claration de conformit\u00e9 doit \u00eatre effectu\u00e9e par le mandataire du fabricant l\u00e9galement \u00e9tabli dans l&#8217;UE. Cela repr\u00e9sente un frein \u00e0 l&#8217;importation d&#8217;ardoise de qualit\u00e9 douteuse en provenance de pays comme la Chine ou le Br\u00e9sil.<\/p>\n<p><b>NORMES ET R\u00c9GLEMENTATION<\/b><\/p>\n<p>La r\u00e9glementation qui encadre la s\u00e9curit\u00e9 tant des produits en ardoise que de leur processus de fabrication et de commercialisation est de port\u00e9e europ\u00e9enne et oblige tous les produits \u00e0 passer par des contr\u00f4les exhaustifs. Elle est \u00e9tablie et soutenue par le R\u00e8glement (UE) 2024\/3110 du Parlement europ\u00e9en et du Conseil, du 27 novembre 2024, qui fixe des r\u00e8gles harmonis\u00e9es pour la commercialisation des produits de construction.<\/p>\n<p>Aujourd\u2019hui, il existe trois normes sp\u00e9cifiques pour l\u2019ardoise: la norme UNE-EN 12326-1 \u201cSp\u00e9cifications du produit\u201d, qui d\u00e9taille les exigences requises pour l\u2019ardoise ; la UNE-EN 12326-2 \u201cM\u00e9thodes d\u2019essai\u201d, qui pr\u00e9cise comment doivent \u00eatre r\u00e9alis\u00e9s ces essais ; et la UNE-EN 22190 \u201cProduits en pierre naturelle. Construction de toitures inclin\u00e9es et rev\u00eatement de parois verticales avec ardoise\u201d, qui regroupe les proc\u00e9dures pour la conception de toitures en ardoise et explique les diff\u00e9rentes m\u00e9thodes de pose ainsi que les recouvrements n\u00e9cessaires.<\/p>\n<p>Les tests \u00e9tablis dans la norme UNE-EN 12326-2 peuvent \u00eatre r\u00e9alis\u00e9s dans un organisme ou un laboratoire accr\u00e9dit\u00e9 \u00e0 cet effet, et leurs r\u00e9sultats sont valables dans toute l&#8217;Europe, visant ainsi \u00e0 unifier les crit\u00e8res de qualit\u00e9 \u00e0 travers les diff\u00e9rents pays.<\/p>\n<p>Au Centro Tecnol\u00f3gico da Pizarra, un laboratoire accr\u00e9dit\u00e9 par ENAC (Organisme national d&#8217;accr\u00e9ditation) r\u00e9alise ces tests. Cela permet de simplifier le processus commercial et de r\u00e9duire les co\u00fbts, car il n&#8217;est pas n\u00e9cessaire de r\u00e9p\u00e9ter les essais dans les laboratoires des pays o\u00f9 l&#8217;ardoise est commercialis\u00e9e.<\/p>\n<p>Les r\u00e9sultats obtenus des essais sur l&#8217;ardoise caract\u00e9risent ces produits, et des marges d&#8217;acceptation sont \u00e9tablies pour chaque essai. Il est important de souligner que ces normes ont \u00e9t\u00e9 \u00e9labor\u00e9es par des experts reconnus du secteur de l&#8217;ardoise venus de toute l&#8217;Europe, et que les marges d&#8217;acceptation fix\u00e9es correspondent \u00e0 la r\u00e9alit\u00e9 de l&#8217;ardoise utilis\u00e9e pour les toitures, avec un objectif \u00e9vident d&#8217;am\u00e9lioration continue de la qualit\u00e9 du produit.<\/p>\n\n\t\t<\/div>\n\t<\/div>\n<div class=\"vc_empty_space\"   style=\"height: 50px\"><span class=\"vc_empty_space_inner\"><\/span><\/div><\/div><\/div><\/div><\/div><\/div>\n<\/div>","protected":false},"excerpt":{"rendered":"Qualit\u00e9 et Normalisation Le d\u00e9veloppement de tout secteur est toujours marqu\u00e9 par la recherche de la qualit\u00e9 dans les produits obtenus. La qualit\u00e9 dans le secteur de l'ardoise a \u00e9volu\u00e9 au cours des derni\u00e8res d\u00e9cennies gr\u00e2ce \u00e0 l'apparition et \u00e0 l'intervention de diff\u00e9rents organismes, marques et normes destin\u00e9s \u00e0 cet objectif. L'importance de la cr\u00e9ation [...]","protected":false},"author":1,"featured_media":0,"parent":0,"menu_order":0,"comment_status":"closed","ping_status":"closed","template":"","meta":{"footnotes":""},"class_list":["post-6200","page","type-page","status-publish","hentry"],"yoast_head":"<!-- This site is optimized with the Yoast SEO plugin v27.5 - https:\/\/yoast.com\/product\/yoast-seo-wordpress\/ -->\n<title>Qualit\u00e9 et Normalisation<\/title>\n<meta name=\"description\" content=\"La qualit\u00e9 dans le secteur de l&#039;ardoise a \u00e9volu\u00e9 au cours des derni\u00e8res d\u00e9cennies gr\u00e2ce \u00e0 l&#039;apparition et \u00e0 l&#039;intervention de diff\u00e9rents organismes.\" \/>\n<meta name=\"robots\" content=\"index, follow, max-snippet:-1, max-image-preview:large, max-video-preview:-1\" \/>\n<link rel=\"canonical\" href=\"https:\/\/clusterdapizarra.com\/fr\/qualite-et-normalisation\/\" \/>\n<meta property=\"og:locale\" content=\"fr_FR\" \/>\n<meta property=\"og:type\" content=\"article\" \/>\n<meta property=\"og:title\" content=\"Qualit\u00e9 et Normalisation\" \/>\n<meta property=\"og:description\" content=\"La qualit\u00e9 dans le secteur de l&#039;ardoise a \u00e9volu\u00e9 au cours des derni\u00e8res d\u00e9cennies gr\u00e2ce \u00e0 l&#039;apparition et \u00e0 l&#039;intervention de diff\u00e9rents organismes.\" \/>\n<meta property=\"og:url\" content=\"https:\/\/clusterdapizarra.com\/fr\/qualite-et-normalisation\/\" \/>\n<meta property=\"og:site_name\" content=\"Cluster da Pizarra de Galicia\" \/>\n<meta property=\"article:publisher\" content=\"https:\/\/www.facebook.com\/clusterdapizarra\" \/>\n<meta property=\"article:modified_time\" content=\"2026-03-01T14:17:06+00:00\" \/>\n<meta property=\"og:image\" content=\"https:\/\/clusterdapizarra.com\/wp-content\/uploads\/2025\/01\/marca-ce.gif\" \/>\n\t<meta property=\"og:image:width\" content=\"110\" \/>\n\t<meta property=\"og:image:height\" content=\"84\" \/>\n\t<meta property=\"og:image:type\" content=\"image\/gif\" \/>\n<meta name=\"twitter:card\" content=\"summary_large_image\" \/>\n<meta name=\"twitter:site\" content=\"@clusterpizarra\" \/>\n<script type=\"application\/ld+json\" class=\"yoast-schema-graph\">{\"@context\":\"https:\\\/\\\/schema.org\",\"@graph\":[{\"@type\":\"WebPage\",\"@id\":\"https:\\\/\\\/clusterdapizarra.com\\\/fr\\\/qualite-et-normalisation\\\/\",\"url\":\"https:\\\/\\\/clusterdapizarra.com\\\/fr\\\/qualite-et-normalisation\\\/\",\"name\":\"Qualit\u00e9 et Normalisation\",\"isPartOf\":{\"@id\":\"https:\\\/\\\/clusterdapizarra.com\\\/#website\"},\"primaryImageOfPage\":{\"@id\":\"https:\\\/\\\/clusterdapizarra.com\\\/fr\\\/qualite-et-normalisation\\\/#primaryimage\"},\"image\":{\"@id\":\"https:\\\/\\\/clusterdapizarra.com\\\/fr\\\/qualite-et-normalisation\\\/#primaryimage\"},\"thumbnailUrl\":\"https:\\\/\\\/clusterdapizarra.com\\\/wp-content\\\/uploads\\\/2025\\\/01\\\/marca-ce.gif\",\"datePublished\":\"2025-07-17T00:33:46+00:00\",\"dateModified\":\"2026-03-01T14:17:06+00:00\",\"description\":\"La qualit\u00e9 dans le secteur de l'ardoise a \u00e9volu\u00e9 au cours des derni\u00e8res d\u00e9cennies gr\u00e2ce \u00e0 l'apparition et \u00e0 l'intervention de diff\u00e9rents organismes.\",\"breadcrumb\":{\"@id\":\"https:\\\/\\\/clusterdapizarra.com\\\/fr\\\/qualite-et-normalisation\\\/#breadcrumb\"},\"inLanguage\":\"fr-FR\",\"potentialAction\":[{\"@type\":\"ReadAction\",\"target\":[\"https:\\\/\\\/clusterdapizarra.com\\\/fr\\\/qualite-et-normalisation\\\/\"]}]},{\"@type\":\"ImageObject\",\"inLanguage\":\"fr-FR\",\"@id\":\"https:\\\/\\\/clusterdapizarra.com\\\/fr\\\/qualite-et-normalisation\\\/#primaryimage\",\"url\":\"https:\\\/\\\/clusterdapizarra.com\\\/wp-content\\\/uploads\\\/2025\\\/01\\\/marca-ce.gif\",\"contentUrl\":\"https:\\\/\\\/clusterdapizarra.com\\\/wp-content\\\/uploads\\\/2025\\\/01\\\/marca-ce.gif\"},{\"@type\":\"BreadcrumbList\",\"@id\":\"https:\\\/\\\/clusterdapizarra.com\\\/fr\\\/qualite-et-normalisation\\\/#breadcrumb\",\"itemListElement\":[{\"@type\":\"ListItem\",\"position\":1,\"name\":\"Portada\",\"item\":\"https:\\\/\\\/clusterdapizarra.com\\\/fr\\\/\"},{\"@type\":\"ListItem\",\"position\":2,\"name\":\"Qualit\u00e9 et Normalisation\"}]},{\"@type\":\"WebSite\",\"@id\":\"https:\\\/\\\/clusterdapizarra.com\\\/#website\",\"url\":\"https:\\\/\\\/clusterdapizarra.com\\\/\",\"name\":\"Cl\u00faster da Pizarra de Galicia\",\"description\":\"Los objetivos del Cl\u00faster da Pizarra buscan la promoci\u00f3n de la pizarra gallega en el mercado actual, respondiendo a las nuevas necesidades del sector.\",\"publisher\":{\"@id\":\"https:\\\/\\\/clusterdapizarra.com\\\/#organization\"},\"potentialAction\":[{\"@type\":\"SearchAction\",\"target\":{\"@type\":\"EntryPoint\",\"urlTemplate\":\"https:\\\/\\\/clusterdapizarra.com\\\/?s={search_term_string}\"},\"query-input\":{\"@type\":\"PropertyValueSpecification\",\"valueRequired\":true,\"valueName\":\"search_term_string\"}}],\"inLanguage\":\"fr-FR\"},{\"@type\":\"Organization\",\"@id\":\"https:\\\/\\\/clusterdapizarra.com\\\/#organization\",\"name\":\"Cl\u00faster da Pizarra de Galicia\",\"url\":\"https:\\\/\\\/clusterdapizarra.com\\\/\",\"logo\":{\"@type\":\"ImageObject\",\"inLanguage\":\"fr-FR\",\"@id\":\"https:\\\/\\\/clusterdapizarra.com\\\/#\\\/schema\\\/logo\\\/image\\\/\",\"url\":\"https:\\\/\\\/clusterdapizarra.com\\\/wp-content\\\/uploads\\\/2024\\\/10\\\/logo@2x.png\",\"contentUrl\":\"https:\\\/\\\/clusterdapizarra.com\\\/wp-content\\\/uploads\\\/2024\\\/10\\\/logo@2x.png\",\"width\":430,\"height\":134,\"caption\":\"Cl\u00faster da Pizarra de Galicia\"},\"image\":{\"@id\":\"https:\\\/\\\/clusterdapizarra.com\\\/#\\\/schema\\\/logo\\\/image\\\/\"},\"sameAs\":[\"https:\\\/\\\/www.facebook.com\\\/clusterdapizarra\",\"https:\\\/\\\/x.com\\\/clusterpizarra\",\"https:\\\/\\\/www.linkedin.com\\\/company\\\/clster-de-la-pizarra-de-galicia\\\/\"]}]}<\/script>\n<!-- \/ Yoast SEO plugin. -->","yoast_head_json":{"title":"Qualit\u00e9 et Normalisation","description":"La qualit\u00e9 dans le secteur de l'ardoise a \u00e9volu\u00e9 au cours des derni\u00e8res d\u00e9cennies gr\u00e2ce \u00e0 l'apparition et \u00e0 l'intervention de diff\u00e9rents organismes.","robots":{"index":"index","follow":"follow","max-snippet":"max-snippet:-1","max-image-preview":"max-image-preview:large","max-video-preview":"max-video-preview:-1"},"canonical":"https:\/\/clusterdapizarra.com\/fr\/qualite-et-normalisation\/","og_locale":"fr_FR","og_type":"article","og_title":"Qualit\u00e9 et Normalisation","og_description":"La qualit\u00e9 dans le secteur de l'ardoise a \u00e9volu\u00e9 au cours des derni\u00e8res d\u00e9cennies gr\u00e2ce \u00e0 l'apparition et \u00e0 l'intervention de diff\u00e9rents organismes.","og_url":"https:\/\/clusterdapizarra.com\/fr\/qualite-et-normalisation\/","og_site_name":"Cluster da Pizarra de Galicia","article_publisher":"https:\/\/www.facebook.com\/clusterdapizarra","article_modified_time":"2026-03-01T14:17:06+00:00","og_image":[{"width":110,"height":84,"url":"https:\/\/clusterdapizarra.com\/wp-content\/uploads\/2025\/01\/marca-ce.gif","type":"image\/gif"}],"twitter_card":"summary_large_image","twitter_site":"@clusterpizarra","schema":{"@context":"https:\/\/schema.org","@graph":[{"@type":"WebPage","@id":"https:\/\/clusterdapizarra.com\/fr\/qualite-et-normalisation\/","url":"https:\/\/clusterdapizarra.com\/fr\/qualite-et-normalisation\/","name":"Qualit\u00e9 et Normalisation","isPartOf":{"@id":"https:\/\/clusterdapizarra.com\/#website"},"primaryImageOfPage":{"@id":"https:\/\/clusterdapizarra.com\/fr\/qualite-et-normalisation\/#primaryimage"},"image":{"@id":"https:\/\/clusterdapizarra.com\/fr\/qualite-et-normalisation\/#primaryimage"},"thumbnailUrl":"https:\/\/clusterdapizarra.com\/wp-content\/uploads\/2025\/01\/marca-ce.gif","datePublished":"2025-07-17T00:33:46+00:00","dateModified":"2026-03-01T14:17:06+00:00","description":"La qualit\u00e9 dans le secteur de l'ardoise a \u00e9volu\u00e9 au cours des derni\u00e8res d\u00e9cennies gr\u00e2ce \u00e0 l'apparition et \u00e0 l'intervention de diff\u00e9rents organismes.","breadcrumb":{"@id":"https:\/\/clusterdapizarra.com\/fr\/qualite-et-normalisation\/#breadcrumb"},"inLanguage":"fr-FR","potentialAction":[{"@type":"ReadAction","target":["https:\/\/clusterdapizarra.com\/fr\/qualite-et-normalisation\/"]}]},{"@type":"ImageObject","inLanguage":"fr-FR","@id":"https:\/\/clusterdapizarra.com\/fr\/qualite-et-normalisation\/#primaryimage","url":"https:\/\/clusterdapizarra.com\/wp-content\/uploads\/2025\/01\/marca-ce.gif","contentUrl":"https:\/\/clusterdapizarra.com\/wp-content\/uploads\/2025\/01\/marca-ce.gif"},{"@type":"BreadcrumbList","@id":"https:\/\/clusterdapizarra.com\/fr\/qualite-et-normalisation\/#breadcrumb","itemListElement":[{"@type":"ListItem","position":1,"name":"Portada","item":"https:\/\/clusterdapizarra.com\/fr\/"},{"@type":"ListItem","position":2,"name":"Qualit\u00e9 et Normalisation"}]},{"@type":"WebSite","@id":"https:\/\/clusterdapizarra.com\/#website","url":"https:\/\/clusterdapizarra.com\/","name":"Cl\u00faster da Pizarra de Galicia","description":"Los objetivos del Cl\u00faster da Pizarra buscan la promoci\u00f3n de la pizarra gallega en el mercado actual, respondiendo a las nuevas necesidades del sector.","publisher":{"@id":"https:\/\/clusterdapizarra.com\/#organization"},"potentialAction":[{"@type":"SearchAction","target":{"@type":"EntryPoint","urlTemplate":"https:\/\/clusterdapizarra.com\/?s={search_term_string}"},"query-input":{"@type":"PropertyValueSpecification","valueRequired":true,"valueName":"search_term_string"}}],"inLanguage":"fr-FR"},{"@type":"Organization","@id":"https:\/\/clusterdapizarra.com\/#organization","name":"Cl\u00faster da Pizarra de Galicia","url":"https:\/\/clusterdapizarra.com\/","logo":{"@type":"ImageObject","inLanguage":"fr-FR","@id":"https:\/\/clusterdapizarra.com\/#\/schema\/logo\/image\/","url":"https:\/\/clusterdapizarra.com\/wp-content\/uploads\/2024\/10\/logo@2x.png","contentUrl":"https:\/\/clusterdapizarra.com\/wp-content\/uploads\/2024\/10\/logo@2x.png","width":430,"height":134,"caption":"Cl\u00faster da Pizarra de Galicia"},"image":{"@id":"https:\/\/clusterdapizarra.com\/#\/schema\/logo\/image\/"},"sameAs":["https:\/\/www.facebook.com\/clusterdapizarra","https:\/\/x.com\/clusterpizarra","https:\/\/www.linkedin.com\/company\/clster-de-la-pizarra-de-galicia\/"]}]}},"_links":{"self":[{"href":"https:\/\/clusterdapizarra.com\/fr\/wp-json\/wp\/v2\/pages\/6200","targetHints":{"allow":["GET"]}}],"collection":[{"href":"https:\/\/clusterdapizarra.com\/fr\/wp-json\/wp\/v2\/pages"}],"about":[{"href":"https:\/\/clusterdapizarra.com\/fr\/wp-json\/wp\/v2\/types\/page"}],"author":[{"embeddable":true,"href":"https:\/\/clusterdapizarra.com\/fr\/wp-json\/wp\/v2\/users\/1"}],"replies":[{"embeddable":true,"href":"https:\/\/clusterdapizarra.com\/fr\/wp-json\/wp\/v2\/comments?post=6200"}],"version-history":[{"count":0,"href":"https:\/\/clusterdapizarra.com\/fr\/wp-json\/wp\/v2\/pages\/6200\/revisions"}],"wp:attachment":[{"href":"https:\/\/clusterdapizarra.com\/fr\/wp-json\/wp\/v2\/media?parent=6200"}],"curies":[{"name":"wp","href":"https:\/\/api.w.org\/{rel}","templated":true}]}}