{"id":8735,"date":"2025-07-18T15:20:46","date_gmt":"2025-07-18T13:20:46","guid":{"rendered":"https:\/\/clusterdapizarra.com\/cupa-pizarras\/"},"modified":"2026-02-24T21:48:14","modified_gmt":"2026-02-24T20:48:14","slug":"cupa-pizarras","status":"publish","type":"page","link":"https:\/\/clusterdapizarra.com\/en\/cupa-pizarras\/","title":{"rendered":"Cupa Pizarras"},"content":{"rendered":"<div class=\"wpb-content-wrapper\"><div style=\"\" class=\"vc_row wpb_row vc_row-fluid vc_row-o-content-top vc_row-flex\"><div class=\"row-inner\"><div class=\"wpb_column vc_column_container vc_col-sm-6\"><div class=\"vc_column-inner\"><div class=\"wpb_wrapper\">\n\t<div  class=\"wpb_single_image wpb_content_element vc_align_center wpb_content_element vc_custom_1753796070851\">\n\t\t\n\t\t<figure class=\"wpb_wrapper vc_figure\">\n\t\t\t<div class=\"vc_single_image-wrapper   vc_box_border_grey\"><img loading=\"lazy\" decoding=\"async\" width=\"480\" height=\"320\" src=\"https:\/\/clusterdapizarra.com\/wp-content\/uploads\/2025\/06\/Cupa-pizarras.png\" class=\"vc_single_image-img attachment-full\" alt=\"\" title=\"Cupa-pizarras\" srcset=\"https:\/\/clusterdapizarra.com\/wp-content\/uploads\/2025\/06\/Cupa-pizarras.png 480w, https:\/\/clusterdapizarra.com\/wp-content\/uploads\/2025\/06\/Cupa-pizarras-300x200.png 300w, https:\/\/clusterdapizarra.com\/wp-content\/uploads\/2025\/06\/Cupa-pizarras-18x12.png 18w\" sizes=\"auto, (max-width: 480px) 100vw, 480px\" \/><\/div>\n\t\t<\/figure>\n\t<\/div>\n\n\t<div class=\"wpb_text_column wpb_content_element\" >\n\t\t<div class=\"wpb_wrapper\">\n\t\t\t<p style=\"text-align: center;\"><strong>CUPA PIZARRAS, S.A.<\/strong><br \/>\nA Medua s\/n<br \/>\n32330 Carballeda de Valdeorras (Ourense)<br \/>\nTel 988335410<\/p>\n<p style=\"text-align: center;\"><a href=\"https:\/\/www.cupapizarras.com\/es\/\" target=\"_blank\" rel=\"noopener\">www.cupapizarras.com<\/a><\/p>\n\n\t\t<\/div>\n\t<\/div>\n<\/div><\/div><\/div><div class=\"wpb_column vc_column_container vc_col-sm-6\"><div class=\"vc_column-inner\"><div class=\"wpb_wrapper\">\n\t<div class=\"wpb_text_column wpb_content_element\" >\n\t\t<div class=\"wpb_wrapper\">\n\t\t\t<p style=\"text-align: center;\"><strong>OTRAS EMPRESAS DEL GRUPO<\/strong><\/p>\n\n\t\t<\/div>\n\t<\/div>\n<div class=\"vc_empty_space\"   style=\"height: 32px\"><span class=\"vc_empty_space_inner\"><\/span><\/div><\/div><\/div><\/div><\/div><\/div><div style=\"\" class=\"vc_row wpb_row vc_row-fluid\"><div class=\"row-inner\"><div class=\"wpb_column vc_column_container vc_col-sm-12\"><div class=\"vc_column-inner\"><div class=\"wpb_wrapper\"><div class=\"vc_empty_space\"   style=\"height: 70px\"><span class=\"vc_empty_space_inner\"><\/span><\/div><div class=\"vc_btn3-container vc_btn3-center vc_do_btn\" ><a class=\"vc_general vc_btn3 vc_btn3-size-lg vc_btn3-shape-rounded vc_btn3-style-modern vc_btn3-icon-left vc_btn3-color-inverse\" href=\"https:\/\/clusterdapizarra.com\/en\/companies-associated-with-the-galicia-slate-cluster\/\" title=\"\"><i class=\"vc_btn3-icon fa fa-solid fa-arrow-rotate-left\"><\/i> BACK<\/a><\/div><\/div><\/div><\/div><\/div><\/div>\n<\/div>","protected":false},"excerpt":{"rendered":"CUPA PIZARRAS, S.A. A Medua s\/n 32330 Carballeda de Valdeorras (Ourense) Tel 988335410 www.cupapizarras.com OTRAS EMPRESAS DEL GRUPO BACK","protected":false},"author":1,"featured_media":0,"parent":0,"menu_order":0,"comment_status":"closed","ping_status":"closed","template":"","meta":{"footnotes":""},"class_list":["post-8735","page","type-page","status-publish","hentry"],"yoast_head":"<!-- This site is optimized with the Yoast SEO plugin v27.3 - https:\/\/yoast.com\/product\/yoast-seo-wordpress\/ -->\n<title>Cupa Pizarras<\/title>\n<meta name=\"robots\" content=\"index, nofollow, max-snippet:-1, max-image-preview:large, max-video-preview:-1\" \/>\n<link rel=\"canonical\" href=\"https:\/\/clusterdapizarra.com\/en\/cupa-pizarras\/\" \/>\n<meta property=\"og:locale\" content=\"en_GB\" \/>\n<meta property=\"og:type\" content=\"article\" \/>\n<meta property=\"og:title\" content=\"Cupa Pizarras\" \/>\n<meta property=\"og:url\" content=\"https:\/\/clusterdapizarra.com\/en\/cupa-pizarras\/\" \/>\n<meta property=\"og:site_name\" content=\"Cluster da Pizarra de Galicia\" \/>\n<meta property=\"article:publisher\" content=\"https:\/\/www.facebook.com\/clusterdapizarra\" \/>\n<meta property=\"article:modified_time\" content=\"2026-02-24T20:48:14+00:00\" \/>\n<meta name=\"twitter:card\" content=\"summary_large_image\" \/>\n<meta name=\"twitter:site\" content=\"@clusterpizarra\" \/>\n<script type=\"application\/ld+json\" class=\"yoast-schema-graph\">{\"@context\":\"https:\\\/\\\/schema.org\",\"@graph\":[{\"@type\":\"WebPage\",\"@id\":\"https:\\\/\\\/clusterdapizarra.com\\\/en\\\/cupa-pizarras\\\/\",\"url\":\"https:\\\/\\\/clusterdapizarra.com\\\/en\\\/cupa-pizarras\\\/\",\"name\":\"Cupa Pizarras\",\"isPartOf\":{\"@id\":\"https:\\\/\\\/clusterdapizarra.com\\\/#website\"},\"datePublished\":\"2025-07-18T13:20:46+00:00\",\"dateModified\":\"2026-02-24T20:48:14+00:00\",\"breadcrumb\":{\"@id\":\"https:\\\/\\\/clusterdapizarra.com\\\/en\\\/cupa-pizarras\\\/#breadcrumb\"},\"inLanguage\":\"en-GB\",\"potentialAction\":[{\"@type\":\"ReadAction\",\"target\":[\"https:\\\/\\\/clusterdapizarra.com\\\/en\\\/cupa-pizarras\\\/\"]}]},{\"@type\":\"BreadcrumbList\",\"@id\":\"https:\\\/\\\/clusterdapizarra.com\\\/en\\\/cupa-pizarras\\\/#breadcrumb\",\"itemListElement\":[{\"@type\":\"ListItem\",\"position\":1,\"name\":\"Portada\",\"item\":\"https:\\\/\\\/clusterdapizarra.com\\\/en\\\/\"},{\"@type\":\"ListItem\",\"position\":2,\"name\":\"Cupa Pizarras\"}]},{\"@type\":\"WebSite\",\"@id\":\"https:\\\/\\\/clusterdapizarra.com\\\/#website\",\"url\":\"https:\\\/\\\/clusterdapizarra.com\\\/\",\"name\":\"Cl\u00faster da Pizarra de Galicia\",\"description\":\"Los objetivos del Cl\u00faster da Pizarra buscan la promoci\u00f3n de la pizarra gallega en el mercado actual, respondiendo a las nuevas necesidades del sector.\",\"publisher\":{\"@id\":\"https:\\\/\\\/clusterdapizarra.com\\\/#organization\"},\"potentialAction\":[{\"@type\":\"SearchAction\",\"target\":{\"@type\":\"EntryPoint\",\"urlTemplate\":\"https:\\\/\\\/clusterdapizarra.com\\\/?s={search_term_string}\"},\"query-input\":{\"@type\":\"PropertyValueSpecification\",\"valueRequired\":true,\"valueName\":\"search_term_string\"}}],\"inLanguage\":\"en-GB\"},{\"@type\":\"Organization\",\"@id\":\"https:\\\/\\\/clusterdapizarra.com\\\/#organization\",\"name\":\"Cl\u00faster da Pizarra de Galicia\",\"url\":\"https:\\\/\\\/clusterdapizarra.com\\\/\",\"logo\":{\"@type\":\"ImageObject\",\"inLanguage\":\"en-GB\",\"@id\":\"https:\\\/\\\/clusterdapizarra.com\\\/#\\\/schema\\\/logo\\\/image\\\/\",\"url\":\"https:\\\/\\\/clusterdapizarra.com\\\/wp-content\\\/uploads\\\/2024\\\/10\\\/logo@2x.png\",\"contentUrl\":\"https:\\\/\\\/clusterdapizarra.com\\\/wp-content\\\/uploads\\\/2024\\\/10\\\/logo@2x.png\",\"width\":430,\"height\":134,\"caption\":\"Cl\u00faster da Pizarra de Galicia\"},\"image\":{\"@id\":\"https:\\\/\\\/clusterdapizarra.com\\\/#\\\/schema\\\/logo\\\/image\\\/\"},\"sameAs\":[\"https:\\\/\\\/www.facebook.com\\\/clusterdapizarra\",\"https:\\\/\\\/x.com\\\/clusterpizarra\",\"https:\\\/\\\/www.linkedin.com\\\/company\\\/clster-de-la-pizarra-de-galicia\\\/\"]}]}<\/script>\n<!-- \/ Yoast SEO plugin. -->","yoast_head_json":{"title":"Cupa Pizarras","robots":{"index":"index","follow":"nofollow","max-snippet":"max-snippet:-1","max-image-preview":"max-image-preview:large","max-video-preview":"max-video-preview:-1"},"canonical":"https:\/\/clusterdapizarra.com\/en\/cupa-pizarras\/","og_locale":"en_GB","og_type":"article","og_title":"Cupa Pizarras","og_url":"https:\/\/clusterdapizarra.com\/en\/cupa-pizarras\/","og_site_name":"Cluster da Pizarra de Galicia","article_publisher":"https:\/\/www.facebook.com\/clusterdapizarra","article_modified_time":"2026-02-24T20:48:14+00:00","twitter_card":"summary_large_image","twitter_site":"@clusterpizarra","schema":{"@context":"https:\/\/schema.org","@graph":[{"@type":"WebPage","@id":"https:\/\/clusterdapizarra.com\/en\/cupa-pizarras\/","url":"https:\/\/clusterdapizarra.com\/en\/cupa-pizarras\/","name":"Cupa Pizarras","isPartOf":{"@id":"https:\/\/clusterdapizarra.com\/#website"},"datePublished":"2025-07-18T13:20:46+00:00","dateModified":"2026-02-24T20:48:14+00:00","breadcrumb":{"@id":"https:\/\/clusterdapizarra.com\/en\/cupa-pizarras\/#breadcrumb"},"inLanguage":"en-GB","potentialAction":[{"@type":"ReadAction","target":["https:\/\/clusterdapizarra.com\/en\/cupa-pizarras\/"]}]},{"@type":"BreadcrumbList","@id":"https:\/\/clusterdapizarra.com\/en\/cupa-pizarras\/#breadcrumb","itemListElement":[{"@type":"ListItem","position":1,"name":"Portada","item":"https:\/\/clusterdapizarra.com\/en\/"},{"@type":"ListItem","position":2,"name":"Cupa Pizarras"}]},{"@type":"WebSite","@id":"https:\/\/clusterdapizarra.com\/#website","url":"https:\/\/clusterdapizarra.com\/","name":"Cl\u00faster da Pizarra de Galicia","description":"Los objetivos del Cl\u00faster da Pizarra buscan la promoci\u00f3n de la pizarra gallega en el mercado actual, respondiendo a las nuevas necesidades del sector.","publisher":{"@id":"https:\/\/clusterdapizarra.com\/#organization"},"potentialAction":[{"@type":"SearchAction","target":{"@type":"EntryPoint","urlTemplate":"https:\/\/clusterdapizarra.com\/?s={search_term_string}"},"query-input":{"@type":"PropertyValueSpecification","valueRequired":true,"valueName":"search_term_string"}}],"inLanguage":"en-GB"},{"@type":"Organization","@id":"https:\/\/clusterdapizarra.com\/#organization","name":"Cl\u00faster da Pizarra de Galicia","url":"https:\/\/clusterdapizarra.com\/","logo":{"@type":"ImageObject","inLanguage":"en-GB","@id":"https:\/\/clusterdapizarra.com\/#\/schema\/logo\/image\/","url":"https:\/\/clusterdapizarra.com\/wp-content\/uploads\/2024\/10\/logo@2x.png","contentUrl":"https:\/\/clusterdapizarra.com\/wp-content\/uploads\/2024\/10\/logo@2x.png","width":430,"height":134,"caption":"Cl\u00faster da Pizarra de Galicia"},"image":{"@id":"https:\/\/clusterdapizarra.com\/#\/schema\/logo\/image\/"},"sameAs":["https:\/\/www.facebook.com\/clusterdapizarra","https:\/\/x.com\/clusterpizarra","https:\/\/www.linkedin.com\/company\/clster-de-la-pizarra-de-galicia\/"]}]}},"_links":{"self":[{"href":"https:\/\/clusterdapizarra.com\/en\/wp-json\/wp\/v2\/pages\/8735","targetHints":{"allow":["GET"]}}],"collection":[{"href":"https:\/\/clusterdapizarra.com\/en\/wp-json\/wp\/v2\/pages"}],"about":[{"href":"https:\/\/clusterdapizarra.com\/en\/wp-json\/wp\/v2\/types\/page"}],"author":[{"embeddable":true,"href":"https:\/\/clusterdapizarra.com\/en\/wp-json\/wp\/v2\/users\/1"}],"replies":[{"embeddable":true,"href":"https:\/\/clusterdapizarra.com\/en\/wp-json\/wp\/v2\/comments?post=8735"}],"version-history":[{"count":0,"href":"https:\/\/clusterdapizarra.com\/en\/wp-json\/wp\/v2\/pages\/8735\/revisions"}],"wp:attachment":[{"href":"https:\/\/clusterdapizarra.com\/en\/wp-json\/wp\/v2\/media?parent=8735"}],"curies":[{"name":"wp","href":"https:\/\/api.w.org\/{rel}","templated":true}]}}