{"id":6564,"date":"2025-07-17T15:52:48","date_gmt":"2025-07-17T13:52:48","guid":{"rendered":"https:\/\/clusterdapizarra.com\/tabla-de-recubrimientos\/"},"modified":"2026-02-24T21:56:35","modified_gmt":"2026-02-24T20:56:35","slug":"covering-tables","status":"publish","type":"page","link":"https:\/\/clusterdapizarra.com\/en\/covering-tables\/","title":{"rendered":"Covering Tables"},"content":{"rendered":"<div class=\"wpb-content-wrapper\"><div style=\"\" class=\"vc_row wpb_row vc_row-fluid vc_custom_1737986946417 vc_row-has-fill\"><div class=\"row-inner\"><div class=\"wpb_column vc_column_container vc_col-sm-2\"><div class=\"vc_column-inner\"><div class=\"wpb_wrapper\"><\/div><\/div><\/div><div class=\"wpb_column vc_column_container vc_col-sm-8\"><div class=\"vc_column-inner\"><div class=\"wpb_wrapper\">\n\t<div class=\"wpb_text_column wpb_content_element wpb_animate_when_almost_visible wpb_appear appear vc_custom_1771966299593 shadow\" >\n\t\t<div class=\"wpb_wrapper\">\n\t\t\t<h3 class=\"no-margin-top\" style=\"text-align: center; font-size: 2rem;\">Covering Tables<\/h3>\n\n\t\t<\/div>\n\t<\/div>\n<\/div><\/div><\/div><div class=\"wpb_column vc_column_container vc_col-sm-2\"><div class=\"vc_column-inner\"><div class=\"wpb_wrapper\"><\/div><\/div><\/div><\/div><\/div><div style=\"\" class=\"vc_row wpb_row vc_row-fluid\"><div class=\"row-inner\"><div class=\"wpb_column vc_column_container vc_col-sm-12\"><div class=\"vc_column-inner\"><div class=\"wpb_wrapper\"><div class=\"vc_empty_space\"   style=\"height: 10px\"><span class=\"vc_empty_space_inner\"><\/span><\/div><h3 style=\"text-align: left\" class=\"vc_custom_heading vc_do_custom_heading\" >Coverage Tables for Installing Slate with Hook and Nail<\/h3><div class=\"vc_empty_space\"   style=\"height: 20px\"><span class=\"vc_empty_space_inner\"><\/span><\/div>\n\t<div class=\"wpb_text_column wpb_content_element\" >\n\t\t<div class=\"wpb_wrapper\">\n\t\t\t<p>In the installation of natural slate, it is essential to ensure proper coverage to guarantee the durability and resistance of the roof against weather conditions. The table shown below provides recommended coverage values according to the roof pitch and the climatic region.<\/p>\n<p>Consult the data to choose the ideal coverage based on the characteristics of your project and to ensure a safe and efficient finish.<\/p>\n\n\t\t<\/div>\n\t<\/div>\n<div class=\"vc_empty_space\"   style=\"height: 30px\"><span class=\"vc_empty_space_inner\"><\/span><\/div><\/div><\/div><\/div><\/div><\/div><div style=\"\" class=\"vc_row wpb_row vc_row-fluid\"><div class=\"row-inner\"><div class=\"wpb_column vc_column_container vc_col-sm-6\"><div class=\"vc_column-inner\"><div class=\"wpb_wrapper\">\n\t<div class=\"wpb_text_column wpb_content_element\" >\n\t\t<div class=\"wpb_wrapper\">\n\t\t\t<p style=\"text-align: center;\"><strong>Colocaci\u00f3n con clavo<\/strong><\/p>\n\n\t\t<\/div>\n\t<\/div>\n\n\t<div  class=\"wpb_single_image wpb_content_element vc_align_left wpb_content_element\">\n\t\t\n\t\t<figure class=\"wpb_wrapper vc_figure\">\n\t\t\t<a class=\"\" data-lightbox=\"lightbox[rel-6564-2766492077]\" href=\"https:\/\/clusterdapizarra.com\/wp-content\/uploads\/2025\/04\/Tablas-recubrimiento-colocacion-clavo-1024x749.png\" target=\"_self\"><img loading=\"lazy\" decoding=\"async\" width=\"1990\" height=\"1455\" src=\"https:\/\/clusterdapizarra.com\/wp-content\/uploads\/2025\/04\/Tablas-recubrimiento-colocacion-clavo.png\" class=\"vc_single_image-img attachment-full\" alt=\"\" title=\"Tablas-recubrimiento-colocacion-clavo\" srcset=\"https:\/\/clusterdapizarra.com\/wp-content\/uploads\/2025\/04\/Tablas-recubrimiento-colocacion-clavo.png 1990w, https:\/\/clusterdapizarra.com\/wp-content\/uploads\/2025\/04\/Tablas-recubrimiento-colocacion-clavo-300x219.png 300w, https:\/\/clusterdapizarra.com\/wp-content\/uploads\/2025\/04\/Tablas-recubrimiento-colocacion-clavo-1024x749.png 1024w, https:\/\/clusterdapizarra.com\/wp-content\/uploads\/2025\/04\/Tablas-recubrimiento-colocacion-clavo-768x562.png 768w, https:\/\/clusterdapizarra.com\/wp-content\/uploads\/2025\/04\/Tablas-recubrimiento-colocacion-clavo-1536x1123.png 1536w, https:\/\/clusterdapizarra.com\/wp-content\/uploads\/2025\/04\/Tablas-recubrimiento-colocacion-clavo-16x12.png 16w\" sizes=\"auto, (max-width: 1990px) 100vw, 1990px\" \/><\/a>\n\t\t<\/figure>\n\t<\/div>\n<div class=\"vc_empty_space\"   style=\"height: 30px\"><span class=\"vc_empty_space_inner\"><\/span><\/div><\/div><\/div><\/div><div class=\"wpb_column vc_column_container vc_col-sm-6\"><div class=\"vc_column-inner\"><div class=\"wpb_wrapper\">\n\t<div class=\"wpb_text_column wpb_content_element\" >\n\t\t<div class=\"wpb_wrapper\">\n\t\t\t<p style=\"text-align: center;\"><strong>Colocaci\u00f3n con gancho<\/strong><\/p>\n\n\t\t<\/div>\n\t<\/div>\n\n\t<div  class=\"wpb_single_image wpb_content_element vc_align_left wpb_content_element\">\n\t\t\n\t\t<figure class=\"wpb_wrapper vc_figure\">\n\t\t\t<a class=\"\" data-lightbox=\"lightbox[rel-6564-3176594377]\" href=\"https:\/\/clusterdapizarra.com\/wp-content\/uploads\/2025\/04\/Tablas-recubrimiento-colocacion-gancho-1024x749.png\" target=\"_self\"><img loading=\"lazy\" decoding=\"async\" width=\"1990\" height=\"1455\" src=\"https:\/\/clusterdapizarra.com\/wp-content\/uploads\/2025\/04\/Tablas-recubrimiento-colocacion-gancho.png\" class=\"vc_single_image-img attachment-full\" alt=\"\" title=\"Tablas-recubrimiento-colocacion-gancho\" srcset=\"https:\/\/clusterdapizarra.com\/wp-content\/uploads\/2025\/04\/Tablas-recubrimiento-colocacion-gancho.png 1990w, https:\/\/clusterdapizarra.com\/wp-content\/uploads\/2025\/04\/Tablas-recubrimiento-colocacion-gancho-300x219.png 300w, https:\/\/clusterdapizarra.com\/wp-content\/uploads\/2025\/04\/Tablas-recubrimiento-colocacion-gancho-1024x749.png 1024w, https:\/\/clusterdapizarra.com\/wp-content\/uploads\/2025\/04\/Tablas-recubrimiento-colocacion-gancho-768x562.png 768w, https:\/\/clusterdapizarra.com\/wp-content\/uploads\/2025\/04\/Tablas-recubrimiento-colocacion-gancho-1536x1123.png 1536w, https:\/\/clusterdapizarra.com\/wp-content\/uploads\/2025\/04\/Tablas-recubrimiento-colocacion-gancho-16x12.png 16w\" sizes=\"auto, (max-width: 1990px) 100vw, 1990px\" \/><\/a>\n\t\t<\/figure>\n\t<\/div>\n<div class=\"vc_empty_space\"   style=\"height: 30px\"><span class=\"vc_empty_space_inner\"><\/span><\/div><\/div><\/div><\/div><\/div><\/div>\n<\/div>","protected":false},"excerpt":{"rendered":"Covering Tables Coverage Tables for Installing Slate with Hook and Nail In the installation of natural slate, it is essential to ensure proper coverage to guarantee the durability and resistance of the roof against weather conditions. The table shown below provides recommended coverage values according to the roof pitch and the climatic region. Consult the [...]","protected":false},"author":1,"featured_media":0,"parent":0,"menu_order":0,"comment_status":"closed","ping_status":"closed","template":"","meta":{"footnotes":""},"class_list":["post-6564","page","type-page","status-publish","hentry"],"yoast_head":"<!-- This site is optimized with the Yoast SEO plugin v27.5 - https:\/\/yoast.com\/product\/yoast-seo-wordpress\/ -->\n<title>Covering Tables<\/title>\n<meta name=\"robots\" content=\"index, follow, max-snippet:-1, max-image-preview:large, max-video-preview:-1\" \/>\n<link rel=\"canonical\" href=\"https:\/\/clusterdapizarra.com\/en\/covering-tables\/\" \/>\n<meta property=\"og:locale\" content=\"en_GB\" \/>\n<meta property=\"og:type\" content=\"article\" \/>\n<meta property=\"og:title\" content=\"Covering Tables\" \/>\n<meta property=\"og:url\" content=\"https:\/\/clusterdapizarra.com\/en\/covering-tables\/\" \/>\n<meta property=\"og:site_name\" content=\"Cluster da Pizarra de Galicia\" \/>\n<meta property=\"article:publisher\" content=\"https:\/\/www.facebook.com\/clusterdapizarra\" \/>\n<meta property=\"article:modified_time\" content=\"2026-02-24T20:56:35+00:00\" \/>\n<meta name=\"twitter:card\" content=\"summary_large_image\" \/>\n<meta name=\"twitter:site\" content=\"@clusterpizarra\" \/>\n<script type=\"application\/ld+json\" class=\"yoast-schema-graph\">{\"@context\":\"https:\\\/\\\/schema.org\",\"@graph\":[{\"@type\":\"WebPage\",\"@id\":\"https:\\\/\\\/clusterdapizarra.com\\\/en\\\/covering-tables\\\/\",\"url\":\"https:\\\/\\\/clusterdapizarra.com\\\/en\\\/covering-tables\\\/\",\"name\":\"Covering Tables\",\"isPartOf\":{\"@id\":\"https:\\\/\\\/clusterdapizarra.com\\\/#website\"},\"datePublished\":\"2025-07-17T13:52:48+00:00\",\"dateModified\":\"2026-02-24T20:56:35+00:00\",\"breadcrumb\":{\"@id\":\"https:\\\/\\\/clusterdapizarra.com\\\/en\\\/covering-tables\\\/#breadcrumb\"},\"inLanguage\":\"en-GB\",\"potentialAction\":[{\"@type\":\"ReadAction\",\"target\":[\"https:\\\/\\\/clusterdapizarra.com\\\/en\\\/covering-tables\\\/\"]}]},{\"@type\":\"BreadcrumbList\",\"@id\":\"https:\\\/\\\/clusterdapizarra.com\\\/en\\\/covering-tables\\\/#breadcrumb\",\"itemListElement\":[{\"@type\":\"ListItem\",\"position\":1,\"name\":\"Portada\",\"item\":\"https:\\\/\\\/clusterdapizarra.com\\\/en\\\/\"},{\"@type\":\"ListItem\",\"position\":2,\"name\":\"Covering Tables\"}]},{\"@type\":\"WebSite\",\"@id\":\"https:\\\/\\\/clusterdapizarra.com\\\/#website\",\"url\":\"https:\\\/\\\/clusterdapizarra.com\\\/\",\"name\":\"Cl\u00faster da Pizarra de Galicia\",\"description\":\"Los objetivos del Cl\u00faster da Pizarra buscan la promoci\u00f3n de la pizarra gallega en el mercado actual, respondiendo a las nuevas necesidades del sector.\",\"publisher\":{\"@id\":\"https:\\\/\\\/clusterdapizarra.com\\\/#organization\"},\"potentialAction\":[{\"@type\":\"SearchAction\",\"target\":{\"@type\":\"EntryPoint\",\"urlTemplate\":\"https:\\\/\\\/clusterdapizarra.com\\\/?s={search_term_string}\"},\"query-input\":{\"@type\":\"PropertyValueSpecification\",\"valueRequired\":true,\"valueName\":\"search_term_string\"}}],\"inLanguage\":\"en-GB\"},{\"@type\":\"Organization\",\"@id\":\"https:\\\/\\\/clusterdapizarra.com\\\/#organization\",\"name\":\"Cl\u00faster da Pizarra de Galicia\",\"url\":\"https:\\\/\\\/clusterdapizarra.com\\\/\",\"logo\":{\"@type\":\"ImageObject\",\"inLanguage\":\"en-GB\",\"@id\":\"https:\\\/\\\/clusterdapizarra.com\\\/#\\\/schema\\\/logo\\\/image\\\/\",\"url\":\"https:\\\/\\\/clusterdapizarra.com\\\/wp-content\\\/uploads\\\/2024\\\/10\\\/logo@2x.png\",\"contentUrl\":\"https:\\\/\\\/clusterdapizarra.com\\\/wp-content\\\/uploads\\\/2024\\\/10\\\/logo@2x.png\",\"width\":430,\"height\":134,\"caption\":\"Cl\u00faster da Pizarra de Galicia\"},\"image\":{\"@id\":\"https:\\\/\\\/clusterdapizarra.com\\\/#\\\/schema\\\/logo\\\/image\\\/\"},\"sameAs\":[\"https:\\\/\\\/www.facebook.com\\\/clusterdapizarra\",\"https:\\\/\\\/x.com\\\/clusterpizarra\",\"https:\\\/\\\/www.linkedin.com\\\/company\\\/clster-de-la-pizarra-de-galicia\\\/\"]}]}<\/script>\n<!-- \/ Yoast SEO plugin. -->","yoast_head_json":{"title":"Covering Tables","robots":{"index":"index","follow":"follow","max-snippet":"max-snippet:-1","max-image-preview":"max-image-preview:large","max-video-preview":"max-video-preview:-1"},"canonical":"https:\/\/clusterdapizarra.com\/en\/covering-tables\/","og_locale":"en_GB","og_type":"article","og_title":"Covering Tables","og_url":"https:\/\/clusterdapizarra.com\/en\/covering-tables\/","og_site_name":"Cluster da Pizarra de Galicia","article_publisher":"https:\/\/www.facebook.com\/clusterdapizarra","article_modified_time":"2026-02-24T20:56:35+00:00","twitter_card":"summary_large_image","twitter_site":"@clusterpizarra","schema":{"@context":"https:\/\/schema.org","@graph":[{"@type":"WebPage","@id":"https:\/\/clusterdapizarra.com\/en\/covering-tables\/","url":"https:\/\/clusterdapizarra.com\/en\/covering-tables\/","name":"Covering Tables","isPartOf":{"@id":"https:\/\/clusterdapizarra.com\/#website"},"datePublished":"2025-07-17T13:52:48+00:00","dateModified":"2026-02-24T20:56:35+00:00","breadcrumb":{"@id":"https:\/\/clusterdapizarra.com\/en\/covering-tables\/#breadcrumb"},"inLanguage":"en-GB","potentialAction":[{"@type":"ReadAction","target":["https:\/\/clusterdapizarra.com\/en\/covering-tables\/"]}]},{"@type":"BreadcrumbList","@id":"https:\/\/clusterdapizarra.com\/en\/covering-tables\/#breadcrumb","itemListElement":[{"@type":"ListItem","position":1,"name":"Portada","item":"https:\/\/clusterdapizarra.com\/en\/"},{"@type":"ListItem","position":2,"name":"Covering Tables"}]},{"@type":"WebSite","@id":"https:\/\/clusterdapizarra.com\/#website","url":"https:\/\/clusterdapizarra.com\/","name":"Cl\u00faster da Pizarra de Galicia","description":"Los objetivos del Cl\u00faster da Pizarra buscan la promoci\u00f3n de la pizarra gallega en el mercado actual, respondiendo a las nuevas necesidades del sector.","publisher":{"@id":"https:\/\/clusterdapizarra.com\/#organization"},"potentialAction":[{"@type":"SearchAction","target":{"@type":"EntryPoint","urlTemplate":"https:\/\/clusterdapizarra.com\/?s={search_term_string}"},"query-input":{"@type":"PropertyValueSpecification","valueRequired":true,"valueName":"search_term_string"}}],"inLanguage":"en-GB"},{"@type":"Organization","@id":"https:\/\/clusterdapizarra.com\/#organization","name":"Cl\u00faster da Pizarra de Galicia","url":"https:\/\/clusterdapizarra.com\/","logo":{"@type":"ImageObject","inLanguage":"en-GB","@id":"https:\/\/clusterdapizarra.com\/#\/schema\/logo\/image\/","url":"https:\/\/clusterdapizarra.com\/wp-content\/uploads\/2024\/10\/logo@2x.png","contentUrl":"https:\/\/clusterdapizarra.com\/wp-content\/uploads\/2024\/10\/logo@2x.png","width":430,"height":134,"caption":"Cl\u00faster da Pizarra de Galicia"},"image":{"@id":"https:\/\/clusterdapizarra.com\/#\/schema\/logo\/image\/"},"sameAs":["https:\/\/www.facebook.com\/clusterdapizarra","https:\/\/x.com\/clusterpizarra","https:\/\/www.linkedin.com\/company\/clster-de-la-pizarra-de-galicia\/"]}]}},"_links":{"self":[{"href":"https:\/\/clusterdapizarra.com\/en\/wp-json\/wp\/v2\/pages\/6564","targetHints":{"allow":["GET"]}}],"collection":[{"href":"https:\/\/clusterdapizarra.com\/en\/wp-json\/wp\/v2\/pages"}],"about":[{"href":"https:\/\/clusterdapizarra.com\/en\/wp-json\/wp\/v2\/types\/page"}],"author":[{"embeddable":true,"href":"https:\/\/clusterdapizarra.com\/en\/wp-json\/wp\/v2\/users\/1"}],"replies":[{"embeddable":true,"href":"https:\/\/clusterdapizarra.com\/en\/wp-json\/wp\/v2\/comments?post=6564"}],"version-history":[{"count":0,"href":"https:\/\/clusterdapizarra.com\/en\/wp-json\/wp\/v2\/pages\/6564\/revisions"}],"wp:attachment":[{"href":"https:\/\/clusterdapizarra.com\/en\/wp-json\/wp\/v2\/media?parent=6564"}],"curies":[{"name":"wp","href":"https:\/\/api.w.org\/{rel}","templated":true}]}}