{"id":6529,"date":"2026-03-01T12:19:17","date_gmt":"2026-03-01T11:19:17","guid":{"rendered":"https:\/\/clusterdapizarra.com\/medioambiente-y-sostenibilidad\/"},"modified":"2026-03-02T20:41:11","modified_gmt":"2026-03-02T19:41:11","slug":"environment","status":"publish","type":"page","link":"https:\/\/clusterdapizarra.com\/en\/environment\/","title":{"rendered":"Environment"},"content":{"rendered":"<div class=\"wpb-content-wrapper\"><div style=\"\" class=\"vc_row wpb_row vc_row-fluid vc_custom_1746774824490 vc_row-has-fill\"><div class=\"row-inner\"><div class=\"wpb_column vc_column_container vc_col-sm-2\"><div class=\"vc_column-inner\"><div class=\"wpb_wrapper\"><\/div><\/div><\/div><div class=\"wpb_column vc_column_container vc_col-sm-8\"><div class=\"vc_column-inner\"><div class=\"wpb_wrapper\">\n\t<div class=\"wpb_text_column wpb_content_element wpb_animate_when_almost_visible wpb_appear appear vc_custom_1771962644305 shadow\" >\n\t\t<div class=\"wpb_wrapper\">\n\t\t\t<h3 class=\"no-margin-top\" style=\"text-align: center; font-size: 2rem;\">Environment<\/h3>\n\n\t\t<\/div>\n\t<\/div>\n<\/div><\/div><\/div><div class=\"wpb_column vc_column_container vc_col-sm-2\"><div class=\"vc_column-inner\"><div class=\"wpb_wrapper\"><\/div><\/div><\/div><\/div><\/div><div style=\"\" class=\"vc_row wpb_row vc_row-fluid\"><div class=\"row-inner\"><div class=\"wpb_column vc_column_container vc_col-sm-12\"><div class=\"vc_column-inner\"><div class=\"wpb_wrapper\">\n\t<div class=\"wpb_text_column wpb_content_element\" >\n\t\t<div class=\"wpb_wrapper\">\n\t\t\t<p>The construction industry is a major contributor to greenhouse gas emissions. One way to help reduce these emissions is by selecting material with a lower overall contribution to emission and environmental impact.<\/p>\n<p>In order to select rooting materials with the least environmental impact, several factors must be considered:<\/p>\n<p><strong>\u2013 Energy consumption<\/strong>, that is, the energy required to extract, process, transport the material, and manage waste production.<\/p>\n<p><strong>\u2013 Material durability<\/strong>: the cost and environmental impact should be measured over the product\u00b4s lifespan; the greater the durability, the lower the impact.<\/p>\n<p><strong>\u2013 Recycling or regeneration potential<\/strong>: it is also necessary to consider the ability to reuse the material once the original roof\u00b4s lifespan has ended.<\/p>\n\n\t\t<\/div>\n\t<\/div>\n<div class=\"vc_empty_space\"   style=\"height: 30px\"><span class=\"vc_empty_space_inner\"><\/span><\/div><\/div><\/div><\/div><\/div><\/div><div style=\"\" class=\"vc_row wpb_row vc_row-fluid\"><div class=\"row-inner\"><div class=\"wpb_column vc_column_container vc_col-sm-12\"><div class=\"vc_column-inner\"><div class=\"wpb_wrapper\">\n\t<div class=\"wpb_text_column wpb_content_element\" >\n\t\t<div class=\"wpb_wrapper\">\n\t\t\t<h2><strong>Environmental Restoration<\/strong><\/h2>\n\n\t\t<\/div>\n\t<\/div>\n<div class=\"vc_empty_space\"   style=\"height: 30px\"><span class=\"vc_empty_space_inner\"><\/span><\/div><\/div><\/div><\/div><\/div><\/div><div style=\"\" class=\"vc_row wpb_row vc_row-fluid\"><div class=\"row-inner\"><div class=\"wpb_column vc_column_container vc_col-sm-6\"><div class=\"vc_column-inner\"><div class=\"wpb_wrapper\"><div class=\"iconbox hover  vc_custom_1772480466616\">\n\t<div class=\"box-header\">\n\t\t<div class=\"box-icon\"><i class=\"fa fa-solid fa-arrow-right-from-bracket\"><\/i><\/div>\n\t\t<h5 class=\"box-title\">Environmental Product Declaration Sheet<\/h5>\n\t<\/div>\n\t<div class=\"box-content\">\n\t\t<div class=\"box-detail\">\n\t\t\t\n\t\t\t\n\t\t<p class=\"box-readmore\">\n\t\t\t<a href=\"https:\/\/clusterdapizarra.com\/DAPcons_c-004-105.pdf\">See more.<\/a>\n\t\t<\/p>\n\t\t<\/div>\n\t<\/div>\n<\/div><\/div><\/div><\/div><div class=\"wpb_column vc_column_container vc_col-sm-6\"><div class=\"vc_column-inner\"><div class=\"wpb_wrapper\"><\/div><\/div><\/div><\/div><\/div><div style=\"\" class=\"vc_row wpb_row vc_row-fluid\"><div class=\"row-inner\"><div class=\"wpb_column vc_column_container vc_col-sm-12\"><div class=\"vc_column-inner\"><div class=\"wpb_wrapper\"><div class=\"vc_empty_space\"   style=\"height: 50px\"><span class=\"vc_empty_space_inner\"><\/span><\/div><\/div><\/div><\/div><\/div><\/div>\n<\/div>","protected":false},"excerpt":{"rendered":"Environment The construction industry is a major contributor to greenhouse gas emissions. One way to help reduce these emissions is by selecting material with a lower overall contribution to emission and environmental impact. In order to select rooting materials with the least environmental impact, several factors must be considered: \u2013 Energy consumption, that is, the [...]","protected":false},"author":1,"featured_media":0,"parent":0,"menu_order":0,"comment_status":"closed","ping_status":"closed","template":"","meta":{"footnotes":""},"class_list":["post-6529","page","type-page","status-publish","hentry"],"yoast_head":"<!-- This site is optimized with the Yoast SEO plugin v27.5 - https:\/\/yoast.com\/product\/yoast-seo-wordpress\/ -->\n<title>Sustainability and the Environment in Construction<\/title>\n<meta name=\"description\" content=\"The construction industry can reduce its environmental impact by selecting sustainable materials such as slate.\" \/>\n<meta name=\"robots\" content=\"index, follow, max-snippet:-1, max-image-preview:large, max-video-preview:-1\" \/>\n<link rel=\"canonical\" href=\"https:\/\/clusterdapizarra.com\/en\/environment\/\" \/>\n<meta property=\"og:locale\" content=\"en_GB\" \/>\n<meta property=\"og:type\" content=\"article\" \/>\n<meta property=\"og:title\" content=\"Sustainability and the Environment in Construction\" \/>\n<meta property=\"og:description\" content=\"The construction industry can reduce its environmental impact by selecting sustainable materials such as slate.\" \/>\n<meta property=\"og:url\" content=\"https:\/\/clusterdapizarra.com\/en\/environment\/\" \/>\n<meta property=\"og:site_name\" content=\"Cluster da Pizarra de Galicia\" \/>\n<meta property=\"article:publisher\" content=\"https:\/\/www.facebook.com\/clusterdapizarra\" \/>\n<meta property=\"article:modified_time\" content=\"2026-03-02T19:41:11+00:00\" \/>\n<meta name=\"twitter:card\" content=\"summary_large_image\" \/>\n<meta name=\"twitter:site\" content=\"@clusterpizarra\" \/>\n<script type=\"application\/ld+json\" class=\"yoast-schema-graph\">{\"@context\":\"https:\\\/\\\/schema.org\",\"@graph\":[{\"@type\":\"WebPage\",\"@id\":\"https:\\\/\\\/clusterdapizarra.com\\\/en\\\/environment\\\/\",\"url\":\"https:\\\/\\\/clusterdapizarra.com\\\/en\\\/environment\\\/\",\"name\":\"Sustainability and the Environment in Construction\",\"isPartOf\":{\"@id\":\"https:\\\/\\\/clusterdapizarra.com\\\/#website\"},\"datePublished\":\"2026-03-01T11:19:17+00:00\",\"dateModified\":\"2026-03-02T19:41:11+00:00\",\"description\":\"The construction industry can reduce its environmental impact by selecting sustainable materials such as slate.\",\"breadcrumb\":{\"@id\":\"https:\\\/\\\/clusterdapizarra.com\\\/en\\\/environment\\\/#breadcrumb\"},\"inLanguage\":\"en-GB\",\"potentialAction\":[{\"@type\":\"ReadAction\",\"target\":[\"https:\\\/\\\/clusterdapizarra.com\\\/en\\\/environment\\\/\"]}]},{\"@type\":\"BreadcrumbList\",\"@id\":\"https:\\\/\\\/clusterdapizarra.com\\\/en\\\/environment\\\/#breadcrumb\",\"itemListElement\":[{\"@type\":\"ListItem\",\"position\":1,\"name\":\"Portada\",\"item\":\"https:\\\/\\\/clusterdapizarra.com\\\/en\\\/\"},{\"@type\":\"ListItem\",\"position\":2,\"name\":\"Environment\"}]},{\"@type\":\"WebSite\",\"@id\":\"https:\\\/\\\/clusterdapizarra.com\\\/#website\",\"url\":\"https:\\\/\\\/clusterdapizarra.com\\\/\",\"name\":\"Cl\u00faster da Pizarra de Galicia\",\"description\":\"Los objetivos del Cl\u00faster da Pizarra buscan la promoci\u00f3n de la pizarra gallega en el mercado actual, respondiendo a las nuevas necesidades del sector.\",\"publisher\":{\"@id\":\"https:\\\/\\\/clusterdapizarra.com\\\/#organization\"},\"potentialAction\":[{\"@type\":\"SearchAction\",\"target\":{\"@type\":\"EntryPoint\",\"urlTemplate\":\"https:\\\/\\\/clusterdapizarra.com\\\/?s={search_term_string}\"},\"query-input\":{\"@type\":\"PropertyValueSpecification\",\"valueRequired\":true,\"valueName\":\"search_term_string\"}}],\"inLanguage\":\"en-GB\"},{\"@type\":\"Organization\",\"@id\":\"https:\\\/\\\/clusterdapizarra.com\\\/#organization\",\"name\":\"Cl\u00faster da Pizarra de Galicia\",\"url\":\"https:\\\/\\\/clusterdapizarra.com\\\/\",\"logo\":{\"@type\":\"ImageObject\",\"inLanguage\":\"en-GB\",\"@id\":\"https:\\\/\\\/clusterdapizarra.com\\\/#\\\/schema\\\/logo\\\/image\\\/\",\"url\":\"https:\\\/\\\/clusterdapizarra.com\\\/wp-content\\\/uploads\\\/2024\\\/10\\\/logo@2x.png\",\"contentUrl\":\"https:\\\/\\\/clusterdapizarra.com\\\/wp-content\\\/uploads\\\/2024\\\/10\\\/logo@2x.png\",\"width\":430,\"height\":134,\"caption\":\"Cl\u00faster da Pizarra de Galicia\"},\"image\":{\"@id\":\"https:\\\/\\\/clusterdapizarra.com\\\/#\\\/schema\\\/logo\\\/image\\\/\"},\"sameAs\":[\"https:\\\/\\\/www.facebook.com\\\/clusterdapizarra\",\"https:\\\/\\\/x.com\\\/clusterpizarra\",\"https:\\\/\\\/www.linkedin.com\\\/company\\\/clster-de-la-pizarra-de-galicia\\\/\"]}]}<\/script>\n<!-- \/ Yoast SEO plugin. -->","yoast_head_json":{"title":"Sustainability and the Environment in Construction","description":"The construction industry can reduce its environmental impact by selecting sustainable materials such as slate.","robots":{"index":"index","follow":"follow","max-snippet":"max-snippet:-1","max-image-preview":"max-image-preview:large","max-video-preview":"max-video-preview:-1"},"canonical":"https:\/\/clusterdapizarra.com\/en\/environment\/","og_locale":"en_GB","og_type":"article","og_title":"Sustainability and the Environment in Construction","og_description":"The construction industry can reduce its environmental impact by selecting sustainable materials such as slate.","og_url":"https:\/\/clusterdapizarra.com\/en\/environment\/","og_site_name":"Cluster da Pizarra de Galicia","article_publisher":"https:\/\/www.facebook.com\/clusterdapizarra","article_modified_time":"2026-03-02T19:41:11+00:00","twitter_card":"summary_large_image","twitter_site":"@clusterpizarra","schema":{"@context":"https:\/\/schema.org","@graph":[{"@type":"WebPage","@id":"https:\/\/clusterdapizarra.com\/en\/environment\/","url":"https:\/\/clusterdapizarra.com\/en\/environment\/","name":"Sustainability and the Environment in Construction","isPartOf":{"@id":"https:\/\/clusterdapizarra.com\/#website"},"datePublished":"2026-03-01T11:19:17+00:00","dateModified":"2026-03-02T19:41:11+00:00","description":"The construction industry can reduce its environmental impact by selecting sustainable materials such as slate.","breadcrumb":{"@id":"https:\/\/clusterdapizarra.com\/en\/environment\/#breadcrumb"},"inLanguage":"en-GB","potentialAction":[{"@type":"ReadAction","target":["https:\/\/clusterdapizarra.com\/en\/environment\/"]}]},{"@type":"BreadcrumbList","@id":"https:\/\/clusterdapizarra.com\/en\/environment\/#breadcrumb","itemListElement":[{"@type":"ListItem","position":1,"name":"Portada","item":"https:\/\/clusterdapizarra.com\/en\/"},{"@type":"ListItem","position":2,"name":"Environment"}]},{"@type":"WebSite","@id":"https:\/\/clusterdapizarra.com\/#website","url":"https:\/\/clusterdapizarra.com\/","name":"Cl\u00faster da Pizarra de Galicia","description":"Los objetivos del Cl\u00faster da Pizarra buscan la promoci\u00f3n de la pizarra gallega en el mercado actual, respondiendo a las nuevas necesidades del sector.","publisher":{"@id":"https:\/\/clusterdapizarra.com\/#organization"},"potentialAction":[{"@type":"SearchAction","target":{"@type":"EntryPoint","urlTemplate":"https:\/\/clusterdapizarra.com\/?s={search_term_string}"},"query-input":{"@type":"PropertyValueSpecification","valueRequired":true,"valueName":"search_term_string"}}],"inLanguage":"en-GB"},{"@type":"Organization","@id":"https:\/\/clusterdapizarra.com\/#organization","name":"Cl\u00faster da Pizarra de Galicia","url":"https:\/\/clusterdapizarra.com\/","logo":{"@type":"ImageObject","inLanguage":"en-GB","@id":"https:\/\/clusterdapizarra.com\/#\/schema\/logo\/image\/","url":"https:\/\/clusterdapizarra.com\/wp-content\/uploads\/2024\/10\/logo@2x.png","contentUrl":"https:\/\/clusterdapizarra.com\/wp-content\/uploads\/2024\/10\/logo@2x.png","width":430,"height":134,"caption":"Cl\u00faster da Pizarra de Galicia"},"image":{"@id":"https:\/\/clusterdapizarra.com\/#\/schema\/logo\/image\/"},"sameAs":["https:\/\/www.facebook.com\/clusterdapizarra","https:\/\/x.com\/clusterpizarra","https:\/\/www.linkedin.com\/company\/clster-de-la-pizarra-de-galicia\/"]}]}},"_links":{"self":[{"href":"https:\/\/clusterdapizarra.com\/en\/wp-json\/wp\/v2\/pages\/6529","targetHints":{"allow":["GET"]}}],"collection":[{"href":"https:\/\/clusterdapizarra.com\/en\/wp-json\/wp\/v2\/pages"}],"about":[{"href":"https:\/\/clusterdapizarra.com\/en\/wp-json\/wp\/v2\/types\/page"}],"author":[{"embeddable":true,"href":"https:\/\/clusterdapizarra.com\/en\/wp-json\/wp\/v2\/users\/1"}],"replies":[{"embeddable":true,"href":"https:\/\/clusterdapizarra.com\/en\/wp-json\/wp\/v2\/comments?post=6529"}],"version-history":[{"count":0,"href":"https:\/\/clusterdapizarra.com\/en\/wp-json\/wp\/v2\/pages\/6529\/revisions"}],"wp:attachment":[{"href":"https:\/\/clusterdapizarra.com\/en\/wp-json\/wp\/v2\/media?parent=6529"}],"curies":[{"name":"wp","href":"https:\/\/api.w.org\/{rel}","templated":true}]}}