{"id":3530,"date":"2024-10-24T10:32:56","date_gmt":"2024-10-24T08:32:56","guid":{"rendered":"https:\/\/clusterdapizarra.com\/?page_id=3530"},"modified":"2025-07-16T12:50:09","modified_gmt":"2025-07-16T10:50:09","slug":"accesibilidad-web","status":"publish","type":"page","link":"https:\/\/clusterdapizarra.com\/en\/accesibilidad-web\/","title":{"rendered":"Accesibilidad web"},"content":{"rendered":"<div class=\"wpb-content-wrapper\"><div style=\"\" class=\"vc_row wpb_row vc_row-fluid\"><div class=\"row-inner\"><div class=\"wpb_column vc_column_container vc_col-sm-12\"><div class=\"vc_column-inner\"><div class=\"wpb_wrapper\">\n\t<div class=\"wpb_text_column wpb_content_element\" >\n\t\t<div class=\"wpb_wrapper\">\n\t\t\t<p><strong>Declaraci\u00f3n de accesibilidad: Cl\u00faster da Pizarra de Galicia<\/strong><\/p>\n<h2>Estado de cumplimiento<\/h2>\n<p>Creemos firmemente que Internet debe estar disponible y ser accesible para cualquier persona, y estamos comprometidos a proporcionar un sitio web que sea accesible para la mayor audiencia posible, independientemente de las circunstancias y las capacidades.<\/p>\n<p>Para cumplir con esto, nuestro objetivo es cumplir lo m\u00e1s estrictamente posible con las Pautas de Accesibilidad al Contenido Web 2.1 (WCAG 2.1) del World Wide Web Consortium (W3C) en el nivel AA. Estas pautas explican c\u00f3mo hacer que el contenido web sea accesible para personas con una amplia gama de discapacidades. Cumplir con esas pautas nos ayuda a garantizar que el sitio web sea accesible para todas las personas: personas ciegas, personas con discapacidades motoras, discapacidades visuales, discapacidades cognitivas y m\u00e1s.<\/p>\n<p>Este sitio web utiliza varias tecnolog\u00edas destinadas a hacerlo lo m\u00e1s accesible posible en todo momento. Utilizamos una interfaz de accesibilidad que permite a las personas con discapacidades espec\u00edficas ajustar la interfaz de usuario del sitio web y dise\u00f1arla seg\u00fan sus necesidades personales.<\/p>\n<p>Adem\u00e1s, el sitio web utiliza una aplicaci\u00f3n basada en IA que se ejecuta en segundo plano y optimiza su nivel de accesibilidad constantemente. Esta aplicaci\u00f3n corrige el HTML del sitio web, adapta su funcionalidad y comportamiento para los lectores de pantalla utilizados por los usuarios ciegos y para las funciones del teclado utilizadas por personas con discapacidades motoras.<\/p>\n<p>Si ha encontrado un mal funcionamiento o tiene ideas para mejorar, estaremos encantados de saber de usted. Puede comunicarse con los operadores del sitio web mediante el siguiente correo electr\u00f3nico<\/p>\n<h2>Perfiles de discapacidad admitidos en nuestro sitio web<\/h2>\n<p><strong>Modo seguro para epilepsia:<\/strong> este perfil permite a las personas con epilepsia utilizar el sitio web de forma segura al eliminar el riesgo de convulsiones que resultan de animaciones intermitentes o parpadeantes y combinaciones de colores arriesgadas.<br \/>\nModo para personas con discapacidad visual: este modo ajusta el sitio web para la comodidad de los usuarios con discapacidades visuales, como deterioro de la vista, visi\u00f3n de t\u00fanel, cataratas, glaucoma y otras.<\/p>\n<p><strong>Modo para discapacidad cognitiva:<\/strong> este modo proporciona diferentes opciones de asistencia para ayudar a los usuarios con discapacidades cognitivas, como dislexia, autismo, ACV y otras, a centrarse en los elementos esenciales del sitio web con mayor facilidad.<\/p>\n<p><strong>Modo compatible con TDAH:<\/strong> este modo ayuda a los usuarios con TDAH y trastornos del desarrollo neurol\u00f3gico a leer, navegar y centrarse en los elementos principales del sitio web con mayor facilidad, al tiempo que reduce significativamente las distracciones.<\/p>\n<p><strong>Modo para personas ciegas:<\/strong> este modo configura el sitio web para que sea compatible con lectores de pantalla como JAWS, NVDA, VoiceOver y TalkBack. Un lector de pantalla es un software para usuarios ciegos que se instala en una computadora y un tel\u00e9fono inteligente, y los sitios web deben ser compatibles con \u00e9l.<\/p>\n<p><strong>Perfil de navegaci\u00f3n con teclado (para personas con discapacidad motriz):<\/strong> este perfil permite a las personas con discapacidad motriz operar el sitio web utilizando las teclas Tab, Shift+Tab y Enter del teclado. Los usuarios tambi\u00e9n pueden usar atajos como \u201cM\u201d (men\u00fas), \u201cH\u201d (encabezados), \u201cF\u201d (formularios), \u201cB\u201d (botones) y \u201cG\u201d (gr\u00e1ficos) para saltar a elementos espec\u00edficos.<\/p>\n<h2>Ajustes adicionales de la interfaz de usuario, el dise\u00f1o y la legibilidad<\/h2>\n<p><strong>Ajustes de fuente:<\/strong> los usuarios pueden aumentar y disminuir su tama\u00f1o, cambiar su familia (tipo), ajustar el espaciado, la alineaci\u00f3n, la altura de l\u00ednea y m\u00e1s.<br \/>\n<strong>Ajustes de color:<\/strong> los usuarios pueden seleccionar varios perfiles de contraste de color, como claro, oscuro, invertido y monocrom\u00e1tico. Adem\u00e1s, los usuarios pueden intercambiar esquemas de color de t\u00edtulos, textos y fondos, con m\u00e1s de 7 opciones de color diferentes.<br \/>\n<strong>Animaciones:<\/strong> los usuarios epil\u00e9pticos pueden detener todas las animaciones en ejecuci\u00f3n con solo hacer clic en un bot\u00f3n. Las animaciones controladas por la interfaz incluyen videos, GIF y transiciones intermitentes CSS.<br \/>\n<strong>Resaltado de contenido:<\/strong> los usuarios pueden elegir enfatizar elementos importantes, como enlaces y t\u00edtulos. Tambi\u00e9n pueden elegir resaltar solo los elementos enfocados o sobre los que se pasa el mouse.<br \/>\n<strong>Silenciamiento de audio:<\/strong> los usuarios con dispositivos auditivos pueden experimentar dolores de cabeza u otros problemas debido a la reproducci\u00f3n autom\u00e1tica de audio. Esta opci\u00f3n permite a los usuarios silenciar todo el sitio web al instante.<br \/>\n<strong>Trastornos cognitivos:<\/strong> utilizamos un motor de b\u00fasqueda vinculado a Wikipedia y Wikcionario, lo que permite a las personas con trastornos cognitivos descifrar significados de frases, iniciales, jerga y otros.<br \/>\n<strong>Funciones adicionales:<\/strong> brindamos a los usuarios la opci\u00f3n de cambiar el color y el tama\u00f1o del cursor, usar un modo de impresi\u00f3n, habilitar un teclado virtual y muchas otras funciones.<\/p>\n<h2>Compatibilidad con navegadores y tecnolog\u00eda de asistencia<\/h2>\n<p>Nuestro objetivo es admitir la mayor variedad posible de navegadores y tecnolog\u00edas de asistencia, para que nuestros usuarios puedan elegir las herramientas que mejor se adapten a ellos, con la menor cantidad de limitaciones posible. Por ello, hemos trabajado muy duro para poder dar soporte a todos los sistemas principales que comprenden m\u00e1s del 95% de la cuota de mercado de usuarios, incluidos Google Chrome, Mozilla Firefox, Apple Safari, Opera y Microsoft Edge, JAWS y NVDA (lectores de pantalla), tanto para usuarios de Windows como de MAC.<\/p>\n<h2>Notas, comentarios y opiniones<\/h2>\n<p>A pesar de nuestros m\u00e1ximos esfuerzos para permitir que cualquier persona ajuste el sitio web a sus necesidades, a\u00fan puede haber p\u00e1ginas o secciones que no sean totalmente accesibles, que est\u00e9n en proceso de ser accesibles o que carezcan de una soluci\u00f3n tecnol\u00f3gica adecuada para hacerlas accesibles. Aun as\u00ed, estamos mejorando continuamente nuestra accesibilidad, a\u00f1adiendo, actualizando y mejorando sus opciones y caracter\u00edsticas, y desarrollando y adoptando nuevas tecnolog\u00edas. Todo esto tiene como objetivo alcanzar el nivel \u00f3ptimo de accesibilidad, siguiendo los avances tecnol\u00f3gicos. Para cualquier consulta, p\u00f3ngase en contacto con el <a href=\"https:\/\/clusterdapizarra.com\/en\/contactar\/\">Cl\u00faster da Pizarra de Galicia<\/a><\/p>\n\n\t\t<\/div>\n\t<\/div>\n<\/div><\/div><\/div><\/div><\/div><div style=\"\" class=\"vc_row wpb_row vc_row-fluid\"><div class=\"row-inner\"><div class=\"wpb_column vc_column_container vc_col-sm-12\"><div class=\"vc_column-inner\"><div class=\"wpb_wrapper\"><div class=\"vc_empty_space\"   style=\"height: 92px\"><span class=\"vc_empty_space_inner\"><\/span><\/div><\/div><\/div><\/div><\/div><\/div>\n<\/div>","protected":false},"excerpt":{"rendered":"Declaraci\u00f3n de accesibilidad: Cl\u00faster da Pizarra de Galicia Estado de cumplimiento Creemos firmemente que Internet debe estar disponible y ser accesible para cualquier persona, y estamos comprometidos a proporcionar un sitio web que sea accesible para la mayor audiencia posible, independientemente de las circunstancias y las capacidades. Para cumplir con esto, nuestro objetivo es cumplir [...]","protected":false},"author":1,"featured_media":0,"parent":0,"menu_order":0,"comment_status":"closed","ping_status":"closed","template":"","meta":{"footnotes":""},"class_list":["post-3530","page","type-page","status-publish","hentry"],"yoast_head":"<!-- This site is optimized with the Yoast SEO plugin v27.5 - https:\/\/yoast.com\/product\/yoast-seo-wordpress\/ -->\n<title>Accesibilidad web<\/title>\n<meta name=\"robots\" content=\"noindex, follow\" \/>\n<meta property=\"og:locale\" content=\"en_GB\" \/>\n<meta property=\"og:type\" content=\"article\" \/>\n<meta property=\"og:title\" content=\"Accesibilidad web\" \/>\n<meta property=\"og:url\" content=\"https:\/\/clusterdapizarra.com\/en\/accesibilidad-web\/\" \/>\n<meta property=\"og:site_name\" content=\"Cluster da Pizarra de Galicia\" \/>\n<meta property=\"article:publisher\" content=\"https:\/\/www.facebook.com\/clusterdapizarra\" \/>\n<meta property=\"article:modified_time\" content=\"2025-07-16T10:50:09+00:00\" \/>\n<meta name=\"twitter:card\" content=\"summary_large_image\" \/>\n<meta name=\"twitter:site\" content=\"@clusterpizarra\" \/>\n<script type=\"application\/ld+json\" class=\"yoast-schema-graph\">{\"@context\":\"https:\\\/\\\/schema.org\",\"@graph\":[{\"@type\":\"WebPage\",\"@id\":\"https:\\\/\\\/clusterdapizarra.com\\\/accesibilidad-web\\\/\",\"url\":\"https:\\\/\\\/clusterdapizarra.com\\\/accesibilidad-web\\\/\",\"name\":\"Accesibilidad web\",\"isPartOf\":{\"@id\":\"https:\\\/\\\/clusterdapizarra.com\\\/#website\"},\"datePublished\":\"2024-10-24T08:32:56+00:00\",\"dateModified\":\"2025-07-16T10:50:09+00:00\",\"breadcrumb\":{\"@id\":\"https:\\\/\\\/clusterdapizarra.com\\\/accesibilidad-web\\\/#breadcrumb\"},\"inLanguage\":\"en-GB\",\"potentialAction\":[{\"@type\":\"ReadAction\",\"target\":[\"https:\\\/\\\/clusterdapizarra.com\\\/accesibilidad-web\\\/\"]}]},{\"@type\":\"BreadcrumbList\",\"@id\":\"https:\\\/\\\/clusterdapizarra.com\\\/accesibilidad-web\\\/#breadcrumb\",\"itemListElement\":[{\"@type\":\"ListItem\",\"position\":1,\"name\":\"Portada\",\"item\":\"https:\\\/\\\/clusterdapizarra.com\\\/en\\\/\"},{\"@type\":\"ListItem\",\"position\":2,\"name\":\"Accesibilidad web\"}]},{\"@type\":\"WebSite\",\"@id\":\"https:\\\/\\\/clusterdapizarra.com\\\/#website\",\"url\":\"https:\\\/\\\/clusterdapizarra.com\\\/\",\"name\":\"Cl\u00faster da Pizarra de Galicia\",\"description\":\"Los objetivos del Cl\u00faster da Pizarra buscan la promoci\u00f3n de la pizarra gallega en el mercado actual, respondiendo a las nuevas necesidades del sector.\",\"publisher\":{\"@id\":\"https:\\\/\\\/clusterdapizarra.com\\\/#organization\"},\"potentialAction\":[{\"@type\":\"SearchAction\",\"target\":{\"@type\":\"EntryPoint\",\"urlTemplate\":\"https:\\\/\\\/clusterdapizarra.com\\\/?s={search_term_string}\"},\"query-input\":{\"@type\":\"PropertyValueSpecification\",\"valueRequired\":true,\"valueName\":\"search_term_string\"}}],\"inLanguage\":\"en-GB\"},{\"@type\":\"Organization\",\"@id\":\"https:\\\/\\\/clusterdapizarra.com\\\/#organization\",\"name\":\"Cl\u00faster da Pizarra de Galicia\",\"url\":\"https:\\\/\\\/clusterdapizarra.com\\\/\",\"logo\":{\"@type\":\"ImageObject\",\"inLanguage\":\"en-GB\",\"@id\":\"https:\\\/\\\/clusterdapizarra.com\\\/#\\\/schema\\\/logo\\\/image\\\/\",\"url\":\"https:\\\/\\\/clusterdapizarra.com\\\/wp-content\\\/uploads\\\/2024\\\/10\\\/logo@2x.png\",\"contentUrl\":\"https:\\\/\\\/clusterdapizarra.com\\\/wp-content\\\/uploads\\\/2024\\\/10\\\/logo@2x.png\",\"width\":430,\"height\":134,\"caption\":\"Cl\u00faster da Pizarra de Galicia\"},\"image\":{\"@id\":\"https:\\\/\\\/clusterdapizarra.com\\\/#\\\/schema\\\/logo\\\/image\\\/\"},\"sameAs\":[\"https:\\\/\\\/www.facebook.com\\\/clusterdapizarra\",\"https:\\\/\\\/x.com\\\/clusterpizarra\",\"https:\\\/\\\/www.linkedin.com\\\/company\\\/clster-de-la-pizarra-de-galicia\\\/\"]}]}<\/script>\n<!-- \/ Yoast SEO plugin. -->","yoast_head_json":{"title":"Accesibilidad web","robots":{"index":"noindex","follow":"follow"},"og_locale":"en_GB","og_type":"article","og_title":"Accesibilidad web","og_url":"https:\/\/clusterdapizarra.com\/en\/accesibilidad-web\/","og_site_name":"Cluster da Pizarra de Galicia","article_publisher":"https:\/\/www.facebook.com\/clusterdapizarra","article_modified_time":"2025-07-16T10:50:09+00:00","twitter_card":"summary_large_image","twitter_site":"@clusterpizarra","schema":{"@context":"https:\/\/schema.org","@graph":[{"@type":"WebPage","@id":"https:\/\/clusterdapizarra.com\/accesibilidad-web\/","url":"https:\/\/clusterdapizarra.com\/accesibilidad-web\/","name":"Accesibilidad web","isPartOf":{"@id":"https:\/\/clusterdapizarra.com\/#website"},"datePublished":"2024-10-24T08:32:56+00:00","dateModified":"2025-07-16T10:50:09+00:00","breadcrumb":{"@id":"https:\/\/clusterdapizarra.com\/accesibilidad-web\/#breadcrumb"},"inLanguage":"en-GB","potentialAction":[{"@type":"ReadAction","target":["https:\/\/clusterdapizarra.com\/accesibilidad-web\/"]}]},{"@type":"BreadcrumbList","@id":"https:\/\/clusterdapizarra.com\/accesibilidad-web\/#breadcrumb","itemListElement":[{"@type":"ListItem","position":1,"name":"Portada","item":"https:\/\/clusterdapizarra.com\/en\/"},{"@type":"ListItem","position":2,"name":"Accesibilidad web"}]},{"@type":"WebSite","@id":"https:\/\/clusterdapizarra.com\/#website","url":"https:\/\/clusterdapizarra.com\/","name":"Cl\u00faster da Pizarra de Galicia","description":"Los objetivos del Cl\u00faster da Pizarra buscan la promoci\u00f3n de la pizarra gallega en el mercado actual, respondiendo a las nuevas necesidades del sector.","publisher":{"@id":"https:\/\/clusterdapizarra.com\/#organization"},"potentialAction":[{"@type":"SearchAction","target":{"@type":"EntryPoint","urlTemplate":"https:\/\/clusterdapizarra.com\/?s={search_term_string}"},"query-input":{"@type":"PropertyValueSpecification","valueRequired":true,"valueName":"search_term_string"}}],"inLanguage":"en-GB"},{"@type":"Organization","@id":"https:\/\/clusterdapizarra.com\/#organization","name":"Cl\u00faster da Pizarra de Galicia","url":"https:\/\/clusterdapizarra.com\/","logo":{"@type":"ImageObject","inLanguage":"en-GB","@id":"https:\/\/clusterdapizarra.com\/#\/schema\/logo\/image\/","url":"https:\/\/clusterdapizarra.com\/wp-content\/uploads\/2024\/10\/logo@2x.png","contentUrl":"https:\/\/clusterdapizarra.com\/wp-content\/uploads\/2024\/10\/logo@2x.png","width":430,"height":134,"caption":"Cl\u00faster da Pizarra de Galicia"},"image":{"@id":"https:\/\/clusterdapizarra.com\/#\/schema\/logo\/image\/"},"sameAs":["https:\/\/www.facebook.com\/clusterdapizarra","https:\/\/x.com\/clusterpizarra","https:\/\/www.linkedin.com\/company\/clster-de-la-pizarra-de-galicia\/"]}]}},"_links":{"self":[{"href":"https:\/\/clusterdapizarra.com\/en\/wp-json\/wp\/v2\/pages\/3530","targetHints":{"allow":["GET"]}}],"collection":[{"href":"https:\/\/clusterdapizarra.com\/en\/wp-json\/wp\/v2\/pages"}],"about":[{"href":"https:\/\/clusterdapizarra.com\/en\/wp-json\/wp\/v2\/types\/page"}],"author":[{"embeddable":true,"href":"https:\/\/clusterdapizarra.com\/en\/wp-json\/wp\/v2\/users\/1"}],"replies":[{"embeddable":true,"href":"https:\/\/clusterdapizarra.com\/en\/wp-json\/wp\/v2\/comments?post=3530"}],"version-history":[{"count":0,"href":"https:\/\/clusterdapizarra.com\/en\/wp-json\/wp\/v2\/pages\/3530\/revisions"}],"wp:attachment":[{"href":"https:\/\/clusterdapizarra.com\/en\/wp-json\/wp\/v2\/media?parent=3530"}],"curies":[{"name":"wp","href":"https:\/\/api.w.org\/{rel}","templated":true}]}}